{"id":513,"date":"2025-10-13T06:12:20","date_gmt":"2025-10-13T06:12:20","guid":{"rendered":"https:\/\/www.youmushiguang.com\/?post_type=product&#038;p=513"},"modified":"2026-04-09T05:27:27","modified_gmt":"2026-04-09T05:27:27","slug":"wholesale-modern-style-cafe-furniture","status":"publish","type":"product","link":"https:\/\/www.youmushiguang.com\/pt\/product\/wholesale-modern-style-cafe-furniture\/","title":{"rendered":"Wholesale Modern Style Cafe Furniture \u2013 Suitable for CBD Coffee Shops or Community Cafe"},"content":{"rendered":"<div class=\"wp-block-columns is-layout-flex wp-container-core-columns-is-layout-9d6595d7 wp-block-columns-is-layout-flex\">\n<div class=\"wp-block-column is-layout-flow wp-block-column-is-layout-flow\" style=\"flex-basis:25%\"><\/div>\n\n\n\n<div class=\"wp-block-column is-layout-flow wp-block-column-is-layout-flow\" style=\"flex-basis:50%\">\n<figure class=\"wp-block-image size-full\"><img decoding=\"async\" width=\"750\" height=\"2288\" src=\"https:\/\/www.youmushiguang.com\/wp-content\/uploads\/2025\/10\/cafe-furniture-details-1.webp\" alt=\"pormenores de mobili\u00e1rio para caf\u00e9s (1)\" class=\"wp-image-524\" srcset=\"https:\/\/www.youmushiguang.com\/wp-content\/uploads\/2025\/10\/cafe-furniture-details-1.webp 750w, https:\/\/www.youmushiguang.com\/wp-content\/uploads\/2025\/10\/cafe-furniture-details-1-98x300.webp 98w, https:\/\/www.youmushiguang.com\/wp-content\/uploads\/2025\/10\/cafe-furniture-details-1-600x1830.webp 600w\" sizes=\"(max-width: 750px) 100vw, 750px\" \/><\/figure>\n\n\n\n<figure class=\"wp-block-image size-full\"><img decoding=\"async\" width=\"750\" height=\"1291\" src=\"https:\/\/www.youmushiguang.com\/wp-content\/uploads\/2025\/10\/cafe-furniture-details-2.webp\" alt=\"\" class=\"wp-image-525\" srcset=\"https:\/\/www.youmushiguang.com\/wp-content\/uploads\/2025\/10\/cafe-furniture-details-2.webp 750w, https:\/\/www.youmushiguang.com\/wp-content\/uploads\/2025\/10\/cafe-furniture-details-2-174x300.webp 174w, https:\/\/www.youmushiguang.com\/wp-content\/uploads\/2025\/10\/cafe-furniture-details-2-600x1033.webp 600w\" sizes=\"(max-width: 750px) 100vw, 750px\" \/><\/figure>\n\n\n\n<figure class=\"wp-block-image size-full\"><img decoding=\"async\" width=\"750\" height=\"2758\" src=\"https:\/\/www.youmushiguang.com\/wp-content\/uploads\/2025\/10\/cafe-furniture-details-3.webp\" alt=\"pormenores de mobili\u00e1rio para caf\u00e9s (3)\" class=\"wp-image-526\" srcset=\"https:\/\/www.youmushiguang.com\/wp-content\/uploads\/2025\/10\/cafe-furniture-details-3.webp 750w, https:\/\/www.youmushiguang.com\/wp-content\/uploads\/2025\/10\/cafe-furniture-details-3-600x2206.webp 600w\" sizes=\"(max-width: 750px) 100vw, 750px\" \/><\/figure>\n\n\n\n<figure class=\"wp-block-image size-full\"><img decoding=\"async\" width=\"750\" height=\"1392\" src=\"https:\/\/www.youmushiguang.com\/wp-content\/uploads\/2025\/10\/cafe-furniture-details-4.webp\" alt=\"pormenores de mobili\u00e1rio para caf\u00e9s (4)\" class=\"wp-image-527\" srcset=\"https:\/\/www.youmushiguang.com\/wp-content\/uploads\/2025\/10\/cafe-furniture-details-4.webp 750w, https:\/\/www.youmushiguang.com\/wp-content\/uploads\/2025\/10\/cafe-furniture-details-4-162x300.webp 162w, https:\/\/www.youmushiguang.com\/wp-content\/uploads\/2025\/10\/cafe-furniture-details-4-600x1114.webp 600w\" sizes=\"(max-width: 750px) 100vw, 750px\" \/><\/figure>\n<\/div>\n\n\n\n<div class=\"wp-block-column is-layout-flow wp-block-column-is-layout-flow\" style=\"flex-basis:25%\"><\/div>\n<\/div>","protected":false},"excerpt":{"rendered":"<p>Wholesale modern style cafe furniture set. From busy weekday mornings to relaxed weekend afternoons, this furniture set helps you attract a diverse clientele and is suitable for CBD coffee shops, community cafes, seaside cafes, and many other types of cafes. Contact us for a quote.<\/p>\n<h2>Especifica\u00e7\u00f5es do mobili\u00e1rio para caf\u00e9s<\/h2>\n<table style=\"border-collapse: collapse; width: 624px; height: 553px;\" border=\"0\" width=\"596\" cellspacing=\"0\" cellpadding=\"0\">\n<tbody>\n<tr style=\"height: 13.50pt;\">\n<td class=\"et2\" style=\"height: 13.50pt; width: 107.25pt;\" width=\"143\" height=\"18\">Modelo<\/td>\n<td class=\"et3\" style=\"width: 339.75pt;\" width=\"453\">1023<\/td>\n<\/tr>\n<tr style=\"height: 13.50pt;\">\n<td class=\"et2\" style=\"height: 13.50pt; width: 107.25pt;\" width=\"143\" height=\"18\">Categoria<\/td>\n<td class=\"et3\" style=\"width: 339.75pt;\" width=\"453\">Caf\u00e9<\/td>\n<\/tr>\n<tr style=\"height: 41.00pt;\">\n<td class=\"et2\" style=\"height: 41.00pt; width: 107.25pt;\" width=\"143\" height=\"54\">Nome do produto<\/td>\n<td class=\"et3\" style=\"width: 339.75pt;\" width=\"453\">Caf\u00e9 \/ Loja de ch\u00e1 com leite Mesa e cadeiras<\/td>\n<\/tr>\n<tr style=\"height: 27.00pt;\">\n<td class=\"et2\" style=\"height: 27.00pt; width: 107.25pt;\" width=\"143\" height=\"36\">Op\u00e7\u00f5es de personaliza\u00e7\u00e3o<\/td>\n<td class=\"et3\" style=\"width: 339.75pt;\" width=\"453\">Estilo\/Cor\/Tamanho\/Material<\/td>\n<\/tr>\n<tr style=\"height: 74.00pt;\">\n<td class=\"et2\" style=\"height: 74.00pt; width: 107.25pt;\" width=\"143\" height=\"98\">Cabina<\/td>\n<td class=\"et3\" style=\"width: 339.75pt;\" width=\"453\">Placa multicamada de madeira maci\u00e7a com folheado de madeira + estrutura met\u00e1lica + revestimento em pele de Napa ecol\u00f3gica + espuma de alta densidade<\/td>\n<\/tr>\n<tr style=\"height: 40.50pt;\">\n<td class=\"et2\" style=\"height: 40.50pt; width: 107.25pt;\" width=\"143\" height=\"54\">Cadeira<\/td>\n<td class=\"et3\" style=\"width: 339.75pt;\" width=\"453\">Madeira maci\u00e7a est\u00e1vel + estrutura de ferro + t\u00e1bua dobrada + revestimento em pele de Napa ecol\u00f3gica + espuma de ressalto de alta densidade<\/td>\n<\/tr>\n<tr style=\"height: 27.00pt;\">\n<td class=\"et2\" style=\"height: 27.00pt; width: 107.25pt;\" width=\"143\" height=\"36\">Mesa de centro<\/td>\n<td class=\"et3\" style=\"width: 339.75pt;\" width=\"453\">T\u00e1bua multicamadas de madeira maci\u00e7a com tampo de mesa folheado a madeira + pernas de ferro com ferragens est\u00e1veis<\/td>\n<\/tr>\n<tr style=\"height: 53.00pt;\">\n<td class=\"et2\" style=\"height: 53.00pt; width: 107.25pt;\" width=\"143\" height=\"70\">Cena de aplica\u00e7\u00e3o<\/td>\n<td class=\"et3\" style=\"width: 339.75pt;\" width=\"453\">Loja de ch\u00e1 com leite \/ Loja de sobremesas \/ Loja de hamb\u00fargueres \/ Bar de livros<\/td>\n<\/tr>\n<tr style=\"height: 27.00pt;\">\n<td class=\"et2\" style=\"height: 27.00pt; width: 107.25pt;\" width=\"143\" height=\"36\">Cor<\/td>\n<td class=\"et3\" style=\"width: 339.75pt;\" width=\"453\">Madeira de nogueira clara \/ Pele laranja + bege (personaliz\u00e1vel)<\/td>\n<\/tr>\n<tr style=\"height: 46.00pt;\">\n<td class=\"et2\" style=\"height: 46.00pt; width: 107.25pt;\" width=\"143\" height=\"61\">Material<\/td>\n<td class=\"et3\" style=\"width: 339.75pt;\" width=\"453\">Contraplacado \/ Metal \/ Couro \/ Espuma<\/td>\n<\/tr>\n<tr style=\"height: 13.50pt;\">\n<td class=\"et2\" style=\"height: 13.50pt; width: 107.25pt;\" width=\"143\" height=\"18\">Estilo<\/td>\n<td class=\"et3\" style=\"width: 339.75pt;\" width=\"453\">Moderno Simples<\/td>\n<\/tr>\n<\/tbody>\n<\/table>\n<p>&nbsp;<\/p>\n<p><script src=\"chrome-extension:\/\/fpelahbljekknahkcaegamhcndkfpfnc\/iFrame.js\" type=\"text\/javascript\"><\/script><\/p>","protected":false},"featured_media":514,"comment_status":"closed","ping_status":"closed","template":"","meta":{"_acf_changed":true},"product_brand":[],"product_cat":[20],"product_tag":[],"class_list":{"0":"post-513","1":"product","2":"type-product","3":"status-publish","4":"has-post-thumbnail","6":"product_cat-wholesale-cafe-furniture","8":"first","9":"instock","10":"shipping-taxable","11":"product-type-simple"},"acf":[],"_links":{"self":[{"href":"https:\/\/www.youmushiguang.com\/pt\/wp-json\/wp\/v2\/product\/513","targetHints":{"allow":["GET"]}}],"collection":[{"href":"https:\/\/www.youmushiguang.com\/pt\/wp-json\/wp\/v2\/product"}],"about":[{"href":"https:\/\/www.youmushiguang.com\/pt\/wp-json\/wp\/v2\/types\/product"}],"replies":[{"embeddable":true,"href":"https:\/\/www.youmushiguang.com\/pt\/wp-json\/wp\/v2\/comments?post=513"}],"wp:featuredmedia":[{"embeddable":true,"href":"https:\/\/www.youmushiguang.com\/pt\/wp-json\/wp\/v2\/media\/514"}],"wp:attachment":[{"href":"https:\/\/www.youmushiguang.com\/pt\/wp-json\/wp\/v2\/media?parent=513"}],"wp:term":[{"taxonomy":"product_brand","embeddable":true,"href":"https:\/\/www.youmushiguang.com\/pt\/wp-json\/wp\/v2\/product_brand?post=513"},{"taxonomy":"product_cat","embeddable":true,"href":"https:\/\/www.youmushiguang.com\/pt\/wp-json\/wp\/v2\/product_cat?post=513"},{"taxonomy":"product_tag","embeddable":true,"href":"https:\/\/www.youmushiguang.com\/pt\/wp-json\/wp\/v2\/product_tag?post=513"}],"curies":[{"name":"wp","href":"https:\/\/api.w.org\/{rel}","templated":true}]}}