{"id":5290,"date":"2026-03-03T01:22:24","date_gmt":"2026-03-03T01:22:24","guid":{"rendered":"https:\/\/www.youmushiguang.com\/?post_type=product&#038;p=5290"},"modified":"2026-03-03T01:26:35","modified_gmt":"2026-03-03T01:26:35","slug":"wholesale-banquet-hall-furniture-set","status":"publish","type":"product","link":"https:\/\/www.youmushiguang.com\/pt\/product\/wholesale-banquet-hall-furniture-set\/","title":{"rendered":"Banquet Hall Furniture, Private Room Round Dining Table Set Supply \u2013Factory Direct Supply and Wholesale Prices"},"content":{"rendered":"<div class=\"wp-block-columns is-layout-flex wp-container-core-columns-is-layout-9d6595d7 wp-block-columns-is-layout-flex\">\n<div class=\"wp-block-column is-layout-flow wp-block-column-is-layout-flow\" style=\"flex-basis:25%\"><\/div>\n\n\n\n<div class=\"wp-block-column is-layout-flow wp-block-column-is-layout-flow\" style=\"flex-basis:50%\">\n<figure class=\"wp-block-image size-full\"><img decoding=\"async\" width=\"790\" height=\"2481\" src=\"https:\/\/www.youmushiguang.com\/wp-content\/uploads\/2026\/01\/1-1.png\" alt=\"\" class=\"wp-image-5325\" srcset=\"https:\/\/www.youmushiguang.com\/wp-content\/uploads\/2026\/01\/1-1.png 790w, https:\/\/www.youmushiguang.com\/wp-content\/uploads\/2026\/01\/1-1-96x300.png 96w, https:\/\/www.youmushiguang.com\/wp-content\/uploads\/2026\/01\/1-1-768x2412.png 768w, https:\/\/www.youmushiguang.com\/wp-content\/uploads\/2026\/01\/1-1-4x12.png 4w, https:\/\/www.youmushiguang.com\/wp-content\/uploads\/2026\/01\/1-1-600x1884.png 600w\" sizes=\"(max-width: 790px) 100vw, 790px\" \/><\/figure>\n\n\n\n<figure class=\"wp-block-image size-full\"><img decoding=\"async\" width=\"790\" height=\"2581\" src=\"https:\/\/www.youmushiguang.com\/wp-content\/uploads\/2026\/01\/2.png\" alt=\"\" class=\"wp-image-5323\" srcset=\"https:\/\/www.youmushiguang.com\/wp-content\/uploads\/2026\/01\/2.png 790w, https:\/\/www.youmushiguang.com\/wp-content\/uploads\/2026\/01\/2-92x300.png 92w, https:\/\/www.youmushiguang.com\/wp-content\/uploads\/2026\/01\/2-768x2509.png 768w, https:\/\/www.youmushiguang.com\/wp-content\/uploads\/2026\/01\/2-4x12.png 4w, https:\/\/www.youmushiguang.com\/wp-content\/uploads\/2026\/01\/2-600x1960.png 600w\" sizes=\"(max-width: 790px) 100vw, 790px\" \/><\/figure>\n\n\n\n<figure class=\"wp-block-image size-full\"><img decoding=\"async\" width=\"790\" height=\"2849\" src=\"https:\/\/www.youmushiguang.com\/wp-content\/uploads\/2026\/01\/3-1.png\" alt=\"\" class=\"wp-image-5324\" srcset=\"https:\/\/www.youmushiguang.com\/wp-content\/uploads\/2026\/01\/3-1.png 790w, https:\/\/www.youmushiguang.com\/wp-content\/uploads\/2026\/01\/3-1-83x300.png 83w, https:\/\/www.youmushiguang.com\/wp-content\/uploads\/2026\/01\/3-1-768x2770.png 768w, https:\/\/www.youmushiguang.com\/wp-content\/uploads\/2026\/01\/3-1-3x12.png 3w, https:\/\/www.youmushiguang.com\/wp-content\/uploads\/2026\/01\/3-1-600x2164.png 600w\" sizes=\"(max-width: 790px) 100vw, 790px\" \/><\/figure>\n\n\n\n<figure class=\"wp-block-image size-full\"><img decoding=\"async\" width=\"790\" height=\"1975\" src=\"https:\/\/www.youmushiguang.com\/wp-content\/uploads\/2026\/01\/4.png\" alt=\"\" class=\"wp-image-5326\" srcset=\"https:\/\/www.youmushiguang.com\/wp-content\/uploads\/2026\/01\/4.png 790w, https:\/\/www.youmushiguang.com\/wp-content\/uploads\/2026\/01\/4-120x300.png 120w, https:\/\/www.youmushiguang.com\/wp-content\/uploads\/2026\/01\/4-768x1920.png 768w, https:\/\/www.youmushiguang.com\/wp-content\/uploads\/2026\/01\/4-5x12.png 5w, https:\/\/www.youmushiguang.com\/wp-content\/uploads\/2026\/01\/4-600x1500.png 600w\" sizes=\"(max-width: 790px) 100vw, 790px\" \/><\/figure>\n\n\n\n<figure class=\"wp-block-image size-full\"><img decoding=\"async\" width=\"750\" height=\"2360\" src=\"https:\/\/www.youmushiguang.com\/wp-content\/uploads\/2026\/01\/8.png\" alt=\"\" class=\"wp-image-5327\" srcset=\"https:\/\/www.youmushiguang.com\/wp-content\/uploads\/2026\/01\/8.png 750w, https:\/\/www.youmushiguang.com\/wp-content\/uploads\/2026\/01\/8-95x300.png 95w, https:\/\/www.youmushiguang.com\/wp-content\/uploads\/2026\/01\/8-4x12.png 4w, https:\/\/www.youmushiguang.com\/wp-content\/uploads\/2026\/01\/8-600x1888.png 600w\" sizes=\"(max-width: 750px) 100vw, 750px\" \/><\/figure>\n<\/div>\n\n\n\n<div class=\"wp-block-column is-layout-flow wp-block-column-is-layout-flow\" style=\"flex-basis:25%\"><\/div>\n<\/div>\n\n\n\n<p><\/p>","protected":false},"excerpt":{"rendered":"<p>Como <a href=\"https:\/\/www.youmushiguang.com\/pt\/product-category\/hotel-round-table-set\/\"><strong>hotel round table set manufacturer<\/strong><\/a>, Youmu Shiguang Furniture&#8217;s wholesale banquet hall furniture collection helps you elevate your banquet hall, wedding venue, or hotel dining space. We offer seven sizes of hotel round tables: 180cm, 200cm, 220cm, 240cm, 260cm, 280cm, and 300cm, ensuring you can find the perfect fit for any event or seating arrangement.<\/p>\n<p>This Private Room Round Dining Table Set features a refined modern Chinese style blended with contemporary elegance. The natural wood finish, clean lines, and soft neutral upholstery create a warm, sophisticated atmosphere. Ideal for private dining rooms, upscale Chinese restaurants, and hotel VIP rooms.<\/p>\n<h2>Especifica\u00e7\u00f5es do mobili\u00e1rio para salas de banquetes<\/h2>\n<table style=\"border-collapse: collapse; width: 501.02pt;\" border=\"0\" width=\"668\" cellspacing=\"0\" cellpadding=\"0\">\n<tbody>\n<tr style=\"height: 13.50pt;\">\n<td class=\"et2\" style=\"height: 13.50pt; width: 107.25pt;\" width=\"143\" height=\"18\">Modelo<\/td>\n<td class=\"et3\" style=\"width: 393.75pt;\" width=\"525\">919<\/td>\n<\/tr>\n<tr style=\"height: 13.50pt;\">\n<td class=\"et2\" style=\"height: 13.50pt; width: 107.25pt;\" width=\"143\" height=\"18\">Categoria<\/td>\n<td class=\"et3\" style=\"width: 393.75pt;\" width=\"525\">Mesa redonda el\u00e9ctrica para hotel<\/td>\n<\/tr>\n<tr style=\"height: 13.50pt;\">\n<td class=\"et2\" style=\"height: 13.50pt; width: 107.25pt;\" width=\"143\" height=\"18\">Nome do produto<\/td>\n<td class=\"et3\" style=\"width: 393.75pt;\" width=\"525\">Mesa redonda grande de madeira maci\u00e7a com lajes de pedra<\/td>\n<\/tr>\n<tr style=\"height: 27.00pt;\">\n<td class=\"et2\" style=\"height: 27.00pt; width: 107.25pt;\" width=\"143\" height=\"36\">Op\u00e7\u00f5es de personaliza\u00e7\u00e3o<\/td>\n<td class=\"et3\" style=\"width: 393.75pt;\" width=\"525\">Estilo\/Cor\/Tamanho\/Material<\/td>\n<\/tr>\n<tr style=\"height: 27.00pt;\">\n<td class=\"et2\" style=\"height: 27.00pt; width: 107.25pt;\" width=\"143\" height=\"36\">Cadeira<\/td>\n<td class=\"et3\" style=\"width: 393.75pt;\" width=\"525\">Estrutura em ferro de alta qualidade + revestimento em couro Nappa amigo do ambiente + esponja de ressalto de alta densidade<\/td>\n<\/tr>\n<tr style=\"height: 27.00pt;\">\n<td class=\"et2\" style=\"height: 27.00pt; width: 107.25pt;\" width=\"143\" height=\"36\">Tabela<\/td>\n<td class=\"et3\" style=\"width: 393.75pt;\" width=\"525\">Placa de madeira maci\u00e7a multicamada com folheado + estrutura de madeira maci\u00e7a multicamada + placa girat\u00f3ria de rocha de alta dureza<\/td>\n<\/tr>\n<tr style=\"height: 27.00pt;\">\n<td class=\"et2\" style=\"height: 27.00pt; width: 107.25pt;\" width=\"143\" height=\"36\">Cena de aplica\u00e7\u00e3o<\/td>\n<td class=\"et3\" style=\"width: 393.75pt;\" width=\"525\">Hot\u00e9is\/clubes\/moradias de luxo<\/td>\n<\/tr>\n<tr style=\"height: 13.50pt;\">\n<td class=\"et2\" style=\"height: 13.50pt; width: 107.25pt;\" width=\"143\" height=\"18\">Cor<\/td>\n<td class=\"et3\" style=\"width: 393.75pt;\" width=\"525\">Castanho\/Vinho tinto (personaliz\u00e1vel)<\/td>\n<\/tr>\n<tr style=\"height: 13.50pt;\">\n<td class=\"et2\" style=\"height: 13.50pt; width: 107.25pt;\" width=\"143\" height=\"18\">Material<\/td>\n<td class=\"et3\" style=\"width: 393.75pt;\" width=\"525\">Contraplacado\/placa de rocha\/metal\/couro\/esponja<\/td>\n<\/tr>\n<tr style=\"height: 13.50pt;\">\n<td class=\"et2\" style=\"height: 13.50pt; width: 107.25pt;\" width=\"143\" height=\"18\">Estilo<\/td>\n<td class=\"et3\" style=\"width: 393.75pt;\" width=\"525\">Novo estilo chin\u00eas<\/td>\n<\/tr>\n<\/tbody>\n<\/table>\n<p>&nbsp;<\/p>","protected":false},"featured_media":5291,"comment_status":"closed","ping_status":"closed","template":"","meta":{"_acf_changed":false},"product_brand":[],"product_cat":[22],"product_tag":[],"class_list":{"0":"post-5290","1":"product","2":"type-product","3":"status-publish","4":"has-post-thumbnail","6":"product_cat-hotel-round-table-set","8":"first","9":"instock","10":"shipping-taxable","11":"product-type-simple"},"acf":[],"_links":{"self":[{"href":"https:\/\/www.youmushiguang.com\/pt\/wp-json\/wp\/v2\/product\/5290","targetHints":{"allow":["GET"]}}],"collection":[{"href":"https:\/\/www.youmushiguang.com\/pt\/wp-json\/wp\/v2\/product"}],"about":[{"href":"https:\/\/www.youmushiguang.com\/pt\/wp-json\/wp\/v2\/types\/product"}],"replies":[{"embeddable":true,"href":"https:\/\/www.youmushiguang.com\/pt\/wp-json\/wp\/v2\/comments?post=5290"}],"wp:featuredmedia":[{"embeddable":true,"href":"https:\/\/www.youmushiguang.com\/pt\/wp-json\/wp\/v2\/media\/5291"}],"wp:attachment":[{"href":"https:\/\/www.youmushiguang.com\/pt\/wp-json\/wp\/v2\/media?parent=5290"}],"wp:term":[{"taxonomy":"product_brand","embeddable":true,"href":"https:\/\/www.youmushiguang.com\/pt\/wp-json\/wp\/v2\/product_brand?post=5290"},{"taxonomy":"product_cat","embeddable":true,"href":"https:\/\/www.youmushiguang.com\/pt\/wp-json\/wp\/v2\/product_cat?post=5290"},{"taxonomy":"product_tag","embeddable":true,"href":"https:\/\/www.youmushiguang.com\/pt\/wp-json\/wp\/v2\/product_tag?post=5290"}],"curies":[{"name":"wp","href":"https:\/\/api.w.org\/{rel}","templated":true}]}}