{"id":5335,"date":"2026-03-03T01:16:35","date_gmt":"2026-03-03T01:16:35","guid":{"rendered":"https:\/\/www.youmushiguang.com\/?post_type=product&#038;p=5335"},"modified":"2026-03-03T01:16:39","modified_gmt":"2026-03-03T01:16:39","slug":"modern-round-rotating-dining-table-set","status":"publish","type":"product","link":"https:\/\/www.youmushiguang.com\/pt\/product\/modern-round-rotating-dining-table-set\/","title":{"rendered":"Modern Round Rotating Dining Table Set For Banquet &#8211; Manufacturer Direct Supply"},"content":{"rendered":"<div class=\"wp-block-columns is-layout-flex wp-container-core-columns-is-layout-9d6595d7 wp-block-columns-is-layout-flex\">\n<div class=\"wp-block-column is-layout-flow wp-block-column-is-layout-flow\" style=\"flex-basis:25%\"><\/div>\n\n\n\n<div class=\"wp-block-column is-layout-flow wp-block-column-is-layout-flow\" style=\"flex-basis:50%\">\n<figure class=\"wp-block-image size-full\"><img decoding=\"async\" width=\"790\" height=\"2497\" src=\"https:\/\/www.youmushiguang.com\/wp-content\/uploads\/2026\/01\/1-2.png\" alt=\"\" class=\"wp-image-5374\" srcset=\"https:\/\/www.youmushiguang.com\/wp-content\/uploads\/2026\/01\/1-2.png 790w, https:\/\/www.youmushiguang.com\/wp-content\/uploads\/2026\/01\/1-2-95x300.png 95w, https:\/\/www.youmushiguang.com\/wp-content\/uploads\/2026\/01\/1-2-768x2427.png 768w, https:\/\/www.youmushiguang.com\/wp-content\/uploads\/2026\/01\/1-2-4x12.png 4w, https:\/\/www.youmushiguang.com\/wp-content\/uploads\/2026\/01\/1-2-600x1896.png 600w\" sizes=\"(max-width: 790px) 100vw, 790px\" \/><\/figure>\n\n\n\n<figure class=\"wp-block-image size-full\"><img decoding=\"async\" width=\"790\" height=\"2877\" src=\"https:\/\/www.youmushiguang.com\/wp-content\/uploads\/2026\/01\/2-1.png\" alt=\"\" class=\"wp-image-5375\" srcset=\"https:\/\/www.youmushiguang.com\/wp-content\/uploads\/2026\/01\/2-1.png 790w, https:\/\/www.youmushiguang.com\/wp-content\/uploads\/2026\/01\/2-1-82x300.png 82w, https:\/\/www.youmushiguang.com\/wp-content\/uploads\/2026\/01\/2-1-768x2797.png 768w, https:\/\/www.youmushiguang.com\/wp-content\/uploads\/2026\/01\/2-1-3x12.png 3w, https:\/\/www.youmushiguang.com\/wp-content\/uploads\/2026\/01\/2-1-600x2185.png 600w\" sizes=\"(max-width: 790px) 100vw, 790px\" \/><\/figure>\n\n\n\n<figure class=\"wp-block-image size-full\"><img decoding=\"async\" width=\"790\" height=\"1663\" src=\"https:\/\/www.youmushiguang.com\/wp-content\/uploads\/2026\/01\/3-2.png\" alt=\"\" class=\"wp-image-5376\" srcset=\"https:\/\/www.youmushiguang.com\/wp-content\/uploads\/2026\/01\/3-2.png 790w, https:\/\/www.youmushiguang.com\/wp-content\/uploads\/2026\/01\/3-2-143x300.png 143w, https:\/\/www.youmushiguang.com\/wp-content\/uploads\/2026\/01\/3-2-768x1617.png 768w, https:\/\/www.youmushiguang.com\/wp-content\/uploads\/2026\/01\/3-2-6x12.png 6w, https:\/\/www.youmushiguang.com\/wp-content\/uploads\/2026\/01\/3-2-600x1263.png 600w\" sizes=\"(max-width: 790px) 100vw, 790px\" \/><\/figure>\n\n\n\n<figure class=\"wp-block-image size-full\"><img decoding=\"async\" width=\"790\" height=\"1678\" src=\"https:\/\/www.youmushiguang.com\/wp-content\/uploads\/2026\/01\/4-3.jpg\" alt=\"\" class=\"wp-image-5377\" srcset=\"https:\/\/www.youmushiguang.com\/wp-content\/uploads\/2026\/01\/4-3.jpg 790w, https:\/\/www.youmushiguang.com\/wp-content\/uploads\/2026\/01\/4-3-141x300.jpg 141w, https:\/\/www.youmushiguang.com\/wp-content\/uploads\/2026\/01\/4-3-768x1631.jpg 768w, https:\/\/www.youmushiguang.com\/wp-content\/uploads\/2026\/01\/4-3-6x12.jpg 6w, https:\/\/www.youmushiguang.com\/wp-content\/uploads\/2026\/01\/4-3-600x1274.jpg 600w\" sizes=\"(max-width: 790px) 100vw, 790px\" \/><\/figure>\n\n\n\n<figure class=\"wp-block-image size-full\"><img decoding=\"async\" width=\"750\" height=\"2360\" src=\"https:\/\/www.youmushiguang.com\/wp-content\/uploads\/2026\/01\/8-1.png\" alt=\"\" class=\"wp-image-5378\" srcset=\"https:\/\/www.youmushiguang.com\/wp-content\/uploads\/2026\/01\/8-1.png 750w, https:\/\/www.youmushiguang.com\/wp-content\/uploads\/2026\/01\/8-1-95x300.png 95w, https:\/\/www.youmushiguang.com\/wp-content\/uploads\/2026\/01\/8-1-4x12.png 4w, https:\/\/www.youmushiguang.com\/wp-content\/uploads\/2026\/01\/8-1-600x1888.png 600w\" sizes=\"(max-width: 750px) 100vw, 750px\" \/><\/figure>\n<\/div>\n\n\n\n<div class=\"wp-block-column is-layout-flow wp-block-column-is-layout-flow\" style=\"flex-basis:25%\"><\/div>\n<\/div>","protected":false},"excerpt":{"rendered":"<p>Our wholesale dining table set helps you elevate your banquet hall, wedding venue, or hotel dining space. We offer seven sizes of hotel round tables: 180cm, 200cm, 220cm, 240cm, 260cm, 280cm, and 300cm, ensuring you can find the perfect fit for any event or seating arrangement.<\/p>\n<p>Como <a href=\"https:\/\/www.youmushiguang.com\/pt\/product-category\/hotel-round-table-set\/\" target=\"_blank\" rel=\"noopener\"><strong>manufacturer of round rotating table sets<\/strong><\/a>, Youmu Shiguang Furniture is committed to providing commercial-quality furniture at competitive prices. Contact us now!<\/p>\n<h2>Specifications of Dining Table Set For Banquet<\/h2>\n<table style=\"border-collapse: collapse; width: 501.02pt;\" border=\"0\" width=\"668\" cellspacing=\"0\" cellpadding=\"0\">\n<tbody>\n<tr style=\"height: 13.50pt;\">\n<td class=\"et2\" style=\"height: 13.50pt; width: 107.25pt;\" width=\"143\" height=\"18\">Modelo<\/td>\n<td class=\"et3\" style=\"width: 393.75pt;\" width=\"525\">924<\/td>\n<\/tr>\n<tr style=\"height: 13.50pt;\">\n<td class=\"et2\" style=\"height: 13.50pt; width: 107.25pt;\" width=\"143\" height=\"18\">Categoria<\/td>\n<td class=\"et3\" style=\"width: 393.75pt;\" width=\"525\">Mesa redonda el\u00e9ctrica para hotel<\/td>\n<\/tr>\n<tr style=\"height: 13.50pt;\">\n<td class=\"et2\" style=\"height: 13.50pt; width: 107.25pt;\" width=\"143\" height=\"18\">Nome do produto<\/td>\n<td class=\"et3\" style=\"width: 393.75pt;\" width=\"525\">Mesa redonda grande de madeira maci\u00e7a com lajes de pedra<\/td>\n<\/tr>\n<tr style=\"height: 27.00pt;\">\n<td class=\"et2\" style=\"height: 27.00pt; width: 107.25pt;\" width=\"143\" height=\"36\">Op\u00e7\u00f5es de personaliza\u00e7\u00e3o<\/td>\n<td class=\"et3\" style=\"width: 393.75pt;\" width=\"525\">Estilo\/Cor\/Tamanho\/Material<\/td>\n<\/tr>\n<tr style=\"height: 27.00pt;\">\n<td class=\"et2\" style=\"height: 27.00pt; width: 107.25pt;\" width=\"143\" height=\"36\">Cadeira<\/td>\n<td class=\"et3\" style=\"width: 393.75pt;\" width=\"525\">Estrutura em ferro de alta qualidade + revestimento em couro Nappa amigo do ambiente + esponja de ressalto de alta densidade<\/td>\n<\/tr>\n<tr style=\"height: 27.00pt;\">\n<td class=\"et2\" style=\"height: 27.00pt; width: 107.25pt;\" width=\"143\" height=\"36\">Tabela<\/td>\n<td class=\"et3\" style=\"width: 393.75pt;\" width=\"525\">Metal table legs+ high-hardness rock plate turntable<\/td>\n<\/tr>\n<tr style=\"height: 27.00pt;\">\n<td class=\"et2\" style=\"height: 27.00pt; width: 107.25pt;\" width=\"143\" height=\"36\">Cena de aplica\u00e7\u00e3o<\/td>\n<td class=\"et3\" style=\"width: 393.75pt;\" width=\"525\">Hot\u00e9is\/clubes\/moradias de luxo<\/td>\n<\/tr>\n<tr style=\"height: 13.50pt;\">\n<td class=\"et2\" style=\"height: 13.50pt; width: 107.25pt;\" width=\"143\" height=\"18\">Cor<\/td>\n<td class=\"et3\" style=\"width: 393.75pt;\" width=\"525\">Castanho\/Vinho tinto (personaliz\u00e1vel)<\/td>\n<\/tr>\n<tr style=\"height: 13.50pt;\">\n<td class=\"et2\" style=\"height: 13.50pt; width: 107.25pt;\" width=\"143\" height=\"18\">Material<\/td>\n<td class=\"et3\" style=\"width: 393.75pt;\" width=\"525\">Contraplacado\/placa de rocha\/metal\/couro\/esponja<\/td>\n<\/tr>\n<tr style=\"height: 13.50pt;\">\n<td class=\"et2\" style=\"height: 13.50pt; width: 107.25pt;\" width=\"143\" height=\"18\">Estilo<\/td>\n<td class=\"et3\" style=\"width: 393.75pt;\" width=\"525\">Novo estilo chin\u00eas<\/td>\n<\/tr>\n<\/tbody>\n<\/table>\n<p>&nbsp;<\/p>\n<p>&nbsp;<\/p>\n<p>\n<script src=\"chrome-extension:\/\/fpelahbljekknahkcaegamhcndkfpfnc\/iFrame.js\" type=\"text\/javascript\"><\/script><\/p>","protected":false},"featured_media":5345,"comment_status":"closed","ping_status":"closed","template":"","meta":{"_acf_changed":true},"product_brand":[],"product_cat":[22],"product_tag":[],"class_list":{"0":"post-5335","1":"product","2":"type-product","3":"status-publish","4":"has-post-thumbnail","6":"product_cat-hotel-round-table-set","8":"first","9":"instock","10":"shipping-taxable","11":"product-type-simple"},"acf":[],"_links":{"self":[{"href":"https:\/\/www.youmushiguang.com\/pt\/wp-json\/wp\/v2\/product\/5335","targetHints":{"allow":["GET"]}}],"collection":[{"href":"https:\/\/www.youmushiguang.com\/pt\/wp-json\/wp\/v2\/product"}],"about":[{"href":"https:\/\/www.youmushiguang.com\/pt\/wp-json\/wp\/v2\/types\/product"}],"replies":[{"embeddable":true,"href":"https:\/\/www.youmushiguang.com\/pt\/wp-json\/wp\/v2\/comments?post=5335"}],"wp:featuredmedia":[{"embeddable":true,"href":"https:\/\/www.youmushiguang.com\/pt\/wp-json\/wp\/v2\/media\/5345"}],"wp:attachment":[{"href":"https:\/\/www.youmushiguang.com\/pt\/wp-json\/wp\/v2\/media?parent=5335"}],"wp:term":[{"taxonomy":"product_brand","embeddable":true,"href":"https:\/\/www.youmushiguang.com\/pt\/wp-json\/wp\/v2\/product_brand?post=5335"},{"taxonomy":"product_cat","embeddable":true,"href":"https:\/\/www.youmushiguang.com\/pt\/wp-json\/wp\/v2\/product_cat?post=5335"},{"taxonomy":"product_tag","embeddable":true,"href":"https:\/\/www.youmushiguang.com\/pt\/wp-json\/wp\/v2\/product_tag?post=5335"}],"curies":[{"name":"wp","href":"https:\/\/api.w.org\/{rel}","templated":true}]}}