{"id":5401,"date":"2026-03-26T00:47:33","date_gmt":"2026-03-26T00:47:33","guid":{"rendered":"https:\/\/www.youmushiguang.com\/?post_type=product&#038;p=5401"},"modified":"2026-04-29T01:57:26","modified_gmt":"2026-04-29T01:57:26","slug":"bulk-furniture-for-chinese-restaurant-teahouse-and-noodle-shop","status":"publish","type":"product","link":"https:\/\/www.youmushiguang.com\/pt\/product\/bulk-furniture-for-chinese-restaurant-teahouse-and-noodle-shop\/","title":{"rendered":"Wholesale Chinese Style Restaurant Dining Table and Chair Sets \u2014 Wooden Booth Sofas Suitable for Commercial Noodle Shops, Hotels, and Restaurants"},"content":{"rendered":"<div class=\"wp-block-columns is-layout-flex wp-container-core-columns-is-layout-9d6595d7 wp-block-columns-is-layout-flex\">\n<div class=\"wp-block-column is-layout-flow wp-block-column-is-layout-flow\" style=\"flex-basis:25%\"><\/div>\n\n\n\n<div class=\"wp-block-column is-layout-flow wp-block-column-is-layout-flow\" style=\"flex-basis:50%\">\n<figure class=\"wp-block-image size-full\"><img decoding=\"async\" width=\"750\" height=\"2091\" src=\"https:\/\/www.youmushiguang.com\/wp-content\/uploads\/2026\/03\/1-20.webp\" alt=\"\" class=\"wp-image-6481\" srcset=\"https:\/\/www.youmushiguang.com\/wp-content\/uploads\/2026\/03\/1-20.webp 750w, https:\/\/www.youmushiguang.com\/wp-content\/uploads\/2026\/03\/1-20-108x300.webp 108w, https:\/\/www.youmushiguang.com\/wp-content\/uploads\/2026\/03\/1-20-4x12.webp 4w, https:\/\/www.youmushiguang.com\/wp-content\/uploads\/2026\/03\/1-20-600x1673.webp 600w\" sizes=\"(max-width: 750px) 100vw, 750px\" \/><\/figure>\n\n\n\n<figure class=\"wp-block-image size-full\"><img decoding=\"async\" width=\"750\" height=\"1931\" src=\"https:\/\/www.youmushiguang.com\/wp-content\/uploads\/2026\/03\/3-21.webp\" alt=\"\" class=\"wp-image-6482\" srcset=\"https:\/\/www.youmushiguang.com\/wp-content\/uploads\/2026\/03\/3-21.webp 750w, https:\/\/www.youmushiguang.com\/wp-content\/uploads\/2026\/03\/3-21-117x300.webp 117w, https:\/\/www.youmushiguang.com\/wp-content\/uploads\/2026\/03\/3-21-5x12.webp 5w, https:\/\/www.youmushiguang.com\/wp-content\/uploads\/2026\/03\/3-21-600x1545.webp 600w\" sizes=\"(max-width: 750px) 100vw, 750px\" \/><\/figure>\n\n\n\n<figure class=\"wp-block-image size-full\"><img decoding=\"async\" width=\"750\" height=\"2685\" src=\"https:\/\/www.youmushiguang.com\/wp-content\/uploads\/2026\/03\/4-24.webp\" alt=\"\" class=\"wp-image-6483\" srcset=\"https:\/\/www.youmushiguang.com\/wp-content\/uploads\/2026\/03\/4-24.webp 750w, https:\/\/www.youmushiguang.com\/wp-content\/uploads\/2026\/03\/4-24-84x300.webp 84w, https:\/\/www.youmushiguang.com\/wp-content\/uploads\/2026\/03\/4-24-3x12.webp 3w, https:\/\/www.youmushiguang.com\/wp-content\/uploads\/2026\/03\/4-24-600x2148.webp 600w\" sizes=\"(max-width: 750px) 100vw, 750px\" \/><\/figure>\n\n\n\n<figure class=\"wp-block-image size-full\"><img decoding=\"async\" width=\"750\" height=\"997\" src=\"https:\/\/www.youmushiguang.com\/wp-content\/uploads\/2026\/03\/5-16.webp\" alt=\"\" class=\"wp-image-6484\" srcset=\"https:\/\/www.youmushiguang.com\/wp-content\/uploads\/2026\/03\/5-16.webp 750w, https:\/\/www.youmushiguang.com\/wp-content\/uploads\/2026\/03\/5-16-226x300.webp 226w, https:\/\/www.youmushiguang.com\/wp-content\/uploads\/2026\/03\/5-16-9x12.webp 9w, https:\/\/www.youmushiguang.com\/wp-content\/uploads\/2026\/03\/5-16-600x798.webp 600w\" sizes=\"(max-width: 750px) 100vw, 750px\" \/><\/figure>\n\n\n\n<figure class=\"wp-block-image size-full\"><img decoding=\"async\" width=\"750\" height=\"869\" src=\"https:\/\/www.youmushiguang.com\/wp-content\/uploads\/2026\/03\/6-16.webp\" alt=\"\" class=\"wp-image-6485\" srcset=\"https:\/\/www.youmushiguang.com\/wp-content\/uploads\/2026\/03\/6-16.webp 750w, https:\/\/www.youmushiguang.com\/wp-content\/uploads\/2026\/03\/6-16-259x300.webp 259w, https:\/\/www.youmushiguang.com\/wp-content\/uploads\/2026\/03\/6-16-10x12.webp 10w, https:\/\/www.youmushiguang.com\/wp-content\/uploads\/2026\/03\/6-16-600x695.webp 600w\" sizes=\"(max-width: 750px) 100vw, 750px\" \/><\/figure>\n\n\n\n<figure class=\"wp-block-image size-full\"><img decoding=\"async\" width=\"750\" height=\"1773\" src=\"https:\/\/www.youmushiguang.com\/wp-content\/uploads\/2026\/03\/7-11.webp\" alt=\"\" class=\"wp-image-6486\" srcset=\"https:\/\/www.youmushiguang.com\/wp-content\/uploads\/2026\/03\/7-11.webp 750w, https:\/\/www.youmushiguang.com\/wp-content\/uploads\/2026\/03\/7-11-127x300.webp 127w, https:\/\/www.youmushiguang.com\/wp-content\/uploads\/2026\/03\/7-11-5x12.webp 5w, https:\/\/www.youmushiguang.com\/wp-content\/uploads\/2026\/03\/7-11-600x1418.webp 600w\" sizes=\"(max-width: 750px) 100vw, 750px\" \/><\/figure>\n<\/div>\n\n\n\n<div class=\"wp-block-column is-layout-flow wp-block-column-is-layout-flow\" style=\"flex-basis:25%\"><\/div>\n<\/div>","protected":false},"excerpt":{"rendered":"<p data-pm-slice=\"0 0 []\">Wholesale restaurant furniture designed for Chinese restaurants, teahouses, and noodle shops combines traditional aesthetics with practical durability. Built for high-traffic commercial use, they offer strong load-bearing performance, easy maintenance, and long-lasting reliability. Contact us for a quote.<\/p>\n<h2>Especifica\u00e7\u00f5es do mobili\u00e1rio de restaurante<\/h2>\n<table style=\"border-collapse: collapse;width: 501.02pt\" border=\"0\" width=\"668\" cellspacing=\"0\" cellpadding=\"0\">\n<tbody>\n<tr style=\"height: 13.50pt\">\n<td class=\"et2\" style=\"height: 13.50pt;width: 107.25pt\" width=\"143\" height=\"18\">Modelo<\/td>\n<td class=\"et3\" style=\"width: 393.75pt\" width=\"525\">302-1<\/td>\n<\/tr>\n<tr style=\"height: 13.50pt\">\n<td class=\"et2\" style=\"height: 13.50pt;width: 107.25pt\" width=\"143\" height=\"18\">Categoria<\/td>\n<td class=\"et3\" style=\"width: 393.75pt\" width=\"525\">Mobili\u00e1rio de restaurante<\/td>\n<\/tr>\n<tr style=\"height: 13.50pt\">\n<td class=\"et2\" style=\"height: 13.50pt;width: 107.25pt\" width=\"143\" height=\"18\">Nome do produto<\/td>\n<td class=\"et3\" style=\"width: 393.75pt\" width=\"525\">Novas mesas e cadeiras para restaurantes chineses<\/td>\n<\/tr>\n<tr style=\"height: 27.00pt\">\n<td class=\"et2\" style=\"height: 27.00pt;width: 107.25pt\" width=\"143\" height=\"36\">Op\u00e7\u00f5es de personaliza\u00e7\u00e3o<\/td>\n<td class=\"et3\" style=\"width: 393.75pt\" width=\"525\">Estilo\/Cor\/Tamanho\/Material<\/td>\n<\/tr>\n<tr style=\"height: 27.00pt\">\n<td class=\"et2\" style=\"height: 27.00pt;width: 107.25pt\" width=\"143\" height=\"36\">Cabina<\/td>\n<td class=\"et3\" style=\"width: 393.75pt\" width=\"525\">Estrutura de madeira maci\u00e7a de v\u00e1rias camadas + revestimento de couro Nappa n\u00e3o agressivo para a pele + esponja de ressalto de alta densidade<\/td>\n<\/tr>\n<tr style=\"height: 27.00pt\">\n<td class=\"et2\" style=\"height: 27.00pt;width: 107.25pt\" width=\"143\" height=\"36\">Cadeira<\/td>\n<td class=\"et3\" style=\"width: 393.75pt\" width=\"525\">estrutura em madeira maci\u00e7a + revestimento em couro Nappa n\u00e3o agressivo para a pele + esponja de ressalto de alta densidade<\/td>\n<\/tr>\n<tr style=\"height: 27.00pt\">\n<td class=\"et2\" style=\"height: 27.00pt;width: 107.25pt\" width=\"143\" height=\"36\">Tabela<\/td>\n<td class=\"et3\" style=\"width: 393.75pt\" width=\"525\">Tampo de mesa em contraplacado com v\u00e1rias camadas + p\u00e9s de mesa com ferragens de alta qualidade<\/td>\n<\/tr>\n<tr style=\"height: 27.00pt\">\n<td class=\"et2\" style=\"height: 27.00pt;width: 107.25pt\" width=\"143\" height=\"36\">Cena de aplica\u00e7\u00e3o<\/td>\n<td class=\"et3\" style=\"width: 393.75pt\" width=\"525\">restaurante\/restaurante tem\u00e1tico\/restaurante de ch\u00e1\/restaurante Hunan<\/td>\n<\/tr>\n<tr style=\"height: 13.50pt\">\n<td class=\"et2\" style=\"height: 13.50pt;width: 107.25pt\" width=\"143\" height=\"18\">Cor<\/td>\n<td class=\"et3\" style=\"width: 393.75pt\" width=\"525\">Nogueira\/verde (personaliz\u00e1vel)<\/td>\n<\/tr>\n<tr style=\"height: 13.50pt\">\n<td class=\"et2\" style=\"height: 13.50pt;width: 107.25pt\" width=\"143\" height=\"18\">Material<\/td>\n<td class=\"et3\" style=\"width: 393.75pt\" width=\"525\">Contraplacado\/Madeira maci\u00e7a\/Metal\/Couro\/Esponja<\/td>\n<\/tr>\n<tr style=\"height: 13.50pt\">\n<td class=\"et2\" style=\"height: 13.50pt;width: 107.25pt\" width=\"143\" height=\"18\">Estilo<\/td>\n<td class=\"et3\" style=\"width: 393.75pt\" width=\"525\">Novo estilo chin\u00eas<\/td>\n<\/tr>\n<\/tbody>\n<\/table>\n<p>&nbsp;<\/p><\/p>","protected":false},"featured_media":6479,"comment_status":"closed","ping_status":"closed","template":"","meta":{"_acf_changed":true},"product_brand":[],"product_cat":[24,48,45,38],"product_tag":[],"class_list":{"0":"post-5401","1":"product","2":"type-product","3":"status-publish","4":"has-post-thumbnail","6":"product_cat-wholesale-restaurant-furniture","7":"product_cat-themed-restaurant-furniture","8":"product_cat-chinese-restaurant-furniture","9":"product_cat-wholesale-japanese-style-restaurant-furniture","11":"first","12":"instock","13":"shipping-taxable","14":"purchasable","15":"product-type-simple"},"acf":[],"_links":{"self":[{"href":"https:\/\/www.youmushiguang.com\/pt\/wp-json\/wp\/v2\/product\/5401","targetHints":{"allow":["GET"]}}],"collection":[{"href":"https:\/\/www.youmushiguang.com\/pt\/wp-json\/wp\/v2\/product"}],"about":[{"href":"https:\/\/www.youmushiguang.com\/pt\/wp-json\/wp\/v2\/types\/product"}],"replies":[{"embeddable":true,"href":"https:\/\/www.youmushiguang.com\/pt\/wp-json\/wp\/v2\/comments?post=5401"}],"wp:featuredmedia":[{"embeddable":true,"href":"https:\/\/www.youmushiguang.com\/pt\/wp-json\/wp\/v2\/media\/6479"}],"wp:attachment":[{"href":"https:\/\/www.youmushiguang.com\/pt\/wp-json\/wp\/v2\/media?parent=5401"}],"wp:term":[{"taxonomy":"product_brand","embeddable":true,"href":"https:\/\/www.youmushiguang.com\/pt\/wp-json\/wp\/v2\/product_brand?post=5401"},{"taxonomy":"product_cat","embeddable":true,"href":"https:\/\/www.youmushiguang.com\/pt\/wp-json\/wp\/v2\/product_cat?post=5401"},{"taxonomy":"product_tag","embeddable":true,"href":"https:\/\/www.youmushiguang.com\/pt\/wp-json\/wp\/v2\/product_tag?post=5401"}],"curies":[{"name":"wp","href":"https:\/\/api.w.org\/{rel}","templated":true}]}}