{"id":5513,"date":"2026-01-21T03:44:31","date_gmt":"2026-01-21T03:44:31","guid":{"rendered":"https:\/\/www.youmushiguang.com\/?post_type=product&#038;p=5513"},"modified":"2026-01-21T03:44:35","modified_gmt":"2026-01-21T03:44:35","slug":"modern-coffee-shop-solid-wood-table-and-chair-set-casual-negotiation-area-with-woven-rattan-chairs","status":"publish","type":"product","link":"https:\/\/www.youmushiguang.com\/pt\/product\/modern-coffee-shop-solid-wood-table-and-chair-set-casual-negotiation-area-with-woven-rattan-chairs\/","title":{"rendered":"Conjunto moderno de mesa e cadeira de madeira maci\u00e7a para cafetaria, \u00e1rea de negocia\u00e7\u00e3o casual com cadeiras de vime tecidas."},"content":{"rendered":"<div class=\"wp-block-columns is-layout-flex wp-container-core-columns-is-layout-9d6595d7 wp-block-columns-is-layout-flex\">\n<div class=\"wp-block-column is-layout-flow wp-block-column-is-layout-flow\" style=\"flex-basis:25%\"><\/div>\n\n\n\n<div class=\"wp-block-column is-layout-flow wp-block-column-is-layout-flow\" style=\"flex-basis:50%\">\n<figure class=\"wp-block-image size-full\"><img decoding=\"async\" width=\"750\" height=\"1785\" src=\"https:\/\/www.youmushiguang.com\/wp-content\/uploads\/2026\/01\/1-3.png\" alt=\"\" class=\"wp-image-5514\" srcset=\"https:\/\/www.youmushiguang.com\/wp-content\/uploads\/2026\/01\/1-3.png 750w, https:\/\/www.youmushiguang.com\/wp-content\/uploads\/2026\/01\/1-3-126x300.png 126w, https:\/\/www.youmushiguang.com\/wp-content\/uploads\/2026\/01\/1-3-5x12.png 5w, https:\/\/www.youmushiguang.com\/wp-content\/uploads\/2026\/01\/1-3-600x1428.png 600w\" sizes=\"(max-width: 750px) 100vw, 750px\" \/><\/figure>\n\n\n\n<figure class=\"wp-block-image size-full\"><img decoding=\"async\" width=\"750\" height=\"2008\" src=\"https:\/\/www.youmushiguang.com\/wp-content\/uploads\/2026\/01\/2-2.png\" alt=\"\" class=\"wp-image-5515\" srcset=\"https:\/\/www.youmushiguang.com\/wp-content\/uploads\/2026\/01\/2-2.png 750w, https:\/\/www.youmushiguang.com\/wp-content\/uploads\/2026\/01\/2-2-112x300.png 112w, https:\/\/www.youmushiguang.com\/wp-content\/uploads\/2026\/01\/2-2-4x12.png 4w, https:\/\/www.youmushiguang.com\/wp-content\/uploads\/2026\/01\/2-2-600x1606.png 600w\" sizes=\"(max-width: 750px) 100vw, 750px\" \/><\/figure>\n\n\n\n<figure class=\"wp-block-image size-full\"><img decoding=\"async\" width=\"750\" height=\"1048\" src=\"https:\/\/www.youmushiguang.com\/wp-content\/uploads\/2026\/01\/3-2.jpg\" alt=\"\" class=\"wp-image-5516\" srcset=\"https:\/\/www.youmushiguang.com\/wp-content\/uploads\/2026\/01\/3-2.jpg 750w, https:\/\/www.youmushiguang.com\/wp-content\/uploads\/2026\/01\/3-2-215x300.jpg 215w, https:\/\/www.youmushiguang.com\/wp-content\/uploads\/2026\/01\/3-2-9x12.jpg 9w, https:\/\/www.youmushiguang.com\/wp-content\/uploads\/2026\/01\/3-2-600x838.jpg 600w\" sizes=\"(max-width: 750px) 100vw, 750px\" \/><\/figure>\n\n\n\n<figure class=\"wp-block-image size-full\"><img decoding=\"async\" width=\"750\" height=\"708\" src=\"https:\/\/www.youmushiguang.com\/wp-content\/uploads\/2026\/01\/4-1.png\" alt=\"\" class=\"wp-image-5517\" srcset=\"https:\/\/www.youmushiguang.com\/wp-content\/uploads\/2026\/01\/4-1.png 750w, https:\/\/www.youmushiguang.com\/wp-content\/uploads\/2026\/01\/4-1-300x283.png 300w, https:\/\/www.youmushiguang.com\/wp-content\/uploads\/2026\/01\/4-1-13x12.png 13w, https:\/\/www.youmushiguang.com\/wp-content\/uploads\/2026\/01\/4-1-600x566.png 600w\" sizes=\"(max-width: 750px) 100vw, 750px\" \/><\/figure>\n\n\n\n<figure class=\"wp-block-image size-full\"><img decoding=\"async\" width=\"750\" height=\"2009\" src=\"https:\/\/www.youmushiguang.com\/wp-content\/uploads\/2026\/01\/5-1.png\" alt=\"\" class=\"wp-image-5518\" srcset=\"https:\/\/www.youmushiguang.com\/wp-content\/uploads\/2026\/01\/5-1.png 750w, https:\/\/www.youmushiguang.com\/wp-content\/uploads\/2026\/01\/5-1-112x300.png 112w, https:\/\/www.youmushiguang.com\/wp-content\/uploads\/2026\/01\/5-1-4x12.png 4w, https:\/\/www.youmushiguang.com\/wp-content\/uploads\/2026\/01\/5-1-600x1607.png 600w\" sizes=\"(max-width: 750px) 100vw, 750px\" \/><\/figure>\n\n\n\n<figure class=\"wp-block-image size-full\"><img decoding=\"async\" width=\"750\" height=\"2443\" src=\"https:\/\/www.youmushiguang.com\/wp-content\/uploads\/2026\/01\/6.png\" alt=\"\" class=\"wp-image-5519\" srcset=\"https:\/\/www.youmushiguang.com\/wp-content\/uploads\/2026\/01\/6.png 750w, https:\/\/www.youmushiguang.com\/wp-content\/uploads\/2026\/01\/6-92x300.png 92w, https:\/\/www.youmushiguang.com\/wp-content\/uploads\/2026\/01\/6-4x12.png 4w, https:\/\/www.youmushiguang.com\/wp-content\/uploads\/2026\/01\/6-600x1954.png 600w\" sizes=\"(max-width: 750px) 100vw, 750px\" \/><\/figure>\n<\/div>\n\n\n\n<div class=\"wp-block-column is-layout-flow wp-block-column-is-layout-flow\" style=\"flex-basis:25%\"><\/div>\n<\/div>\n\n\n\n<p><\/p>","protected":false},"excerpt":{"rendered":"<div id=\"tw-container\" class=\"nev7se\" data-cp=\"1\" data-nnttsvi=\"1\" data-sletp=\"false\" data-sm=\"1\" data-ssbp=\"false\" data-sugg-time=\"500\" data-sugg-url=\"https:\/\/clients1.google.com\/complete\/search\" data-uilc=\"zh-CN\" data-vil=\",af,af-ZA,am,am-ET,ar-EG,ar-AE,ar-KW,ar-QA,ar,ar-IL,ar-JO,ar-LB,ar-PS,az,az-AZ,bg,bg-BG,bn,bn-BD,bn-IN,ca,ca-es,cs,cs-CZ,de,de-DE,de-CH,de-AT,de-LI,en,en-US,en-CA,en-AU,en-NZ,en-GB,en-IN,en-KE,en-TZ,en-NG,en-GH,en-PH,en-ZA,es,es-ES,es-AR,es-UY,es-419,es-BO,es-CL,es-CR,es-CO,es-DO,es-EC,es-GT,es-HN,es-NI,es-PA,es-PE,es-PR,es-PY,es-SV,es-VE,es-MX,es-US,eu,eu-ES,fi,fi-FI,fr,fr-FR,fr-CH,fr-BE,gl,gl-ES,gu,gu-IN,he,he-IL,iw,iw-IL,hu,hu-HU,hy,hy-AM,id,id-ID,is,is-IS,it,it-IT,it-CH,ja,ja-JP,jv,jv-ID,ka,ka-GE,km,km-KH,kn,kn-IN,ko,ko-KR,la,lo,lo-LA,lv,lv-LV,ml,ml-IN,mr,mr-IN,ms,ms-MY,nl,nl-NL,nb,nb-NO,ne,ne-NP,pl,pl-PL,pt,pt-BR,pt-PT,ro,ro-RO,ru,ru-RU,si-LK,sk,sk-SK,sr,sr-RS,su,su-ID,sv,sv-SE,sw,sw-TZ,sw-KE,ta,ta-IN,ta-SG,ta-LK,ta-MY,te,te-IN,tr,tr-TR,ur,ur-PK,ur-IN,yue,yue-HK,yue-Hant-HK,zh-HK,zh,zh-CN,zh-cmn,zh-cmn-CN,zh-Hans,zh-Hans-CN,zh-cmn-Hans,zh-cmn-Hans-CN,cmn-CN,cmn-Hans,cmn-Hans-CN,zh-TW,zh-Hant-TW,cmn-TW,cmn-Hant-TW,zh-cmn-TW,zh-cmn-Hant-TW,zu,zu-ZA,hi,hi-IN,tl,tl-PH,pa,pa-IN\">\n<div id=\"tw-ob\" class=\"tw-src-ltr\">\n<div class=\"oSioSc\">\n<div id=\"tw-target\">\n<div id=\"kAz1tf\" class=\"g9WsWb PZPZlf\" data-attrid=\"tw-targetArea\" data-entityname=\"Google Translate\">\n<div id=\"tw-target-text-container\" class=\"tw-ta-container tw-nfl\" role=\"text\">\n<div class=\"tw-ta-container tw-nfl\" role=\"text\">\n<p>Bulk orders for coffee shop lounge furniture are available and welcome. These sofas and chairs feature thick, upholstered seats for exceptional comfort. The wooden frames are designed for high-traffic environments, ensuring years of reliable use and minimal maintenance costs. Customization supported. Contact us for a quote.<\/p>\n<\/div>\n<\/div>\n<\/div>\n<\/div>\n<\/div>\n<\/div>\n<\/div>\n<h2>Specifications of Coffee Shop Lounge Furniture<\/h2>\n<table width=\"668\">\n<tbody>\n<tr>\n<td width=\"143\">Modelo<\/td>\n<td width=\"525\">434<\/td>\n<\/tr>\n<tr>\n<td width=\"143\">Categoria<\/td>\n<td width=\"525\">Mobili\u00e1rio para cafetaria<\/td>\n<\/tr>\n<tr>\n<td width=\"143\">Nome do produto<\/td>\n<td width=\"525\">Mesas e cadeiras para cafetaria<\/td>\n<\/tr>\n<tr>\n<td width=\"143\">Op\u00e7\u00f5es de personaliza\u00e7\u00e3o<\/td>\n<td width=\"525\">Estilo\/Cor\/Tamanho\/Material<\/td>\n<\/tr>\n<tr>\n<td width=\"143\">Tabela<\/td>\n<td width=\"525\">P\u00e9s de mesa em contraplacado multicamada + p\u00e9s de mesa em madeira maci\u00e7a<\/td>\n<\/tr>\n<tr>\n<td width=\"143\">Cadeira<\/td>\n<td width=\"525\">Solid wood woven rattan frame + high-density sponge + premium Nappa leather<\/td>\n<\/tr>\n<tr>\n<td width=\"143\">Cena de aplica\u00e7\u00e3o<\/td>\n<td width=\"525\">Caf\u00e9 \/ Cafetaria<\/td>\n<\/tr>\n<tr>\n<td width=\"143\">Cor<\/td>\n<td width=\"525\">Nogueira\/Branco sujo (personaliz\u00e1vel)<\/td>\n<\/tr>\n<tr>\n<td width=\"143\">Material<\/td>\n<td width=\"525\">Madeira maci\u00e7a\/contraplacado\/metal\/couro\/esponja<\/td>\n<\/tr>\n<tr>\n<td width=\"143\">\n<p>estilo<\/p>\n<\/td>\n<td width=\"525\">\n<p id=\"tw-target-text\" class=\"tw-data-text tw-text-large tw-ta\" dir=\"ltr\" role=\"text\" data-placeholder=\"\u7ffb\u8bd1\" data-ved=\"2ahUKEwiny42x3KyRAxUyFzQIHU5LCvcQ3ewLegQIDBAV\" aria-label=\"\u8bd1\u6587\uff1amoderno\">Wabi-Sabi<\/p>\n<\/td>\n<\/tr>\n<\/tbody>\n<\/table>\n<p>&nbsp;<\/p>\n<p>&nbsp;<\/p>\n<p>&nbsp;<\/p>","protected":false},"featured_media":5520,"comment_status":"closed","ping_status":"closed","template":"","meta":{"_acf_changed":true},"product_brand":[],"product_cat":[20],"product_tag":[],"class_list":{"0":"post-5513","1":"product","2":"type-product","3":"status-publish","4":"has-post-thumbnail","6":"product_cat-wholesale-cafe-furniture","8":"first","9":"instock","10":"shipping-taxable","11":"product-type-simple"},"acf":[],"_links":{"self":[{"href":"https:\/\/www.youmushiguang.com\/pt\/wp-json\/wp\/v2\/product\/5513","targetHints":{"allow":["GET"]}}],"collection":[{"href":"https:\/\/www.youmushiguang.com\/pt\/wp-json\/wp\/v2\/product"}],"about":[{"href":"https:\/\/www.youmushiguang.com\/pt\/wp-json\/wp\/v2\/types\/product"}],"replies":[{"embeddable":true,"href":"https:\/\/www.youmushiguang.com\/pt\/wp-json\/wp\/v2\/comments?post=5513"}],"wp:featuredmedia":[{"embeddable":true,"href":"https:\/\/www.youmushiguang.com\/pt\/wp-json\/wp\/v2\/media\/5520"}],"wp:attachment":[{"href":"https:\/\/www.youmushiguang.com\/pt\/wp-json\/wp\/v2\/media?parent=5513"}],"wp:term":[{"taxonomy":"product_brand","embeddable":true,"href":"https:\/\/www.youmushiguang.com\/pt\/wp-json\/wp\/v2\/product_brand?post=5513"},{"taxonomy":"product_cat","embeddable":true,"href":"https:\/\/www.youmushiguang.com\/pt\/wp-json\/wp\/v2\/product_cat?post=5513"},{"taxonomy":"product_tag","embeddable":true,"href":"https:\/\/www.youmushiguang.com\/pt\/wp-json\/wp\/v2\/product_tag?post=5513"}],"curies":[{"name":"wp","href":"https:\/\/api.w.org\/{rel}","templated":true}]}}