{"id":5673,"date":"2026-02-24T06:17:22","date_gmt":"2026-02-24T06:17:22","guid":{"rendered":"https:\/\/www.youmushiguang.com\/?post_type=product&#038;p=5673"},"modified":"2026-02-24T06:17:24","modified_gmt":"2026-02-24T06:17:24","slug":"high-end-round-rotating-dining-table-sets","status":"publish","type":"product","link":"https:\/\/www.youmushiguang.com\/pt\/product\/high-end-round-rotating-dining-table-sets\/","title":{"rendered":"Mesa de jantar redonda girat\u00f3ria, Mobili\u00e1rio de sala de banquetes de alta qualidade para venda"},"content":{"rendered":"<div class=\"wp-block-columns is-layout-flex wp-container-core-columns-is-layout-9d6595d7 wp-block-columns-is-layout-flex\">\n<div class=\"wp-block-column is-layout-flow wp-block-column-is-layout-flow\" style=\"flex-basis:25%\"><\/div>\n\n\n\n<div class=\"wp-block-column is-layout-flow wp-block-column-is-layout-flow\" style=\"flex-basis:50%\">\n<figure class=\"wp-block-image size-full\"><img decoding=\"async\" width=\"750\" height=\"2663\" src=\"https:\/\/www.youmushiguang.com\/wp-content\/uploads\/2026\/02\/1-4.webp\" alt=\"\" class=\"wp-image-5683\" srcset=\"https:\/\/www.youmushiguang.com\/wp-content\/uploads\/2026\/02\/1-4.webp 750w, https:\/\/www.youmushiguang.com\/wp-content\/uploads\/2026\/02\/1-4-3x12.webp 3w, https:\/\/www.youmushiguang.com\/wp-content\/uploads\/2026\/02\/1-4-600x2130.webp 600w\" sizes=\"(max-width: 750px) 100vw, 750px\" \/><\/figure>\n\n\n\n<figure class=\"wp-block-image size-full\"><img decoding=\"async\" width=\"750\" height=\"988\" src=\"https:\/\/www.youmushiguang.com\/wp-content\/uploads\/2026\/02\/2-4.webp\" alt=\"\" class=\"wp-image-5684\" srcset=\"https:\/\/www.youmushiguang.com\/wp-content\/uploads\/2026\/02\/2-4.webp 750w, https:\/\/www.youmushiguang.com\/wp-content\/uploads\/2026\/02\/2-4-228x300.webp 228w, https:\/\/www.youmushiguang.com\/wp-content\/uploads\/2026\/02\/2-4-9x12.webp 9w, https:\/\/www.youmushiguang.com\/wp-content\/uploads\/2026\/02\/2-4-600x790.webp 600w\" sizes=\"(max-width: 750px) 100vw, 750px\" \/><\/figure>\n\n\n\n<figure class=\"wp-block-image size-full\"><img decoding=\"async\" width=\"750\" height=\"1107\" src=\"https:\/\/www.youmushiguang.com\/wp-content\/uploads\/2026\/02\/3-4.webp\" alt=\"\" class=\"wp-image-5685\" srcset=\"https:\/\/www.youmushiguang.com\/wp-content\/uploads\/2026\/02\/3-4.webp 750w, https:\/\/www.youmushiguang.com\/wp-content\/uploads\/2026\/02\/3-4-203x300.webp 203w, https:\/\/www.youmushiguang.com\/wp-content\/uploads\/2026\/02\/3-4-8x12.webp 8w, https:\/\/www.youmushiguang.com\/wp-content\/uploads\/2026\/02\/3-4-600x886.webp 600w\" sizes=\"(max-width: 750px) 100vw, 750px\" \/><\/figure>\n\n\n\n<figure class=\"wp-block-image size-full\"><img decoding=\"async\" width=\"750\" height=\"2597\" src=\"https:\/\/www.youmushiguang.com\/wp-content\/uploads\/2026\/02\/4-5.webp\" alt=\"\" class=\"wp-image-5686\" srcset=\"https:\/\/www.youmushiguang.com\/wp-content\/uploads\/2026\/02\/4-5.webp 750w, https:\/\/www.youmushiguang.com\/wp-content\/uploads\/2026\/02\/4-5-87x300.webp 87w, https:\/\/www.youmushiguang.com\/wp-content\/uploads\/2026\/02\/4-5-600x2078.webp 600w\" sizes=\"(max-width: 750px) 100vw, 750px\" \/><\/figure>\n\n\n\n<figure class=\"wp-block-image size-full\"><img decoding=\"async\" width=\"750\" height=\"2319\" src=\"https:\/\/www.youmushiguang.com\/wp-content\/uploads\/2026\/02\/5-5.webp\" alt=\"\" class=\"wp-image-5687\" srcset=\"https:\/\/www.youmushiguang.com\/wp-content\/uploads\/2026\/02\/5-5.webp 750w, https:\/\/www.youmushiguang.com\/wp-content\/uploads\/2026\/02\/5-5-97x300.webp 97w, https:\/\/www.youmushiguang.com\/wp-content\/uploads\/2026\/02\/5-5-4x12.webp 4w, https:\/\/www.youmushiguang.com\/wp-content\/uploads\/2026\/02\/5-5-600x1855.webp 600w\" sizes=\"(max-width: 750px) 100vw, 750px\" \/><\/figure>\n\n\n\n<figure class=\"wp-block-image size-full\"><img decoding=\"async\" width=\"750\" height=\"2437\" src=\"https:\/\/www.youmushiguang.com\/wp-content\/uploads\/2026\/02\/6-2.webp\" alt=\"\" class=\"wp-image-5688\" srcset=\"https:\/\/www.youmushiguang.com\/wp-content\/uploads\/2026\/02\/6-2.webp 750w, https:\/\/www.youmushiguang.com\/wp-content\/uploads\/2026\/02\/6-2-92x300.webp 92w, https:\/\/www.youmushiguang.com\/wp-content\/uploads\/2026\/02\/6-2-4x12.webp 4w, https:\/\/www.youmushiguang.com\/wp-content\/uploads\/2026\/02\/6-2-600x1950.webp 600w\" sizes=\"(max-width: 750px) 100vw, 750px\" \/><\/figure>\n\n\n\n<figure class=\"wp-block-image size-full\"><img decoding=\"async\" width=\"750\" height=\"1953\" src=\"https:\/\/www.youmushiguang.com\/wp-content\/uploads\/2026\/02\/7-2.webp\" alt=\"\" class=\"wp-image-5689\" srcset=\"https:\/\/www.youmushiguang.com\/wp-content\/uploads\/2026\/02\/7-2.webp 750w, https:\/\/www.youmushiguang.com\/wp-content\/uploads\/2026\/02\/7-2-115x300.webp 115w, https:\/\/www.youmushiguang.com\/wp-content\/uploads\/2026\/02\/7-2-5x12.webp 5w, https:\/\/www.youmushiguang.com\/wp-content\/uploads\/2026\/02\/7-2-600x1562.webp 600w\" sizes=\"(max-width: 750px) 100vw, 750px\" \/><\/figure>\n\n\n\n<figure class=\"wp-block-image size-full\"><img decoding=\"async\" width=\"750\" height=\"1695\" src=\"https:\/\/www.youmushiguang.com\/wp-content\/uploads\/2026\/02\/8-2.webp\" alt=\"\" class=\"wp-image-5690\" srcset=\"https:\/\/www.youmushiguang.com\/wp-content\/uploads\/2026\/02\/8-2.webp 750w, https:\/\/www.youmushiguang.com\/wp-content\/uploads\/2026\/02\/8-2-133x300.webp 133w, https:\/\/www.youmushiguang.com\/wp-content\/uploads\/2026\/02\/8-2-5x12.webp 5w, https:\/\/www.youmushiguang.com\/wp-content\/uploads\/2026\/02\/8-2-600x1356.webp 600w\" sizes=\"(max-width: 750px) 100vw, 750px\" \/><\/figure>\n<\/div>\n\n\n\n<div class=\"wp-block-column is-layout-flow wp-block-column-is-layout-flow\" style=\"flex-basis:25%\"><\/div>\n<\/div>","protected":false},"excerpt":{"rendered":"<p>As a professional manufacturer, we supply high-quality Round Rotating Dining Table solutions for banquet halls and hotels. Featuring smooth electric rotation, durable materials, our tables combine luxury design with commercial-grade performance, ideal for hotels, upscale restaurants, and banquet halls.<\/p>\n<h2>Specifications of Round Rotating Dining Table<\/h2>\n<table style=\"border-collapse: collapse; width: 501.02pt;\" border=\"0\" width=\"668\" cellspacing=\"0\" cellpadding=\"0\">\n<tbody>\n<tr style=\"height: 13.50pt;\">\n<td class=\"et2\" style=\"height: 13.50pt; width: 107.25pt;\" width=\"143\" height=\"18\">Modelo<\/td>\n<td class=\"et3\" style=\"width: 393.75pt;\" width=\"525\">68-3<\/td>\n<\/tr>\n<tr style=\"height: 13.50pt;\">\n<td class=\"et2\" style=\"height: 13.50pt; width: 107.25pt;\" width=\"143\" height=\"18\">Categoria<\/td>\n<td class=\"et3\" style=\"width: 393.75pt;\" width=\"525\">Mesa redonda el\u00e9ctrica para hotel<\/td>\n<\/tr>\n<tr style=\"height: 13.50pt;\">\n<td class=\"et2\" style=\"height: 13.50pt; width: 107.25pt;\" width=\"143\" height=\"18\">Nome do produto<\/td>\n<td class=\"et3\" style=\"width: 393.75pt;\" width=\"525\">Mesa redonda grande de madeira maci\u00e7a com lajes de pedra<\/td>\n<\/tr>\n<tr style=\"height: 27.00pt;\">\n<td class=\"et2\" style=\"height: 27.00pt; width: 107.25pt;\" width=\"143\" height=\"36\">Op\u00e7\u00f5es de personaliza\u00e7\u00e3o<\/td>\n<td class=\"et3\" style=\"width: 393.75pt;\" width=\"525\">Estilo\/Cor\/Tamanho\/Material<\/td>\n<\/tr>\n<tr style=\"height: 27.00pt;\">\n<td class=\"et2\" style=\"height: 27.00pt; width: 107.25pt;\" width=\"143\" height=\"36\">Cadeira<\/td>\n<td class=\"et3\" style=\"width: 393.75pt;\" width=\"525\">Estrutura em ferro de alta qualidade + revestimento em couro Nappa amigo do ambiente + esponja de ressalto de alta densidade<\/td>\n<\/tr>\n<tr style=\"height: 27.00pt;\">\n<td class=\"et2\" style=\"height: 27.00pt; width: 107.25pt;\" width=\"143\" height=\"36\">Tabela<\/td>\n<td class=\"et3\" style=\"width: 393.75pt;\" width=\"525\">Placa de madeira maci\u00e7a multicamada com folheado + estrutura de madeira maci\u00e7a multicamada + placa girat\u00f3ria de rocha de alta dureza<\/td>\n<\/tr>\n<tr style=\"height: 27.00pt;\">\n<td class=\"et2\" style=\"height: 27.00pt; width: 107.25pt;\" width=\"143\" height=\"36\">Cena de aplica\u00e7\u00e3o<\/td>\n<td class=\"et3\" style=\"width: 393.75pt;\" width=\"525\">Hot\u00e9is\/clubes\/moradias de luxo<\/td>\n<\/tr>\n<tr style=\"height: 13.50pt;\">\n<td class=\"et2\" style=\"height: 13.50pt; width: 107.25pt;\" width=\"143\" height=\"18\">Cor<\/td>\n<td class=\"et3\" style=\"width: 393.75pt;\" width=\"525\">Castanho\/Vinho tinto (personaliz\u00e1vel)<\/td>\n<\/tr>\n<tr style=\"height: 13.50pt;\">\n<td class=\"et2\" style=\"height: 13.50pt; width: 107.25pt;\" width=\"143\" height=\"18\">Material<\/td>\n<td class=\"et3\" style=\"width: 393.75pt;\" width=\"525\">Contraplacado\/placa de rocha\/metal\/couro\/esponja<\/td>\n<\/tr>\n<tr style=\"height: 13.50pt;\">\n<td class=\"et2\" style=\"height: 13.50pt; width: 107.25pt;\" width=\"143\" height=\"18\">Estilo<\/td>\n<td class=\"et3\" style=\"width: 393.75pt;\" width=\"525\">Novo estilo chin\u00eas<\/td>\n<\/tr>\n<\/tbody>\n<\/table>\n<p>&nbsp;<\/p>\n<p>&nbsp;<\/p>\n<p>\n<script src=\"chrome-extension:\/\/fpelahbljekknahkcaegamhcndkfpfnc\/iFrame.js\" type=\"text\/javascript\"><\/script><\/p>","protected":false},"featured_media":5678,"comment_status":"closed","ping_status":"closed","template":"","meta":{"_acf_changed":true},"product_brand":[],"product_cat":[22],"product_tag":[],"class_list":{"0":"post-5673","1":"product","2":"type-product","3":"status-publish","4":"has-post-thumbnail","6":"product_cat-hotel-round-table-set","8":"first","9":"instock","10":"shipping-taxable","11":"product-type-simple"},"acf":[],"_links":{"self":[{"href":"https:\/\/www.youmushiguang.com\/pt\/wp-json\/wp\/v2\/product\/5673","targetHints":{"allow":["GET"]}}],"collection":[{"href":"https:\/\/www.youmushiguang.com\/pt\/wp-json\/wp\/v2\/product"}],"about":[{"href":"https:\/\/www.youmushiguang.com\/pt\/wp-json\/wp\/v2\/types\/product"}],"replies":[{"embeddable":true,"href":"https:\/\/www.youmushiguang.com\/pt\/wp-json\/wp\/v2\/comments?post=5673"}],"wp:featuredmedia":[{"embeddable":true,"href":"https:\/\/www.youmushiguang.com\/pt\/wp-json\/wp\/v2\/media\/5678"}],"wp:attachment":[{"href":"https:\/\/www.youmushiguang.com\/pt\/wp-json\/wp\/v2\/media?parent=5673"}],"wp:term":[{"taxonomy":"product_brand","embeddable":true,"href":"https:\/\/www.youmushiguang.com\/pt\/wp-json\/wp\/v2\/product_brand?post=5673"},{"taxonomy":"product_cat","embeddable":true,"href":"https:\/\/www.youmushiguang.com\/pt\/wp-json\/wp\/v2\/product_cat?post=5673"},{"taxonomy":"product_tag","embeddable":true,"href":"https:\/\/www.youmushiguang.com\/pt\/wp-json\/wp\/v2\/product_tag?post=5673"}],"curies":[{"name":"wp","href":"https:\/\/api.w.org\/{rel}","templated":true}]}}