{"id":5867,"date":"2026-03-20T02:44:38","date_gmt":"2026-03-20T02:44:38","guid":{"rendered":"https:\/\/www.youmushiguang.com\/?post_type=product&#038;p=5867"},"modified":"2026-04-22T01:16:10","modified_gmt":"2026-04-22T01:16:10","slug":"supply-retro-restaurant-furniture","status":"publish","type":"product","link":"https:\/\/www.youmushiguang.com\/pt\/product\/supply-retro-restaurant-furniture\/","title":{"rendered":"Fornecimento de mobili\u00e1rio de restaurante retro - conjuntos de mesas e cadeiras de madeira maci\u00e7a para caf\u00e9s, restaurantes, pubs"},"content":{"rendered":"<div class=\"wp-block-columns is-layout-flex wp-container-core-columns-is-layout-9d6595d7 wp-block-columns-is-layout-flex\">\n<div class=\"wp-block-column is-layout-flow wp-block-column-is-layout-flow\" style=\"flex-basis:25%\"><\/div>\n\n\n\n<div class=\"wp-block-column is-layout-flow wp-block-column-is-layout-flow\" style=\"flex-basis:50%\">\n<figure class=\"wp-block-image size-full\"><img decoding=\"async\" width=\"750\" height=\"941\" src=\"https:\/\/www.youmushiguang.com\/wp-content\/uploads\/2026\/03\/1-3.webp\" alt=\"\" class=\"wp-image-5869\" srcset=\"https:\/\/www.youmushiguang.com\/wp-content\/uploads\/2026\/03\/1-3.webp 750w, https:\/\/www.youmushiguang.com\/wp-content\/uploads\/2026\/03\/1-3-239x300.webp 239w, https:\/\/www.youmushiguang.com\/wp-content\/uploads\/2026\/03\/1-3-10x12.webp 10w, https:\/\/www.youmushiguang.com\/wp-content\/uploads\/2026\/03\/1-3-600x753.webp 600w\" sizes=\"(max-width: 750px) 100vw, 750px\" \/><\/figure>\n\n\n\n<figure class=\"wp-block-image size-full\"><img decoding=\"async\" width=\"750\" height=\"1723\" src=\"https:\/\/www.youmushiguang.com\/wp-content\/uploads\/2026\/03\/2-5.webp\" alt=\"\" class=\"wp-image-5870\" srcset=\"https:\/\/www.youmushiguang.com\/wp-content\/uploads\/2026\/03\/2-5.webp 750w, https:\/\/www.youmushiguang.com\/wp-content\/uploads\/2026\/03\/2-5-131x300.webp 131w, https:\/\/www.youmushiguang.com\/wp-content\/uploads\/2026\/03\/2-5-5x12.webp 5w, https:\/\/www.youmushiguang.com\/wp-content\/uploads\/2026\/03\/2-5-600x1378.webp 600w\" sizes=\"(max-width: 750px) 100vw, 750px\" \/><\/figure>\n\n\n\n<figure class=\"wp-block-image size-full\"><img decoding=\"async\" width=\"750\" height=\"1594\" src=\"https:\/\/www.youmushiguang.com\/wp-content\/uploads\/2026\/03\/3-4.webp\" alt=\"\" class=\"wp-image-5871\" srcset=\"https:\/\/www.youmushiguang.com\/wp-content\/uploads\/2026\/03\/3-4.webp 750w, https:\/\/www.youmushiguang.com\/wp-content\/uploads\/2026\/03\/3-4-141x300.webp 141w, https:\/\/www.youmushiguang.com\/wp-content\/uploads\/2026\/03\/3-4-6x12.webp 6w, https:\/\/www.youmushiguang.com\/wp-content\/uploads\/2026\/03\/3-4-600x1275.webp 600w\" sizes=\"(max-width: 750px) 100vw, 750px\" \/><\/figure>\n\n\n\n<figure class=\"wp-block-image size-full\"><img decoding=\"async\" width=\"750\" height=\"2350\" src=\"https:\/\/www.youmushiguang.com\/wp-content\/uploads\/2026\/03\/4-4.webp\" alt=\"\" class=\"wp-image-5872\" srcset=\"https:\/\/www.youmushiguang.com\/wp-content\/uploads\/2026\/03\/4-4.webp 750w, https:\/\/www.youmushiguang.com\/wp-content\/uploads\/2026\/03\/4-4-96x300.webp 96w, https:\/\/www.youmushiguang.com\/wp-content\/uploads\/2026\/03\/4-4-4x12.webp 4w, https:\/\/www.youmushiguang.com\/wp-content\/uploads\/2026\/03\/4-4-600x1880.webp 600w\" sizes=\"(max-width: 750px) 100vw, 750px\" \/><\/figure>\n\n\n\n<figure class=\"wp-block-image size-full\"><img decoding=\"async\" width=\"750\" height=\"2214\" src=\"https:\/\/www.youmushiguang.com\/wp-content\/uploads\/2026\/03\/5-3.webp\" alt=\"\" class=\"wp-image-5873\" srcset=\"https:\/\/www.youmushiguang.com\/wp-content\/uploads\/2026\/03\/5-3.webp 750w, https:\/\/www.youmushiguang.com\/wp-content\/uploads\/2026\/03\/5-3-102x300.webp 102w, https:\/\/www.youmushiguang.com\/wp-content\/uploads\/2026\/03\/5-3-4x12.webp 4w, https:\/\/www.youmushiguang.com\/wp-content\/uploads\/2026\/03\/5-3-600x1771.webp 600w\" sizes=\"(max-width: 750px) 100vw, 750px\" \/><\/figure>\n\n\n\n<figure class=\"wp-block-image size-full\"><img decoding=\"async\" width=\"750\" height=\"1848\" src=\"https:\/\/www.youmushiguang.com\/wp-content\/uploads\/2026\/03\/6-3.webp\" alt=\"\" class=\"wp-image-5874\" srcset=\"https:\/\/www.youmushiguang.com\/wp-content\/uploads\/2026\/03\/6-3.webp 750w, https:\/\/www.youmushiguang.com\/wp-content\/uploads\/2026\/03\/6-3-122x300.webp 122w, https:\/\/www.youmushiguang.com\/wp-content\/uploads\/2026\/03\/6-3-5x12.webp 5w, https:\/\/www.youmushiguang.com\/wp-content\/uploads\/2026\/03\/6-3-600x1478.webp 600w\" sizes=\"(max-width: 750px) 100vw, 750px\" \/><\/figure>\n\n\n\n<figure class=\"wp-block-image size-full\"><img decoding=\"async\" width=\"750\" height=\"1133\" src=\"https:\/\/www.youmushiguang.com\/wp-content\/uploads\/2026\/03\/7-2.webp\" alt=\"\" class=\"wp-image-5876\" srcset=\"https:\/\/www.youmushiguang.com\/wp-content\/uploads\/2026\/03\/7-2.webp 750w, https:\/\/www.youmushiguang.com\/wp-content\/uploads\/2026\/03\/7-2-199x300.webp 199w, https:\/\/www.youmushiguang.com\/wp-content\/uploads\/2026\/03\/7-2-8x12.webp 8w, https:\/\/www.youmushiguang.com\/wp-content\/uploads\/2026\/03\/7-2-600x906.webp 600w\" sizes=\"(max-width: 750px) 100vw, 750px\" \/><\/figure>\n\n\n\n<figure class=\"wp-block-image size-full\"><img decoding=\"async\" width=\"750\" height=\"687\" src=\"https:\/\/www.youmushiguang.com\/wp-content\/uploads\/2026\/03\/8-2.webp\" alt=\"\" class=\"wp-image-5875\" srcset=\"https:\/\/www.youmushiguang.com\/wp-content\/uploads\/2026\/03\/8-2.webp 750w, https:\/\/www.youmushiguang.com\/wp-content\/uploads\/2026\/03\/8-2-300x275.webp 300w, https:\/\/www.youmushiguang.com\/wp-content\/uploads\/2026\/03\/8-2-13x12.webp 13w, https:\/\/www.youmushiguang.com\/wp-content\/uploads\/2026\/03\/8-2-600x550.webp 600w\" sizes=\"(max-width: 750px) 100vw, 750px\" \/><\/figure>\n<\/div>\n\n\n\n<div class=\"wp-block-column is-layout-flow wp-block-column-is-layout-flow\" style=\"flex-basis:25%\"><\/div>\n<\/div>\n\n\n\n<p><\/p>","protected":false},"excerpt":{"rendered":"<p data-pm-slice=\"0 0 []\">Our Retro Solid Wood Restaurant Furniture brings together classic design and commercial durability. Ideal for caf\u00e9s, restaurants, and pubs. Crafted from premium solid wood, these tables and chairs add character and warmth to caf\u00e9s, bistros, and pubs while ensuring durability for everyday use.<\/p>\n<p data-pm-slice=\"0 0 []\">Como profissional <strong>fabricante de mobili\u00e1rio para restaurantes<\/strong>, we offer tailored OEM &amp; ODM solutions for a distinctive brand identity.<\/p>\n<h2>Especifica\u00e7\u00f5es do mobili\u00e1rio de restaurante<\/h2>\n<table style=\"border-collapse: collapse; width: 501.02pt;\" border=\"0\" width=\"668\" cellspacing=\"0\" cellpadding=\"0\">\n<tbody>\n<tr style=\"height: 13.50pt;\">\n<td class=\"et2\" style=\"height: 13.50pt; width: 107.25pt;\" width=\"143\" height=\"18\">Modelo<\/td>\n<td class=\"et3\" style=\"width: 393.75pt;\" width=\"525\">42-1<\/td>\n<\/tr>\n<tr style=\"height: 13.50pt;\">\n<td class=\"et2\" style=\"height: 13.50pt; width: 107.25pt;\" width=\"143\" height=\"18\">Categoria<\/td>\n<td class=\"et3\" style=\"width: 393.75pt;\" width=\"525\">Mobili\u00e1rio de restaurante<\/td>\n<\/tr>\n<tr style=\"height: 13.50pt;\">\n<td class=\"et2\" style=\"height: 13.50pt; width: 107.25pt;\" width=\"143\" height=\"18\">Nome do produto<\/td>\n<td class=\"et3\" style=\"width: 393.75pt;\" width=\"525\">Novas mesas e cadeiras para restaurantes chineses<\/td>\n<\/tr>\n<tr style=\"height: 27.00pt;\">\n<td class=\"et2\" style=\"height: 27.00pt; width: 107.25pt;\" width=\"143\" height=\"36\">Op\u00e7\u00f5es de personaliza\u00e7\u00e3o<\/td>\n<td class=\"et3\" style=\"width: 393.75pt;\" width=\"525\">Estilo\/Cor\/Tamanho\/Material<\/td>\n<\/tr>\n<tr style=\"height: 27.00pt;\">\n<td class=\"et2\" style=\"height: 27.00pt; width: 107.25pt;\" width=\"143\" height=\"36\">Cabina<\/td>\n<td class=\"et3\" style=\"width: 393.75pt;\" width=\"525\">Estrutura de madeira maci\u00e7a de v\u00e1rias camadas + revestimento de couro Nappa n\u00e3o agressivo para a pele + esponja de ressalto de alta densidade<\/td>\n<\/tr>\n<tr style=\"height: 27.00pt;\">\n<td class=\"et2\" style=\"height: 27.00pt; width: 107.25pt;\" width=\"143\" height=\"36\">Cadeira<\/td>\n<td class=\"et3\" style=\"width: 393.75pt;\" width=\"525\">estrutura em madeira maci\u00e7a + revestimento em couro Nappa n\u00e3o agressivo para a pele + esponja de ressalto de alta densidade<\/td>\n<\/tr>\n<tr style=\"height: 27.00pt;\">\n<td class=\"et2\" style=\"height: 27.00pt; width: 107.25pt;\" width=\"143\" height=\"36\">Tabela<\/td>\n<td class=\"et3\" style=\"width: 393.75pt;\" width=\"525\">Tampo de mesa em contraplacado com v\u00e1rias camadas + p\u00e9s de mesa com ferragens de alta qualidade<\/td>\n<\/tr>\n<tr style=\"height: 27.00pt;\">\n<td class=\"et2\" style=\"height: 27.00pt; width: 107.25pt;\" width=\"143\" height=\"36\">Cena de aplica\u00e7\u00e3o<\/td>\n<td class=\"et3\" style=\"width: 393.75pt;\" width=\"525\">restaurante\/restaurante tem\u00e1tico\/restaurante de ch\u00e1\/restaurante Hunan<\/td>\n<\/tr>\n<tr style=\"height: 13.50pt;\">\n<td class=\"et2\" style=\"height: 13.50pt; width: 107.25pt;\" width=\"143\" height=\"18\">Cor<\/td>\n<td class=\"et3\" style=\"width: 393.75pt;\" width=\"525\">Nogueira\/verde (personaliz\u00e1vel)<\/td>\n<\/tr>\n<tr style=\"height: 13.50pt;\">\n<td class=\"et2\" style=\"height: 13.50pt; width: 107.25pt;\" width=\"143\" height=\"18\">Material<\/td>\n<td class=\"et3\" style=\"width: 393.75pt;\" width=\"525\">Contraplacado\/Madeira maci\u00e7a\/Metal\/Couro\/Esponja<\/td>\n<\/tr>\n<tr style=\"height: 13.50pt;\">\n<td class=\"et2\" style=\"height: 13.50pt; width: 107.25pt;\" width=\"143\" height=\"18\">Estilo<\/td>\n<td class=\"et3\" style=\"width: 393.75pt;\" width=\"525\">Retro<\/td>\n<\/tr>\n<\/tbody>\n<\/table>\n<p>&nbsp;<\/p>\n<p>\n<script src=\"chrome-extension:\/\/fpelahbljekknahkcaegamhcndkfpfnc\/iFrame.js\" type=\"text\/javascript\"><\/script><\/p>","protected":false},"featured_media":5868,"comment_status":"closed","ping_status":"closed","template":"","meta":{"_acf_changed":true},"product_brand":[],"product_cat":[24,36,44,21,20],"product_tag":[],"class_list":{"0":"post-5867","1":"product","2":"type-product","3":"status-publish","4":"has-post-thumbnail","6":"product_cat-wholesale-restaurant-furniture","7":"product_cat-wholesale-coffee-shop-restaurant-furniture","8":"product_cat-vintage-style-restaurant-furniture","9":"product_cat-wholesale-pub-furniture","10":"product_cat-wholesale-cafe-furniture","12":"first","13":"instock","14":"shipping-taxable","15":"product-type-simple"},"acf":[],"_links":{"self":[{"href":"https:\/\/www.youmushiguang.com\/pt\/wp-json\/wp\/v2\/product\/5867","targetHints":{"allow":["GET"]}}],"collection":[{"href":"https:\/\/www.youmushiguang.com\/pt\/wp-json\/wp\/v2\/product"}],"about":[{"href":"https:\/\/www.youmushiguang.com\/pt\/wp-json\/wp\/v2\/types\/product"}],"replies":[{"embeddable":true,"href":"https:\/\/www.youmushiguang.com\/pt\/wp-json\/wp\/v2\/comments?post=5867"}],"wp:featuredmedia":[{"embeddable":true,"href":"https:\/\/www.youmushiguang.com\/pt\/wp-json\/wp\/v2\/media\/5868"}],"wp:attachment":[{"href":"https:\/\/www.youmushiguang.com\/pt\/wp-json\/wp\/v2\/media?parent=5867"}],"wp:term":[{"taxonomy":"product_brand","embeddable":true,"href":"https:\/\/www.youmushiguang.com\/pt\/wp-json\/wp\/v2\/product_brand?post=5867"},{"taxonomy":"product_cat","embeddable":true,"href":"https:\/\/www.youmushiguang.com\/pt\/wp-json\/wp\/v2\/product_cat?post=5867"},{"taxonomy":"product_tag","embeddable":true,"href":"https:\/\/www.youmushiguang.com\/pt\/wp-json\/wp\/v2\/product_tag?post=5867"}],"curies":[{"name":"wp","href":"https:\/\/api.w.org\/{rel}","templated":true}]}}