{"id":6139,"date":"2026-04-06T10:48:03","date_gmt":"2026-04-06T10:48:03","guid":{"rendered":"https:\/\/www.youmushiguang.com\/?post_type=product&#038;p=6139"},"modified":"2026-04-10T01:24:27","modified_gmt":"2026-04-10T01:24:27","slug":"factory-supply-round-rotating-dining-table-set-for-high-end-hotels-restaurants-and-banquet-halls-private-dining-room","status":"publish","type":"product","link":"https:\/\/www.youmushiguang.com\/pt\/product\/factory-supply-round-rotating-dining-table-set-for-high-end-hotels-restaurants-and-banquet-halls-private-dining-room\/","title":{"rendered":"Factory Supply Round Rotating Dining Table Set, for High-end Hotels, Restaurants, and Banquet Halls, Private Dining Room"},"content":{"rendered":"<div class=\"wp-block-columns is-layout-flex wp-container-core-columns-is-layout-9d6595d7 wp-block-columns-is-layout-flex\">\n<div class=\"wp-block-column is-layout-flow wp-block-column-is-layout-flow\" style=\"flex-basis:25%\"><\/div>\n\n\n\n<div class=\"wp-block-column is-layout-flow wp-block-column-is-layout-flow\" style=\"flex-basis:50%\">\n<figure class=\"wp-block-image size-full\"><img decoding=\"async\" width=\"750\" height=\"1347\" src=\"https:\/\/www.youmushiguang.com\/wp-content\/uploads\/2026\/03\/1-19.webp\" alt=\"\" class=\"wp-image-6145\" srcset=\"https:\/\/www.youmushiguang.com\/wp-content\/uploads\/2026\/03\/1-19.webp 750w, https:\/\/www.youmushiguang.com\/wp-content\/uploads\/2026\/03\/1-19-167x300.webp 167w, https:\/\/www.youmushiguang.com\/wp-content\/uploads\/2026\/03\/1-19-7x12.webp 7w, https:\/\/www.youmushiguang.com\/wp-content\/uploads\/2026\/03\/1-19-600x1078.webp 600w\" sizes=\"(max-width: 750px) 100vw, 750px\" \/><\/figure>\n\n\n\n<figure class=\"wp-block-image size-full\"><img decoding=\"async\" width=\"750\" height=\"1291\" src=\"https:\/\/www.youmushiguang.com\/wp-content\/uploads\/2026\/03\/2-20.webp\" alt=\"\" class=\"wp-image-6146\" srcset=\"https:\/\/www.youmushiguang.com\/wp-content\/uploads\/2026\/03\/2-20.webp 750w, https:\/\/www.youmushiguang.com\/wp-content\/uploads\/2026\/03\/2-20-174x300.webp 174w, https:\/\/www.youmushiguang.com\/wp-content\/uploads\/2026\/03\/2-20-7x12.webp 7w, https:\/\/www.youmushiguang.com\/wp-content\/uploads\/2026\/03\/2-20-600x1033.webp 600w\" sizes=\"(max-width: 750px) 100vw, 750px\" \/><\/figure>\n\n\n\n<figure class=\"wp-block-image size-full\"><img decoding=\"async\" width=\"750\" height=\"1019\" src=\"https:\/\/www.youmushiguang.com\/wp-content\/uploads\/2026\/03\/3-20.webp\" alt=\"\" class=\"wp-image-6147\" srcset=\"https:\/\/www.youmushiguang.com\/wp-content\/uploads\/2026\/03\/3-20.webp 750w, https:\/\/www.youmushiguang.com\/wp-content\/uploads\/2026\/03\/3-20-221x300.webp 221w, https:\/\/www.youmushiguang.com\/wp-content\/uploads\/2026\/03\/3-20-9x12.webp 9w, https:\/\/www.youmushiguang.com\/wp-content\/uploads\/2026\/03\/3-20-600x815.webp 600w\" sizes=\"(max-width: 750px) 100vw, 750px\" \/><\/figure>\n\n\n\n<figure class=\"wp-block-image size-full\"><img decoding=\"async\" width=\"750\" height=\"1125\" src=\"https:\/\/www.youmushiguang.com\/wp-content\/uploads\/2026\/03\/4-22.webp\" alt=\"\" class=\"wp-image-6148\" srcset=\"https:\/\/www.youmushiguang.com\/wp-content\/uploads\/2026\/03\/4-22.webp 750w, https:\/\/www.youmushiguang.com\/wp-content\/uploads\/2026\/03\/4-22-200x300.webp 200w, https:\/\/www.youmushiguang.com\/wp-content\/uploads\/2026\/03\/4-22-8x12.webp 8w, https:\/\/www.youmushiguang.com\/wp-content\/uploads\/2026\/03\/4-22-600x900.webp 600w\" sizes=\"(max-width: 750px) 100vw, 750px\" \/><\/figure>\n\n\n\n<figure class=\"wp-block-image size-full\"><img decoding=\"async\" width=\"750\" height=\"2577\" src=\"https:\/\/www.youmushiguang.com\/wp-content\/uploads\/2026\/03\/5-15.webp\" alt=\"\" class=\"wp-image-6150\" srcset=\"https:\/\/www.youmushiguang.com\/wp-content\/uploads\/2026\/03\/5-15.webp 750w, https:\/\/www.youmushiguang.com\/wp-content\/uploads\/2026\/03\/5-15-87x300.webp 87w, https:\/\/www.youmushiguang.com\/wp-content\/uploads\/2026\/03\/5-15-600x2062.webp 600w\" sizes=\"(max-width: 750px) 100vw, 750px\" \/><\/figure>\n\n\n\n<figure class=\"wp-block-image size-full\"><img decoding=\"async\" width=\"750\" height=\"2329\" src=\"https:\/\/www.youmushiguang.com\/wp-content\/uploads\/2026\/03\/6-15.webp\" alt=\"\" class=\"wp-image-6151\" srcset=\"https:\/\/www.youmushiguang.com\/wp-content\/uploads\/2026\/03\/6-15.webp 750w, https:\/\/www.youmushiguang.com\/wp-content\/uploads\/2026\/03\/6-15-97x300.webp 97w, https:\/\/www.youmushiguang.com\/wp-content\/uploads\/2026\/03\/6-15-4x12.webp 4w, https:\/\/www.youmushiguang.com\/wp-content\/uploads\/2026\/03\/6-15-600x1863.webp 600w\" sizes=\"(max-width: 750px) 100vw, 750px\" \/><\/figure>\n\n\n\n<figure class=\"wp-block-image size-full\"><img decoding=\"async\" width=\"750\" height=\"2444\" src=\"https:\/\/www.youmushiguang.com\/wp-content\/uploads\/2026\/03\/7-10.webp\" alt=\"\" class=\"wp-image-6152\" srcset=\"https:\/\/www.youmushiguang.com\/wp-content\/uploads\/2026\/03\/7-10.webp 750w, https:\/\/www.youmushiguang.com\/wp-content\/uploads\/2026\/03\/7-10-92x300.webp 92w, https:\/\/www.youmushiguang.com\/wp-content\/uploads\/2026\/03\/7-10-4x12.webp 4w, https:\/\/www.youmushiguang.com\/wp-content\/uploads\/2026\/03\/7-10-600x1955.webp 600w\" sizes=\"(max-width: 750px) 100vw, 750px\" \/><\/figure>\n\n\n\n<figure class=\"wp-block-image size-full\"><img decoding=\"async\" width=\"750\" height=\"2005\" src=\"https:\/\/www.youmushiguang.com\/wp-content\/uploads\/2026\/03\/8-11.webp\" alt=\"\" class=\"wp-image-6153\" srcset=\"https:\/\/www.youmushiguang.com\/wp-content\/uploads\/2026\/03\/8-11.webp 750w, https:\/\/www.youmushiguang.com\/wp-content\/uploads\/2026\/03\/8-11-112x300.webp 112w, https:\/\/www.youmushiguang.com\/wp-content\/uploads\/2026\/03\/8-11-4x12.webp 4w, https:\/\/www.youmushiguang.com\/wp-content\/uploads\/2026\/03\/8-11-600x1604.webp 600w\" sizes=\"(max-width: 750px) 100vw, 750px\" \/><\/figure>\n\n\n\n<figure class=\"wp-block-image size-full\"><img decoding=\"async\" width=\"750\" height=\"1695\" src=\"https:\/\/www.youmushiguang.com\/wp-content\/uploads\/2026\/03\/9-6.webp\" alt=\"\" class=\"wp-image-6154\" srcset=\"https:\/\/www.youmushiguang.com\/wp-content\/uploads\/2026\/03\/9-6.webp 750w, https:\/\/www.youmushiguang.com\/wp-content\/uploads\/2026\/03\/9-6-133x300.webp 133w, https:\/\/www.youmushiguang.com\/wp-content\/uploads\/2026\/03\/9-6-5x12.webp 5w, https:\/\/www.youmushiguang.com\/wp-content\/uploads\/2026\/03\/9-6-600x1356.webp 600w\" sizes=\"(max-width: 750px) 100vw, 750px\" \/><\/figure>\n<\/div>\n\n\n\n<div class=\"wp-block-column is-layout-flow wp-block-column-is-layout-flow\" style=\"flex-basis:25%\"><\/div>\n<\/div>\n\n\n\n<p><\/p>","protected":false},"excerpt":{"rendered":"<p>Elevate your commercial or high-end residential interior portfolio with our <b data-path-to-node=\"5\" data-index-in-node=\"76\">Luxury Modern Round Dining Table Set<\/b>. Designed specifically for high-capacity environments, this set features a sophisticated 12-seater configuration, making it an ideal choice for luxury hotels, banquet halls, and upscale restaurant private dining rooms.<\/p>\n<p>Como profissional <a href=\"https:\/\/www.youmushiguang.com\/pt\/\" target=\"_blank\" rel=\"noopener\"><strong>hotel and restaurant furniture manufacturer<\/strong><\/a>, we offer comprehensive wholesale support\u2014including customizable finish options via OEM\/ODM services\u2014to ensure our products perfectly align with the specific requirements of your brand&#8217;s restaurant projects.<\/p>\n<h2>Especifica\u00e7\u00f5es do mobili\u00e1rio para salas de banquetes<\/h2>\n<table style=\"border-collapse: collapse; width: 501.02pt;\" border=\"0\" width=\"668\" cellspacing=\"0\" cellpadding=\"0\">\n<tbody>\n<tr style=\"height: 13.50pt;\">\n<td class=\"et2\" style=\"height: 13.50pt; width: 107.25pt;\" width=\"143\" height=\"18\">Modelo<\/td>\n<td class=\"et3\" style=\"width: 393.75pt;\" width=\"525\">66-4<\/td>\n<\/tr>\n<tr style=\"height: 13.50pt;\">\n<td class=\"et2\" style=\"height: 13.50pt; width: 107.25pt;\" width=\"143\" height=\"18\">Categoria<\/td>\n<td class=\"et3\" style=\"width: 393.75pt;\" width=\"525\">Mesa redonda el\u00e9ctrica para hotel<\/td>\n<\/tr>\n<tr style=\"height: 13.50pt;\">\n<td class=\"et2\" style=\"height: 13.50pt; width: 107.25pt;\" width=\"143\" height=\"18\">Nome do produto<\/td>\n<td class=\"et3\" style=\"width: 393.75pt;\" width=\"525\">Mesa redonda grande de madeira maci\u00e7a com lajes de pedra<\/td>\n<\/tr>\n<tr style=\"height: 27.00pt;\">\n<td class=\"et2\" style=\"height: 27.00pt; width: 107.25pt;\" width=\"143\" height=\"36\">Op\u00e7\u00f5es de personaliza\u00e7\u00e3o<\/td>\n<td class=\"et3\" style=\"width: 393.75pt;\" width=\"525\">Estilo\/Cor\/Tamanho\/Material<\/td>\n<\/tr>\n<tr style=\"height: 27.00pt;\">\n<td class=\"et2\" style=\"height: 27.00pt; width: 107.25pt;\" width=\"143\" height=\"36\">Cadeira<\/td>\n<td class=\"et3\" style=\"width: 393.75pt;\" width=\"525\">Estrutura em ferro de alta qualidade + revestimento em couro Nappa amigo do ambiente + esponja de ressalto de alta densidade<\/td>\n<\/tr>\n<tr style=\"height: 27.00pt;\">\n<td class=\"et2\" style=\"height: 27.00pt; width: 107.25pt;\" width=\"143\" height=\"36\">Tabela<\/td>\n<td class=\"et3\" style=\"width: 393.75pt;\" width=\"525\">Placa de madeira maci\u00e7a multicamada com folheado + estrutura de madeira maci\u00e7a multicamada + placa girat\u00f3ria de rocha de alta dureza<\/td>\n<\/tr>\n<tr style=\"height: 27.00pt;\">\n<td class=\"et2\" style=\"height: 27.00pt; width: 107.25pt;\" width=\"143\" height=\"36\">Cena de aplica\u00e7\u00e3o<\/td>\n<td class=\"et3\" style=\"width: 393.75pt;\" width=\"525\">Hot\u00e9is\/clubes\/moradias de luxo<\/td>\n<\/tr>\n<tr style=\"height: 13.50pt;\">\n<td class=\"et2\" style=\"height: 13.50pt; width: 107.25pt;\" width=\"143\" height=\"18\">Cor<\/td>\n<td class=\"et3\" style=\"width: 393.75pt;\" width=\"525\">Castanho\/Vinho tinto (personaliz\u00e1vel)<\/td>\n<\/tr>\n<tr style=\"height: 13.50pt;\">\n<td class=\"et2\" style=\"height: 13.50pt; width: 107.25pt;\" width=\"143\" height=\"18\">Material<\/td>\n<td class=\"et3\" style=\"width: 393.75pt;\" width=\"525\">Contraplacado\/placa de rocha\/metal\/couro\/esponja<\/td>\n<\/tr>\n<tr style=\"height: 13.50pt;\">\n<td class=\"et2\" style=\"height: 13.50pt; width: 107.25pt;\" width=\"143\" height=\"18\">Estilo<\/td>\n<td class=\"et3\" style=\"width: 393.75pt;\" width=\"525\">Novo estilo chin\u00eas<\/td>\n<\/tr>\n<\/tbody>\n<\/table>\n<p>&nbsp;<\/p>\n<p><script src=\"chrome-extension:\/\/fpelahbljekknahkcaegamhcndkfpfnc\/iFrame.js\" type=\"text\/javascript\"><\/script><\/p>\n<p>\n<script src=\"chrome-extension:\/\/fpelahbljekknahkcaegamhcndkfpfnc\/iFrame.js\" type=\"text\/javascript\"><\/script><\/p>","protected":false},"featured_media":6140,"comment_status":"closed","ping_status":"closed","template":"","meta":{"_acf_changed":true},"product_brand":[],"product_cat":[22],"product_tag":[],"class_list":{"0":"post-6139","1":"product","2":"type-product","3":"status-publish","4":"has-post-thumbnail","6":"product_cat-hotel-round-table-set","8":"first","9":"instock","10":"shipping-taxable","11":"purchasable","12":"product-type-simple"},"acf":[],"_links":{"self":[{"href":"https:\/\/www.youmushiguang.com\/pt\/wp-json\/wp\/v2\/product\/6139","targetHints":{"allow":["GET"]}}],"collection":[{"href":"https:\/\/www.youmushiguang.com\/pt\/wp-json\/wp\/v2\/product"}],"about":[{"href":"https:\/\/www.youmushiguang.com\/pt\/wp-json\/wp\/v2\/types\/product"}],"replies":[{"embeddable":true,"href":"https:\/\/www.youmushiguang.com\/pt\/wp-json\/wp\/v2\/comments?post=6139"}],"wp:featuredmedia":[{"embeddable":true,"href":"https:\/\/www.youmushiguang.com\/pt\/wp-json\/wp\/v2\/media\/6140"}],"wp:attachment":[{"href":"https:\/\/www.youmushiguang.com\/pt\/wp-json\/wp\/v2\/media?parent=6139"}],"wp:term":[{"taxonomy":"product_brand","embeddable":true,"href":"https:\/\/www.youmushiguang.com\/pt\/wp-json\/wp\/v2\/product_brand?post=6139"},{"taxonomy":"product_cat","embeddable":true,"href":"https:\/\/www.youmushiguang.com\/pt\/wp-json\/wp\/v2\/product_cat?post=6139"},{"taxonomy":"product_tag","embeddable":true,"href":"https:\/\/www.youmushiguang.com\/pt\/wp-json\/wp\/v2\/product_tag?post=6139"}],"curies":[{"name":"wp","href":"https:\/\/api.w.org\/{rel}","templated":true}]}}