{"id":6194,"date":"2026-04-03T04:05:15","date_gmt":"2026-04-03T04:05:15","guid":{"rendered":"https:\/\/www.youmushiguang.com\/?post_type=product&#038;p=6194"},"modified":"2026-04-03T06:15:55","modified_gmt":"2026-04-03T06:15:55","slug":"wholesale-elegant-wooden-restaurant-booth-seating-sets","status":"publish","type":"product","link":"https:\/\/www.youmushiguang.com\/pt\/product\/wholesale-elegant-wooden-restaurant-booth-seating-sets\/","title":{"rendered":"Wholesale Elegant Wooden Restaurant Booth Seating Sets \u2013 Custom Restaurant Furniture Manufacturer Supply"},"content":{"rendered":"<div class=\"wp-block-columns is-layout-flex wp-container-core-columns-is-layout-9d6595d7 wp-block-columns-is-layout-flex\">\n<div class=\"wp-block-column is-layout-flow wp-block-column-is-layout-flow\" style=\"flex-basis:25%\"><\/div>\n\n\n\n<div class=\"wp-block-column is-layout-flow wp-block-column-is-layout-flow\" style=\"flex-basis:50%\">\n<figure class=\"wp-block-image size-full\"><img decoding=\"async\" width=\"2929\" height=\"1431\" src=\"https:\/\/www.youmushiguang.com\/wp-content\/uploads\/2026\/04\/6e8d6df82bc1bd3b4e83ce6fadfa6c6b.webp\" alt=\"\" class=\"wp-image-6196\" srcset=\"https:\/\/www.youmushiguang.com\/wp-content\/uploads\/2026\/04\/6e8d6df82bc1bd3b4e83ce6fadfa6c6b.webp 2929w, https:\/\/www.youmushiguang.com\/wp-content\/uploads\/2026\/04\/6e8d6df82bc1bd3b4e83ce6fadfa6c6b-300x147.webp 300w, https:\/\/www.youmushiguang.com\/wp-content\/uploads\/2026\/04\/6e8d6df82bc1bd3b4e83ce6fadfa6c6b-768x375.webp 768w, https:\/\/www.youmushiguang.com\/wp-content\/uploads\/2026\/04\/6e8d6df82bc1bd3b4e83ce6fadfa6c6b-18x9.webp 18w, https:\/\/www.youmushiguang.com\/wp-content\/uploads\/2026\/04\/6e8d6df82bc1bd3b4e83ce6fadfa6c6b-1200x586.webp 1200w, https:\/\/www.youmushiguang.com\/wp-content\/uploads\/2026\/04\/6e8d6df82bc1bd3b4e83ce6fadfa6c6b-600x293.webp 600w\" sizes=\"(max-width: 2929px) 100vw, 2929px\" \/><\/figure>\n\n\n\n<figure class=\"wp-block-image size-full\"><img decoding=\"async\" width=\"790\" height=\"1072\" src=\"https:\/\/www.youmushiguang.com\/wp-content\/uploads\/2026\/04\/\u8be6\u60c5_03-2.webp\" alt=\"\" class=\"wp-image-6197\" srcset=\"https:\/\/www.youmushiguang.com\/wp-content\/uploads\/2026\/04\/\u8be6\u60c5_03-2.webp 790w, https:\/\/www.youmushiguang.com\/wp-content\/uploads\/2026\/04\/\u8be6\u60c5_03-2-221x300.webp 221w, https:\/\/www.youmushiguang.com\/wp-content\/uploads\/2026\/04\/\u8be6\u60c5_03-2-768x1042.webp 768w, https:\/\/www.youmushiguang.com\/wp-content\/uploads\/2026\/04\/\u8be6\u60c5_03-2-9x12.webp 9w, https:\/\/www.youmushiguang.com\/wp-content\/uploads\/2026\/04\/\u8be6\u60c5_03-2-600x814.webp 600w\" sizes=\"(max-width: 790px) 100vw, 790px\" \/><\/figure>\n\n\n\n<figure class=\"wp-block-image size-full\"><img decoding=\"async\" width=\"2587\" height=\"1620\" src=\"https:\/\/www.youmushiguang.com\/wp-content\/uploads\/2026\/04\/4fb3c1f355120eb5ad5ea9b0ced669ef.webp\" alt=\"\" class=\"wp-image-6198\" srcset=\"https:\/\/www.youmushiguang.com\/wp-content\/uploads\/2026\/04\/4fb3c1f355120eb5ad5ea9b0ced669ef.webp 2587w, https:\/\/www.youmushiguang.com\/wp-content\/uploads\/2026\/04\/4fb3c1f355120eb5ad5ea9b0ced669ef-300x188.webp 300w, https:\/\/www.youmushiguang.com\/wp-content\/uploads\/2026\/04\/4fb3c1f355120eb5ad5ea9b0ced669ef-768x481.webp 768w, https:\/\/www.youmushiguang.com\/wp-content\/uploads\/2026\/04\/4fb3c1f355120eb5ad5ea9b0ced669ef-18x12.webp 18w, https:\/\/www.youmushiguang.com\/wp-content\/uploads\/2026\/04\/4fb3c1f355120eb5ad5ea9b0ced669ef-1200x751.webp 1200w, https:\/\/www.youmushiguang.com\/wp-content\/uploads\/2026\/04\/4fb3c1f355120eb5ad5ea9b0ced669ef-600x376.webp 600w\" sizes=\"(max-width: 2587px) 100vw, 2587px\" \/><\/figure>\n\n\n\n<figure class=\"wp-block-image size-full\"><img decoding=\"async\" width=\"790\" height=\"791\" src=\"https:\/\/www.youmushiguang.com\/wp-content\/uploads\/2026\/04\/\u8be6\u60c5_05-1.webp\" alt=\"\" class=\"wp-image-6199\" srcset=\"https:\/\/www.youmushiguang.com\/wp-content\/uploads\/2026\/04\/\u8be6\u60c5_05-1.webp 790w, https:\/\/www.youmushiguang.com\/wp-content\/uploads\/2026\/04\/\u8be6\u60c5_05-1-300x300.webp 300w, https:\/\/www.youmushiguang.com\/wp-content\/uploads\/2026\/04\/\u8be6\u60c5_05-1-150x150.webp 150w, https:\/\/www.youmushiguang.com\/wp-content\/uploads\/2026\/04\/\u8be6\u60c5_05-1-768x769.webp 768w, https:\/\/www.youmushiguang.com\/wp-content\/uploads\/2026\/04\/\u8be6\u60c5_05-1-12x12.webp 12w, https:\/\/www.youmushiguang.com\/wp-content\/uploads\/2026\/04\/\u8be6\u60c5_05-1-600x601.webp 600w, https:\/\/www.youmushiguang.com\/wp-content\/uploads\/2026\/04\/\u8be6\u60c5_05-1-100x100.webp 100w\" sizes=\"(max-width: 790px) 100vw, 790px\" \/><\/figure>\n\n\n\n<figure class=\"wp-block-image size-full\"><img decoding=\"async\" width=\"790\" height=\"1099\" src=\"https:\/\/www.youmushiguang.com\/wp-content\/uploads\/2026\/04\/\u8be6\u60c5_09-1.webp\" alt=\"\" class=\"wp-image-6200\" srcset=\"https:\/\/www.youmushiguang.com\/wp-content\/uploads\/2026\/04\/\u8be6\u60c5_09-1.webp 790w, https:\/\/www.youmushiguang.com\/wp-content\/uploads\/2026\/04\/\u8be6\u60c5_09-1-216x300.webp 216w, https:\/\/www.youmushiguang.com\/wp-content\/uploads\/2026\/04\/\u8be6\u60c5_09-1-768x1068.webp 768w, https:\/\/www.youmushiguang.com\/wp-content\/uploads\/2026\/04\/\u8be6\u60c5_09-1-9x12.webp 9w, https:\/\/www.youmushiguang.com\/wp-content\/uploads\/2026\/04\/\u8be6\u60c5_09-1-600x835.webp 600w\" sizes=\"(max-width: 790px) 100vw, 790px\" \/><\/figure>\n\n\n\n<figure class=\"wp-block-image size-full\"><img decoding=\"async\" width=\"790\" height=\"1031\" src=\"https:\/\/www.youmushiguang.com\/wp-content\/uploads\/2026\/04\/\u8be6\u60c5_33-1.webp\" alt=\"\" class=\"wp-image-6201\" srcset=\"https:\/\/www.youmushiguang.com\/wp-content\/uploads\/2026\/04\/\u8be6\u60c5_33-1.webp 790w, https:\/\/www.youmushiguang.com\/wp-content\/uploads\/2026\/04\/\u8be6\u60c5_33-1-230x300.webp 230w, https:\/\/www.youmushiguang.com\/wp-content\/uploads\/2026\/04\/\u8be6\u60c5_33-1-768x1002.webp 768w, https:\/\/www.youmushiguang.com\/wp-content\/uploads\/2026\/04\/\u8be6\u60c5_33-1-9x12.webp 9w, https:\/\/www.youmushiguang.com\/wp-content\/uploads\/2026\/04\/\u8be6\u60c5_33-1-600x783.webp 600w\" sizes=\"(max-width: 790px) 100vw, 790px\" \/><\/figure>\n\n\n\n<figure class=\"wp-block-image size-full\"><img decoding=\"async\" width=\"1806\" height=\"2322\" src=\"https:\/\/www.youmushiguang.com\/wp-content\/uploads\/2026\/04\/76d158311227ea68e929b9df652b6b44.webp\" alt=\"\" class=\"wp-image-6202\" srcset=\"https:\/\/www.youmushiguang.com\/wp-content\/uploads\/2026\/04\/76d158311227ea68e929b9df652b6b44.webp 1806w, https:\/\/www.youmushiguang.com\/wp-content\/uploads\/2026\/04\/76d158311227ea68e929b9df652b6b44-233x300.webp 233w, https:\/\/www.youmushiguang.com\/wp-content\/uploads\/2026\/04\/76d158311227ea68e929b9df652b6b44-768x987.webp 768w, https:\/\/www.youmushiguang.com\/wp-content\/uploads\/2026\/04\/76d158311227ea68e929b9df652b6b44-9x12.webp 9w, https:\/\/www.youmushiguang.com\/wp-content\/uploads\/2026\/04\/76d158311227ea68e929b9df652b6b44-1200x1543.webp 1200w, https:\/\/www.youmushiguang.com\/wp-content\/uploads\/2026\/04\/76d158311227ea68e929b9df652b6b44-600x771.webp 600w\" sizes=\"(max-width: 1806px) 100vw, 1806px\" \/><\/figure>\n\n\n\n<figure class=\"wp-block-image size-full\"><img decoding=\"async\" width=\"1949\" height=\"2150\" src=\"https:\/\/www.youmushiguang.com\/wp-content\/uploads\/2026\/04\/ab6e03058bdfa0841fcd23e5ade7521f.webp\" alt=\"\" class=\"wp-image-6203\" srcset=\"https:\/\/www.youmushiguang.com\/wp-content\/uploads\/2026\/04\/ab6e03058bdfa0841fcd23e5ade7521f.webp 1949w, https:\/\/www.youmushiguang.com\/wp-content\/uploads\/2026\/04\/ab6e03058bdfa0841fcd23e5ade7521f-272x300.webp 272w, https:\/\/www.youmushiguang.com\/wp-content\/uploads\/2026\/04\/ab6e03058bdfa0841fcd23e5ade7521f-768x847.webp 768w, https:\/\/www.youmushiguang.com\/wp-content\/uploads\/2026\/04\/ab6e03058bdfa0841fcd23e5ade7521f-11x12.webp 11w, https:\/\/www.youmushiguang.com\/wp-content\/uploads\/2026\/04\/ab6e03058bdfa0841fcd23e5ade7521f-1200x1324.webp 1200w, https:\/\/www.youmushiguang.com\/wp-content\/uploads\/2026\/04\/ab6e03058bdfa0841fcd23e5ade7521f-600x662.webp 600w\" sizes=\"(max-width: 1949px) 100vw, 1949px\" \/><\/figure>\n<\/div>\n\n\n\n<div class=\"wp-block-column is-layout-flow wp-block-column-is-layout-flow\" style=\"flex-basis:25%\"><\/div>\n<\/div>\n\n\n\n<p><\/p>","protected":false},"excerpt":{"rendered":"<p>Wholesale restaurant booth seating sets elevate your restaurant and create a high-end dining environment. Inspired by modern minimalism and Japanese interior design, these seating solutions combine natural textures, warm colors, and clean architectural lines to create an elegant and tranquil upscale dining atmosphere. Suitable for high-end tea houses, noodle shops, Chinese restaurants, and Japanese restaurants.<\/p>\n<p>Como<a href=\"https:\/\/www.youmushiguang.com\/pt\/product-category\/wholesale-restaurant-furniture\/\" target=\"_blank\" rel=\"noopener\"><strong> wholesale restaurant furniture manufacturer<\/strong><\/a>, we provide comprehensive seating solutions for newly opened restaurants as well as renovation and upgrade projects. Our professional custom restaurant furniture and space layout solutions help enhance customer experience and brand image.<\/p>\n<h2>Especifica\u00e7\u00f5es do mobili\u00e1rio de restaurante<\/h2>\n<table style=\"border-collapse: collapse; width: 501.02pt;\" border=\"0\" width=\"668\" cellspacing=\"0\" cellpadding=\"0\">\n<tbody>\n<tr style=\"height: 13.50pt;\">\n<td class=\"et2\" style=\"height: 13.50pt; width: 107.25pt;\" width=\"143\" height=\"18\">Modelo<\/td>\n<td class=\"et3\" style=\"width: 393.75pt;\" width=\"525\">1812<\/td>\n<\/tr>\n<tr style=\"height: 13.50pt;\">\n<td class=\"et2\" style=\"height: 13.50pt; width: 107.25pt;\" width=\"143\" height=\"18\">Categoria<\/td>\n<td class=\"et3\" style=\"width: 393.75pt;\" width=\"525\">Mobili\u00e1rio de restaurante<\/td>\n<\/tr>\n<tr style=\"height: 13.50pt;\">\n<td class=\"et2\" style=\"height: 13.50pt; width: 107.25pt;\" width=\"143\" height=\"18\">Nome do produto<\/td>\n<td class=\"et3\" style=\"width: 393.75pt;\" width=\"525\">Novas mesas e cadeiras para restaurantes chineses<\/td>\n<\/tr>\n<tr style=\"height: 27.00pt;\">\n<td class=\"et2\" style=\"height: 27.00pt; width: 107.25pt;\" width=\"143\" height=\"36\">Op\u00e7\u00f5es de personaliza\u00e7\u00e3o<\/td>\n<td class=\"et3\" style=\"width: 393.75pt;\" width=\"525\">Estilo\/Cor\/Tamanho\/Material<\/td>\n<\/tr>\n<tr style=\"height: 27.00pt;\">\n<td class=\"et2\" style=\"height: 27.00pt; width: 107.25pt;\" width=\"143\" height=\"36\">Cabina<\/td>\n<td class=\"et3\" style=\"width: 393.75pt;\" width=\"525\">Estrutura de madeira maci\u00e7a de v\u00e1rias camadas + revestimento de couro Nappa n\u00e3o agressivo para a pele + esponja de ressalto de alta densidade<\/td>\n<\/tr>\n<tr style=\"height: 27.00pt;\">\n<td class=\"et2\" style=\"height: 27.00pt; width: 107.25pt;\" width=\"143\" height=\"36\">Cadeira<\/td>\n<td class=\"et3\" style=\"width: 393.75pt;\" width=\"525\">estrutura em madeira maci\u00e7a + revestimento em couro Nappa n\u00e3o agressivo para a pele + esponja de ressalto de alta densidade<\/td>\n<\/tr>\n<tr style=\"height: 27.00pt;\">\n<td class=\"et2\" style=\"height: 27.00pt; width: 107.25pt;\" width=\"143\" height=\"36\">Tabela<\/td>\n<td class=\"et3\" style=\"width: 393.75pt;\" width=\"525\">Solid Wood and Marble Tabletop + Wooden table legs<\/td>\n<\/tr>\n<tr style=\"height: 27.00pt;\">\n<td class=\"et2\" style=\"height: 27.00pt; width: 107.25pt;\" width=\"143\" height=\"36\">Cena de aplica\u00e7\u00e3o<\/td>\n<td class=\"et3\" style=\"width: 393.75pt;\" width=\"525\">restaurante\/restaurante tem\u00e1tico\/restaurante de ch\u00e1\/restaurante Hunan<\/td>\n<\/tr>\n<tr style=\"height: 13.50pt;\">\n<td class=\"et2\" style=\"height: 13.50pt; width: 107.25pt;\" width=\"143\" height=\"18\">Cor<\/td>\n<td class=\"et3\" style=\"width: 393.75pt;\" width=\"525\">Nogueira\/verde (personaliz\u00e1vel)<\/td>\n<\/tr>\n<tr style=\"height: 13.50pt;\">\n<td class=\"et2\" style=\"height: 13.50pt; width: 107.25pt;\" width=\"143\" height=\"18\">Material<\/td>\n<td class=\"et3\" style=\"width: 393.75pt;\" width=\"525\">Contraplacado\/Madeira maci\u00e7a\/Metal\/Couro\/Esponja<\/td>\n<\/tr>\n<tr style=\"height: 13.50pt;\">\n<td class=\"et2\" style=\"height: 13.50pt; width: 107.25pt;\" width=\"143\" height=\"18\">Estilo<\/td>\n<td class=\"et3\" style=\"width: 393.75pt;\" width=\"525\">Novo estilo chin\u00eas<\/td>\n<\/tr>\n<\/tbody>\n<\/table>\n<p>&nbsp;<\/p>\n<p>&nbsp;<\/p>\n<p><script src=\"chrome-extension:\/\/fpelahbljekknahkcaegamhcndkfpfnc\/iFrame.js\" type=\"text\/javascript\"><\/script><\/p>\n<p>\n<script src=\"chrome-extension:\/\/fpelahbljekknahkcaegamhcndkfpfnc\/iFrame.js\" type=\"text\/javascript\"><\/script><\/p>","protected":false},"featured_media":6195,"comment_status":"closed","ping_status":"closed","template":"","meta":{"_acf_changed":true},"product_brand":[],"product_cat":[24,45,38],"product_tag":[],"class_list":{"0":"post-6194","1":"product","2":"type-product","3":"status-publish","4":"has-post-thumbnail","6":"product_cat-wholesale-restaurant-furniture","7":"product_cat-chinese-restaurant-furniture","8":"product_cat-wholesale-japanese-style-restaurant-furniture","10":"first","11":"instock","12":"shipping-taxable","13":"product-type-simple"},"acf":[],"_links":{"self":[{"href":"https:\/\/www.youmushiguang.com\/pt\/wp-json\/wp\/v2\/product\/6194","targetHints":{"allow":["GET"]}}],"collection":[{"href":"https:\/\/www.youmushiguang.com\/pt\/wp-json\/wp\/v2\/product"}],"about":[{"href":"https:\/\/www.youmushiguang.com\/pt\/wp-json\/wp\/v2\/types\/product"}],"replies":[{"embeddable":true,"href":"https:\/\/www.youmushiguang.com\/pt\/wp-json\/wp\/v2\/comments?post=6194"}],"wp:featuredmedia":[{"embeddable":true,"href":"https:\/\/www.youmushiguang.com\/pt\/wp-json\/wp\/v2\/media\/6195"}],"wp:attachment":[{"href":"https:\/\/www.youmushiguang.com\/pt\/wp-json\/wp\/v2\/media?parent=6194"}],"wp:term":[{"taxonomy":"product_brand","embeddable":true,"href":"https:\/\/www.youmushiguang.com\/pt\/wp-json\/wp\/v2\/product_brand?post=6194"},{"taxonomy":"product_cat","embeddable":true,"href":"https:\/\/www.youmushiguang.com\/pt\/wp-json\/wp\/v2\/product_cat?post=6194"},{"taxonomy":"product_tag","embeddable":true,"href":"https:\/\/www.youmushiguang.com\/pt\/wp-json\/wp\/v2\/product_tag?post=6194"}],"curies":[{"name":"wp","href":"https:\/\/api.w.org\/{rel}","templated":true}]}}