{"id":6215,"date":"2026-04-06T03:02:44","date_gmt":"2026-04-06T03:02:44","guid":{"rendered":"https:\/\/www.youmushiguang.com\/?post_type=product&#038;p=6215"},"modified":"2026-04-06T03:15:17","modified_gmt":"2026-04-06T03:15:17","slug":"factory-supply-chinese-style-restaurant-tea-house-furniture","status":"publish","type":"product","link":"https:\/\/www.youmushiguang.com\/pt\/product\/factory-supply-chinese-style-restaurant-tea-house-furniture\/","title":{"rendered":"Factory Supply Chinese-Style Restaurant Tea House Furniture \u2013 Custom Restaurant Furniture Manufacturer"},"content":{"rendered":"<div class=\"wp-block-columns is-layout-flex wp-container-core-columns-is-layout-9d6595d7 wp-block-columns-is-layout-flex\">\n<div class=\"wp-block-column is-layout-flow wp-block-column-is-layout-flow\" style=\"flex-basis:25%\"><\/div>\n\n\n\n<div class=\"wp-block-column is-layout-flow wp-block-column-is-layout-flow\" style=\"flex-basis:50%\">\n<figure class=\"wp-block-image size-full\"><img decoding=\"async\" width=\"790\" height=\"386\" src=\"https:\/\/www.youmushiguang.com\/wp-content\/uploads\/2026\/04\/\u8be6\u60c5_02_PicCopilot_fd989.webp\" alt=\"\" class=\"wp-image-6217\" srcset=\"https:\/\/www.youmushiguang.com\/wp-content\/uploads\/2026\/04\/\u8be6\u60c5_02_PicCopilot_fd989.webp 790w, https:\/\/www.youmushiguang.com\/wp-content\/uploads\/2026\/04\/\u8be6\u60c5_02_PicCopilot_fd989-300x147.webp 300w, https:\/\/www.youmushiguang.com\/wp-content\/uploads\/2026\/04\/\u8be6\u60c5_02_PicCopilot_fd989-768x375.webp 768w, https:\/\/www.youmushiguang.com\/wp-content\/uploads\/2026\/04\/\u8be6\u60c5_02_PicCopilot_fd989-18x9.webp 18w, https:\/\/www.youmushiguang.com\/wp-content\/uploads\/2026\/04\/\u8be6\u60c5_02_PicCopilot_fd989-600x293.webp 600w\" sizes=\"(max-width: 790px) 100vw, 790px\" \/><\/figure>\n\n\n\n<figure class=\"wp-block-image size-full\"><img decoding=\"async\" width=\"790\" height=\"1072\" src=\"https:\/\/www.youmushiguang.com\/wp-content\/uploads\/2026\/04\/\u8be6\u60c5_03-3.webp\" alt=\"\" class=\"wp-image-6218\" srcset=\"https:\/\/www.youmushiguang.com\/wp-content\/uploads\/2026\/04\/\u8be6\u60c5_03-3.webp 790w, https:\/\/www.youmushiguang.com\/wp-content\/uploads\/2026\/04\/\u8be6\u60c5_03-3-221x300.webp 221w, https:\/\/www.youmushiguang.com\/wp-content\/uploads\/2026\/04\/\u8be6\u60c5_03-3-768x1042.webp 768w, https:\/\/www.youmushiguang.com\/wp-content\/uploads\/2026\/04\/\u8be6\u60c5_03-3-9x12.webp 9w, https:\/\/www.youmushiguang.com\/wp-content\/uploads\/2026\/04\/\u8be6\u60c5_03-3-600x814.webp 600w\" sizes=\"(max-width: 790px) 100vw, 790px\" \/><\/figure>\n\n\n\n<figure class=\"wp-block-image size-full\"><img decoding=\"async\" width=\"790\" height=\"791\" src=\"https:\/\/www.youmushiguang.com\/wp-content\/uploads\/2026\/04\/\u8be6\u60c5_05-2.webp\" alt=\"\" class=\"wp-image-6219\" srcset=\"https:\/\/www.youmushiguang.com\/wp-content\/uploads\/2026\/04\/\u8be6\u60c5_05-2.webp 790w, https:\/\/www.youmushiguang.com\/wp-content\/uploads\/2026\/04\/\u8be6\u60c5_05-2-300x300.webp 300w, https:\/\/www.youmushiguang.com\/wp-content\/uploads\/2026\/04\/\u8be6\u60c5_05-2-150x150.webp 150w, https:\/\/www.youmushiguang.com\/wp-content\/uploads\/2026\/04\/\u8be6\u60c5_05-2-768x769.webp 768w, https:\/\/www.youmushiguang.com\/wp-content\/uploads\/2026\/04\/\u8be6\u60c5_05-2-12x12.webp 12w, https:\/\/www.youmushiguang.com\/wp-content\/uploads\/2026\/04\/\u8be6\u60c5_05-2-600x601.webp 600w, https:\/\/www.youmushiguang.com\/wp-content\/uploads\/2026\/04\/\u8be6\u60c5_05-2-100x100.webp 100w\" sizes=\"(max-width: 790px) 100vw, 790px\" \/><\/figure>\n\n\n\n<figure class=\"wp-block-image size-full\"><img decoding=\"async\" width=\"790\" height=\"1086\" src=\"https:\/\/www.youmushiguang.com\/wp-content\/uploads\/2026\/04\/\u8be6\u60c5_08.webp\" alt=\"\" class=\"wp-image-6220\" srcset=\"https:\/\/www.youmushiguang.com\/wp-content\/uploads\/2026\/04\/\u8be6\u60c5_08.webp 790w, https:\/\/www.youmushiguang.com\/wp-content\/uploads\/2026\/04\/\u8be6\u60c5_08-218x300.webp 218w, https:\/\/www.youmushiguang.com\/wp-content\/uploads\/2026\/04\/\u8be6\u60c5_08-768x1056.webp 768w, https:\/\/www.youmushiguang.com\/wp-content\/uploads\/2026\/04\/\u8be6\u60c5_08-9x12.webp 9w, https:\/\/www.youmushiguang.com\/wp-content\/uploads\/2026\/04\/\u8be6\u60c5_08-600x825.webp 600w\" sizes=\"(max-width: 790px) 100vw, 790px\" \/><\/figure>\n\n\n\n<figure class=\"wp-block-image size-full\"><img decoding=\"async\" width=\"790\" height=\"1180\" src=\"https:\/\/www.youmushiguang.com\/wp-content\/uploads\/2026\/04\/\u8be6\u60c5_15_PicCopilot_d197b.webp\" alt=\"\" class=\"wp-image-6221\" srcset=\"https:\/\/www.youmushiguang.com\/wp-content\/uploads\/2026\/04\/\u8be6\u60c5_15_PicCopilot_d197b.webp 790w, https:\/\/www.youmushiguang.com\/wp-content\/uploads\/2026\/04\/\u8be6\u60c5_15_PicCopilot_d197b-201x300.webp 201w, https:\/\/www.youmushiguang.com\/wp-content\/uploads\/2026\/04\/\u8be6\u60c5_15_PicCopilot_d197b-768x1147.webp 768w, https:\/\/www.youmushiguang.com\/wp-content\/uploads\/2026\/04\/\u8be6\u60c5_15_PicCopilot_d197b-8x12.webp 8w, https:\/\/www.youmushiguang.com\/wp-content\/uploads\/2026\/04\/\u8be6\u60c5_15_PicCopilot_d197b-600x896.webp 600w\" sizes=\"(max-width: 790px) 100vw, 790px\" \/><\/figure>\n\n\n\n<figure class=\"wp-block-image size-full\"><img decoding=\"async\" width=\"790\" height=\"1099\" src=\"https:\/\/www.youmushiguang.com\/wp-content\/uploads\/2026\/04\/\u8be6\u60c5_09-2.webp\" alt=\"\" class=\"wp-image-6222\" srcset=\"https:\/\/www.youmushiguang.com\/wp-content\/uploads\/2026\/04\/\u8be6\u60c5_09-2.webp 790w, https:\/\/www.youmushiguang.com\/wp-content\/uploads\/2026\/04\/\u8be6\u60c5_09-2-216x300.webp 216w, https:\/\/www.youmushiguang.com\/wp-content\/uploads\/2026\/04\/\u8be6\u60c5_09-2-768x1068.webp 768w, https:\/\/www.youmushiguang.com\/wp-content\/uploads\/2026\/04\/\u8be6\u60c5_09-2-9x12.webp 9w, https:\/\/www.youmushiguang.com\/wp-content\/uploads\/2026\/04\/\u8be6\u60c5_09-2-600x835.webp 600w\" sizes=\"(max-width: 790px) 100vw, 790px\" \/><\/figure>\n\n\n\n<figure class=\"wp-block-image size-full\"><img decoding=\"async\" width=\"790\" height=\"1087\" src=\"https:\/\/www.youmushiguang.com\/wp-content\/uploads\/2026\/04\/\u8be6\u60c5_10-1.webp\" alt=\"\" class=\"wp-image-6223\" srcset=\"https:\/\/www.youmushiguang.com\/wp-content\/uploads\/2026\/04\/\u8be6\u60c5_10-1.webp 790w, https:\/\/www.youmushiguang.com\/wp-content\/uploads\/2026\/04\/\u8be6\u60c5_10-1-218x300.webp 218w, https:\/\/www.youmushiguang.com\/wp-content\/uploads\/2026\/04\/\u8be6\u60c5_10-1-768x1057.webp 768w, https:\/\/www.youmushiguang.com\/wp-content\/uploads\/2026\/04\/\u8be6\u60c5_10-1-9x12.webp 9w, https:\/\/www.youmushiguang.com\/wp-content\/uploads\/2026\/04\/\u8be6\u60c5_10-1-600x826.webp 600w\" sizes=\"(max-width: 790px) 100vw, 790px\" \/><\/figure>\n\n\n\n<figure class=\"wp-block-image size-full\"><img decoding=\"async\" width=\"790\" height=\"1014\" src=\"https:\/\/www.youmushiguang.com\/wp-content\/uploads\/2026\/04\/\u8be6\u60c5_34_PicCopilot_20079.webp\" alt=\"\" class=\"wp-image-6224\" srcset=\"https:\/\/www.youmushiguang.com\/wp-content\/uploads\/2026\/04\/\u8be6\u60c5_34_PicCopilot_20079.webp 790w, https:\/\/www.youmushiguang.com\/wp-content\/uploads\/2026\/04\/\u8be6\u60c5_34_PicCopilot_20079-234x300.webp 234w, https:\/\/www.youmushiguang.com\/wp-content\/uploads\/2026\/04\/\u8be6\u60c5_34_PicCopilot_20079-768x986.webp 768w, https:\/\/www.youmushiguang.com\/wp-content\/uploads\/2026\/04\/\u8be6\u60c5_34_PicCopilot_20079-9x12.webp 9w, https:\/\/www.youmushiguang.com\/wp-content\/uploads\/2026\/04\/\u8be6\u60c5_34_PicCopilot_20079-600x770.webp 600w\" sizes=\"(max-width: 790px) 100vw, 790px\" \/><\/figure>\n\n\n\n<figure class=\"wp-block-image size-full\"><img decoding=\"async\" width=\"790\" height=\"874\" src=\"https:\/\/www.youmushiguang.com\/wp-content\/uploads\/2026\/04\/\u8be6\u60c5_35_PicCopilot_4728f.webp\" alt=\"\" class=\"wp-image-6225\" srcset=\"https:\/\/www.youmushiguang.com\/wp-content\/uploads\/2026\/04\/\u8be6\u60c5_35_PicCopilot_4728f.webp 790w, https:\/\/www.youmushiguang.com\/wp-content\/uploads\/2026\/04\/\u8be6\u60c5_35_PicCopilot_4728f-271x300.webp 271w, https:\/\/www.youmushiguang.com\/wp-content\/uploads\/2026\/04\/\u8be6\u60c5_35_PicCopilot_4728f-768x850.webp 768w, https:\/\/www.youmushiguang.com\/wp-content\/uploads\/2026\/04\/\u8be6\u60c5_35_PicCopilot_4728f-11x12.webp 11w, https:\/\/www.youmushiguang.com\/wp-content\/uploads\/2026\/04\/\u8be6\u60c5_35_PicCopilot_4728f-600x664.webp 600w\" sizes=\"(max-width: 790px) 100vw, 790px\" \/><\/figure>\n<\/div>\n\n\n\n<div class=\"wp-block-column is-layout-flow wp-block-column-is-layout-flow\" style=\"flex-basis:25%\"><\/div>\n<\/div>\n\n\n\n<p><\/p>","protected":false},"excerpt":{"rendered":"<p>Elevate your dining and tea house experience with our Chinese-style restaurant furniture, designed for elegance, comfort, and practicality. We offer wholesale solutions that blend traditional Chinese aesthetics with modern durability, supplying Chinese restaurants worldwide while also providing layout solutions. Contact us for a quote!<\/p>\n<h2>Especifica\u00e7\u00f5es do mobili\u00e1rio de restaurante<\/h2>\n<table style=\"border-collapse: collapse; width: 501.02pt;\" border=\"0\" width=\"668\" cellspacing=\"0\" cellpadding=\"0\">\n<tbody>\n<tr style=\"height: 13.50pt;\">\n<td class=\"et2\" style=\"height: 13.50pt; width: 107.25pt;\" width=\"143\" height=\"18\">Modelo<\/td>\n<td class=\"et3\" style=\"width: 393.75pt;\" width=\"525\">1813<\/td>\n<\/tr>\n<tr style=\"height: 13.50pt;\">\n<td class=\"et2\" style=\"height: 13.50pt; width: 107.25pt;\" width=\"143\" height=\"18\">Categoria<\/td>\n<td class=\"et3\" style=\"width: 393.75pt;\" width=\"525\">Mobili\u00e1rio de restaurante<\/td>\n<\/tr>\n<tr style=\"height: 13.50pt;\">\n<td class=\"et2\" style=\"height: 13.50pt; width: 107.25pt;\" width=\"143\" height=\"18\">Nome do produto<\/td>\n<td class=\"et3\" style=\"width: 393.75pt;\" width=\"525\">Novas mesas e cadeiras para restaurantes chineses<\/td>\n<\/tr>\n<tr style=\"height: 27.00pt;\">\n<td class=\"et2\" style=\"height: 27.00pt; width: 107.25pt;\" width=\"143\" height=\"36\">Op\u00e7\u00f5es de personaliza\u00e7\u00e3o<\/td>\n<td class=\"et3\" style=\"width: 393.75pt;\" width=\"525\">Estilo\/Cor\/Tamanho\/Material<\/td>\n<\/tr>\n<tr style=\"height: 27.00pt;\">\n<td class=\"et2\" style=\"height: 27.00pt; width: 107.25pt;\" width=\"143\" height=\"36\">Cabina<\/td>\n<td class=\"et3\" style=\"width: 393.75pt;\" width=\"525\">Estrutura de madeira maci\u00e7a de v\u00e1rias camadas + revestimento de couro Nappa n\u00e3o agressivo para a pele + esponja de ressalto de alta densidade<\/td>\n<\/tr>\n<tr style=\"height: 27.00pt;\">\n<td class=\"et2\" style=\"height: 27.00pt; width: 107.25pt;\" width=\"143\" height=\"36\">Cadeira<\/td>\n<td class=\"et3\" style=\"width: 393.75pt;\" width=\"525\">estrutura em madeira maci\u00e7a + revestimento em couro Nappa n\u00e3o agressivo para a pele + esponja de ressalto de alta densidade<\/td>\n<\/tr>\n<tr style=\"height: 27.00pt;\">\n<td class=\"et2\" style=\"height: 27.00pt; width: 107.25pt;\" width=\"143\" height=\"36\">Tabela<\/td>\n<td class=\"et3\" style=\"width: 393.75pt;\" width=\"525\">Solid Wood and Marble Tabletop + Wooden table legs<\/td>\n<\/tr>\n<tr style=\"height: 27.00pt;\">\n<td class=\"et2\" style=\"height: 27.00pt; width: 107.25pt;\" width=\"143\" height=\"36\">Cena de aplica\u00e7\u00e3o<\/td>\n<td class=\"et3\" style=\"width: 393.75pt;\" width=\"525\">restaurante\/restaurante tem\u00e1tico\/restaurante de ch\u00e1\/restaurante Hunan<\/td>\n<\/tr>\n<tr style=\"height: 13.50pt;\">\n<td class=\"et2\" style=\"height: 13.50pt; width: 107.25pt;\" width=\"143\" height=\"18\">Cor<\/td>\n<td class=\"et3\" style=\"width: 393.75pt;\" width=\"525\">Nogueira\/verde (personaliz\u00e1vel)<\/td>\n<\/tr>\n<tr style=\"height: 13.50pt;\">\n<td class=\"et2\" style=\"height: 13.50pt; width: 107.25pt;\" width=\"143\" height=\"18\">Material<\/td>\n<td class=\"et3\" style=\"width: 393.75pt;\" width=\"525\">Contraplacado\/Madeira maci\u00e7a\/Metal\/Couro\/Esponja<\/td>\n<\/tr>\n<tr style=\"height: 13.50pt;\">\n<td class=\"et2\" style=\"height: 13.50pt; width: 107.25pt;\" width=\"143\" height=\"18\">Estilo<\/td>\n<td class=\"et3\" style=\"width: 393.75pt;\" width=\"525\">Novo estilo chin\u00eas<\/td>\n<\/tr>\n<\/tbody>\n<\/table>\n<p>&nbsp;<\/p>\n<p>&nbsp;<\/p>\n<p>&nbsp;<\/p>\n<p>&nbsp;<\/p>\n<p>\n<script src=\"chrome-extension:\/\/fpelahbljekknahkcaegamhcndkfpfnc\/iFrame.js\" type=\"text\/javascript\"><\/script><\/p>","protected":false},"featured_media":6216,"comment_status":"closed","ping_status":"closed","template":"","meta":{"_acf_changed":true},"product_brand":[],"product_cat":[24,45,38],"product_tag":[],"class_list":{"0":"post-6215","1":"product","2":"type-product","3":"status-publish","4":"has-post-thumbnail","6":"product_cat-wholesale-restaurant-furniture","7":"product_cat-chinese-restaurant-furniture","8":"product_cat-wholesale-japanese-style-restaurant-furniture","10":"first","11":"instock","12":"shipping-taxable","13":"product-type-simple"},"acf":[],"_links":{"self":[{"href":"https:\/\/www.youmushiguang.com\/pt\/wp-json\/wp\/v2\/product\/6215","targetHints":{"allow":["GET"]}}],"collection":[{"href":"https:\/\/www.youmushiguang.com\/pt\/wp-json\/wp\/v2\/product"}],"about":[{"href":"https:\/\/www.youmushiguang.com\/pt\/wp-json\/wp\/v2\/types\/product"}],"replies":[{"embeddable":true,"href":"https:\/\/www.youmushiguang.com\/pt\/wp-json\/wp\/v2\/comments?post=6215"}],"wp:featuredmedia":[{"embeddable":true,"href":"https:\/\/www.youmushiguang.com\/pt\/wp-json\/wp\/v2\/media\/6216"}],"wp:attachment":[{"href":"https:\/\/www.youmushiguang.com\/pt\/wp-json\/wp\/v2\/media?parent=6215"}],"wp:term":[{"taxonomy":"product_brand","embeddable":true,"href":"https:\/\/www.youmushiguang.com\/pt\/wp-json\/wp\/v2\/product_brand?post=6215"},{"taxonomy":"product_cat","embeddable":true,"href":"https:\/\/www.youmushiguang.com\/pt\/wp-json\/wp\/v2\/product_cat?post=6215"},{"taxonomy":"product_tag","embeddable":true,"href":"https:\/\/www.youmushiguang.com\/pt\/wp-json\/wp\/v2\/product_tag?post=6215"}],"curies":[{"name":"wp","href":"https:\/\/api.w.org\/{rel}","templated":true}]}}