{"id":6337,"date":"2026-04-11T08:29:17","date_gmt":"2026-04-11T08:29:17","guid":{"rendered":"https:\/\/www.youmushiguang.com\/?post_type=product&#038;p=6337"},"modified":"2026-04-11T08:41:50","modified_gmt":"2026-04-11T08:41:50","slug":"wholesale-custom-theme-restaurant-furniture","status":"publish","type":"product","link":"https:\/\/www.youmushiguang.com\/pt\/product\/wholesale-custom-theme-restaurant-furniture\/","title":{"rendered":"Custom Theme Restaurant Furniture \u2013 Teahouse and Chinese Restaurant Booth, Sofa, and Chair Set"},"content":{"rendered":"<div class=\"wp-block-columns is-layout-flex wp-container-core-columns-is-layout-9d6595d7 wp-block-columns-is-layout-flex\">\n<div class=\"wp-block-column is-layout-flow wp-block-column-is-layout-flow\" style=\"flex-basis:25%\"><\/div>\n\n\n\n<div class=\"wp-block-column is-layout-flow wp-block-column-is-layout-flow\" style=\"flex-basis:50%\">\n<figure class=\"wp-block-image size-full\"><img decoding=\"async\" width=\"790\" height=\"386\" src=\"https:\/\/www.youmushiguang.com\/wp-content\/uploads\/2026\/04\/\u8be6\u60c5_02_PicCopilot_72e78.jpg\" alt=\"\" class=\"wp-image-6351\" srcset=\"https:\/\/www.youmushiguang.com\/wp-content\/uploads\/2026\/04\/\u8be6\u60c5_02_PicCopilot_72e78.jpg 790w, https:\/\/www.youmushiguang.com\/wp-content\/uploads\/2026\/04\/\u8be6\u60c5_02_PicCopilot_72e78-300x147.jpg 300w, https:\/\/www.youmushiguang.com\/wp-content\/uploads\/2026\/04\/\u8be6\u60c5_02_PicCopilot_72e78-768x375.jpg 768w, https:\/\/www.youmushiguang.com\/wp-content\/uploads\/2026\/04\/\u8be6\u60c5_02_PicCopilot_72e78-18x9.jpg 18w, https:\/\/www.youmushiguang.com\/wp-content\/uploads\/2026\/04\/\u8be6\u60c5_02_PicCopilot_72e78-600x293.jpg 600w\" sizes=\"(max-width: 790px) 100vw, 790px\" \/><\/figure>\n\n\n\n<figure class=\"wp-block-image size-full\"><img decoding=\"async\" width=\"790\" height=\"1072\" src=\"https:\/\/www.youmushiguang.com\/wp-content\/uploads\/2026\/04\/\u8be6\u60c5_03-1.jpg\" alt=\"\" class=\"wp-image-6352\" srcset=\"https:\/\/www.youmushiguang.com\/wp-content\/uploads\/2026\/04\/\u8be6\u60c5_03-1.jpg 790w, https:\/\/www.youmushiguang.com\/wp-content\/uploads\/2026\/04\/\u8be6\u60c5_03-1-221x300.jpg 221w, https:\/\/www.youmushiguang.com\/wp-content\/uploads\/2026\/04\/\u8be6\u60c5_03-1-768x1042.jpg 768w, https:\/\/www.youmushiguang.com\/wp-content\/uploads\/2026\/04\/\u8be6\u60c5_03-1-9x12.jpg 9w, https:\/\/www.youmushiguang.com\/wp-content\/uploads\/2026\/04\/\u8be6\u60c5_03-1-600x814.jpg 600w\" sizes=\"(max-width: 790px) 100vw, 790px\" \/><\/figure>\n\n\n\n<figure class=\"wp-block-image size-full\"><img decoding=\"async\" width=\"790\" height=\"529\" src=\"https:\/\/www.youmushiguang.com\/wp-content\/uploads\/2026\/04\/\u8be6\u60c5_11_PicCopilot_62c4b.jpg\" alt=\"\" class=\"wp-image-6353\" srcset=\"https:\/\/www.youmushiguang.com\/wp-content\/uploads\/2026\/04\/\u8be6\u60c5_11_PicCopilot_62c4b.jpg 790w, https:\/\/www.youmushiguang.com\/wp-content\/uploads\/2026\/04\/\u8be6\u60c5_11_PicCopilot_62c4b-300x201.jpg 300w, https:\/\/www.youmushiguang.com\/wp-content\/uploads\/2026\/04\/\u8be6\u60c5_11_PicCopilot_62c4b-768x514.jpg 768w, https:\/\/www.youmushiguang.com\/wp-content\/uploads\/2026\/04\/\u8be6\u60c5_11_PicCopilot_62c4b-18x12.jpg 18w, https:\/\/www.youmushiguang.com\/wp-content\/uploads\/2026\/04\/\u8be6\u60c5_11_PicCopilot_62c4b-600x402.jpg 600w\" sizes=\"(max-width: 790px) 100vw, 790px\" \/><\/figure>\n\n\n\n<figure class=\"wp-block-image size-full\"><img decoding=\"async\" width=\"790\" height=\"1099\" src=\"https:\/\/www.youmushiguang.com\/wp-content\/uploads\/2026\/04\/\u8be6\u60c5_12-1.jpg\" alt=\"\" class=\"wp-image-6354\" srcset=\"https:\/\/www.youmushiguang.com\/wp-content\/uploads\/2026\/04\/\u8be6\u60c5_12-1.jpg 790w, https:\/\/www.youmushiguang.com\/wp-content\/uploads\/2026\/04\/\u8be6\u60c5_12-1-216x300.jpg 216w, https:\/\/www.youmushiguang.com\/wp-content\/uploads\/2026\/04\/\u8be6\u60c5_12-1-768x1068.jpg 768w, https:\/\/www.youmushiguang.com\/wp-content\/uploads\/2026\/04\/\u8be6\u60c5_12-1-9x12.jpg 9w, https:\/\/www.youmushiguang.com\/wp-content\/uploads\/2026\/04\/\u8be6\u60c5_12-1-600x835.jpg 600w\" sizes=\"(max-width: 790px) 100vw, 790px\" \/><\/figure>\n\n\n\n<figure class=\"wp-block-image size-full\"><img decoding=\"async\" width=\"790\" height=\"1094\" src=\"https:\/\/www.youmushiguang.com\/wp-content\/uploads\/2026\/04\/\u8be6\u60c5_13-1.jpg\" alt=\"\" class=\"wp-image-6355\" srcset=\"https:\/\/www.youmushiguang.com\/wp-content\/uploads\/2026\/04\/\u8be6\u60c5_13-1.jpg 790w, https:\/\/www.youmushiguang.com\/wp-content\/uploads\/2026\/04\/\u8be6\u60c5_13-1-217x300.jpg 217w, https:\/\/www.youmushiguang.com\/wp-content\/uploads\/2026\/04\/\u8be6\u60c5_13-1-768x1064.jpg 768w, https:\/\/www.youmushiguang.com\/wp-content\/uploads\/2026\/04\/\u8be6\u60c5_13-1-9x12.jpg 9w, https:\/\/www.youmushiguang.com\/wp-content\/uploads\/2026\/04\/\u8be6\u60c5_13-1-600x831.jpg 600w\" sizes=\"(max-width: 790px) 100vw, 790px\" \/><\/figure>\n\n\n\n<figure class=\"wp-block-image size-full\"><img decoding=\"async\" width=\"790\" height=\"1180\" src=\"https:\/\/www.youmushiguang.com\/wp-content\/uploads\/2026\/04\/\u8be6\u60c5_15_PicCopilot_dd75b.jpg\" alt=\"\" class=\"wp-image-6356\" srcset=\"https:\/\/www.youmushiguang.com\/wp-content\/uploads\/2026\/04\/\u8be6\u60c5_15_PicCopilot_dd75b.jpg 790w, https:\/\/www.youmushiguang.com\/wp-content\/uploads\/2026\/04\/\u8be6\u60c5_15_PicCopilot_dd75b-201x300.jpg 201w, https:\/\/www.youmushiguang.com\/wp-content\/uploads\/2026\/04\/\u8be6\u60c5_15_PicCopilot_dd75b-768x1147.jpg 768w, https:\/\/www.youmushiguang.com\/wp-content\/uploads\/2026\/04\/\u8be6\u60c5_15_PicCopilot_dd75b-8x12.jpg 8w, https:\/\/www.youmushiguang.com\/wp-content\/uploads\/2026\/04\/\u8be6\u60c5_15_PicCopilot_dd75b-600x896.jpg 600w\" sizes=\"(max-width: 790px) 100vw, 790px\" \/><\/figure>\n\n\n\n<figure class=\"wp-block-image size-full\"><img decoding=\"async\" width=\"790\" height=\"1019\" src=\"https:\/\/www.youmushiguang.com\/wp-content\/uploads\/2026\/04\/\u8be6\u60c5_17.jpg\" alt=\"\" class=\"wp-image-6357\" srcset=\"https:\/\/www.youmushiguang.com\/wp-content\/uploads\/2026\/04\/\u8be6\u60c5_17.jpg 790w, https:\/\/www.youmushiguang.com\/wp-content\/uploads\/2026\/04\/\u8be6\u60c5_17-233x300.jpg 233w, https:\/\/www.youmushiguang.com\/wp-content\/uploads\/2026\/04\/\u8be6\u60c5_17-768x991.jpg 768w, https:\/\/www.youmushiguang.com\/wp-content\/uploads\/2026\/04\/\u8be6\u60c5_17-9x12.jpg 9w, https:\/\/www.youmushiguang.com\/wp-content\/uploads\/2026\/04\/\u8be6\u60c5_17-600x774.jpg 600w\" sizes=\"(max-width: 790px) 100vw, 790px\" \/><\/figure>\n\n\n\n<figure class=\"wp-block-image size-full\"><img decoding=\"async\" width=\"790\" height=\"1025\" src=\"https:\/\/www.youmushiguang.com\/wp-content\/uploads\/2026\/04\/\u8be6\u60c5_32.jpg\" alt=\"\" class=\"wp-image-6358\" srcset=\"https:\/\/www.youmushiguang.com\/wp-content\/uploads\/2026\/04\/\u8be6\u60c5_32.jpg 790w, https:\/\/www.youmushiguang.com\/wp-content\/uploads\/2026\/04\/\u8be6\u60c5_32-231x300.jpg 231w, https:\/\/www.youmushiguang.com\/wp-content\/uploads\/2026\/04\/\u8be6\u60c5_32-768x996.jpg 768w, https:\/\/www.youmushiguang.com\/wp-content\/uploads\/2026\/04\/\u8be6\u60c5_32-9x12.jpg 9w, https:\/\/www.youmushiguang.com\/wp-content\/uploads\/2026\/04\/\u8be6\u60c5_32-600x778.jpg 600w\" sizes=\"(max-width: 790px) 100vw, 790px\" \/><\/figure>\n\n\n\n<figure class=\"wp-block-image size-full\"><img decoding=\"async\" width=\"790\" height=\"1002\" src=\"https:\/\/www.youmushiguang.com\/wp-content\/uploads\/2026\/04\/\u8be6\u60c5_33_PicCopilot_9a97b.jpg\" alt=\"\" class=\"wp-image-6359\" srcset=\"https:\/\/www.youmushiguang.com\/wp-content\/uploads\/2026\/04\/\u8be6\u60c5_33_PicCopilot_9a97b.jpg 790w, https:\/\/www.youmushiguang.com\/wp-content\/uploads\/2026\/04\/\u8be6\u60c5_33_PicCopilot_9a97b-237x300.jpg 237w, https:\/\/www.youmushiguang.com\/wp-content\/uploads\/2026\/04\/\u8be6\u60c5_33_PicCopilot_9a97b-768x974.jpg 768w, https:\/\/www.youmushiguang.com\/wp-content\/uploads\/2026\/04\/\u8be6\u60c5_33_PicCopilot_9a97b-9x12.jpg 9w, https:\/\/www.youmushiguang.com\/wp-content\/uploads\/2026\/04\/\u8be6\u60c5_33_PicCopilot_9a97b-600x761.jpg 600w\" sizes=\"(max-width: 790px) 100vw, 790px\" \/><\/figure>\n\n\n\n<figure class=\"wp-block-image size-full\"><img decoding=\"async\" width=\"790\" height=\"1221\" src=\"https:\/\/www.youmushiguang.com\/wp-content\/uploads\/2026\/04\/\u8be6\u60c5_34_PicCopilot_cf1d1.jpg\" alt=\"\" class=\"wp-image-6360\" srcset=\"https:\/\/www.youmushiguang.com\/wp-content\/uploads\/2026\/04\/\u8be6\u60c5_34_PicCopilot_cf1d1.jpg 790w, https:\/\/www.youmushiguang.com\/wp-content\/uploads\/2026\/04\/\u8be6\u60c5_34_PicCopilot_cf1d1-194x300.jpg 194w, https:\/\/www.youmushiguang.com\/wp-content\/uploads\/2026\/04\/\u8be6\u60c5_34_PicCopilot_cf1d1-768x1187.jpg 768w, https:\/\/www.youmushiguang.com\/wp-content\/uploads\/2026\/04\/\u8be6\u60c5_34_PicCopilot_cf1d1-8x12.jpg 8w, https:\/\/www.youmushiguang.com\/wp-content\/uploads\/2026\/04\/\u8be6\u60c5_34_PicCopilot_cf1d1-600x927.jpg 600w\" sizes=\"(max-width: 790px) 100vw, 790px\" \/><\/figure>\n<\/div>\n\n\n\n<div class=\"wp-block-column is-layout-flow wp-block-column-is-layout-flow\" style=\"flex-basis:25%\"><\/div>\n<\/div>\n\n\n\n<p><\/p>","protected":false},"excerpt":{"rendered":"<p>This furniture collection is crafted specifically for teahouses and Chinese-style restaurants. This harmonious series\u2014comprising private room seating, sofas, and dining chairs\u2014offers a unified interior solution that seamlessly blends traditional ambiance with modern functionality.<\/p>\n<p>As a specialized <a href=\"https:\/\/www.youmushiguang.com\/pt\/product-category\/wholesale-restaurant-furniture\/\" target=\"_blank\" rel=\"noopener\"><strong>fabricante de mobili\u00e1rio para restaurantes<\/strong><\/a>, we focus on providing pieces that satisfy both aesthetic sensibilities and operational requirements. The designs embody classic cultural elements while maintaining a clean, orderly form\u2014making them perfectly suited for themed dining environments seeking to establish a distinctive identity.<\/p>\n<h2>Especifica\u00e7\u00f5es do mobili\u00e1rio de restaurante<\/h2>\n<table style=\"border-collapse: collapse; width: 501.02pt;\" border=\"0\" width=\"668\" cellspacing=\"0\" cellpadding=\"0\">\n<tbody>\n<tr style=\"height: 13.50pt;\">\n<td class=\"et2\" style=\"height: 13.50pt; width: 107.25pt;\" width=\"143\" height=\"18\">Modelo<\/td>\n<td class=\"et3\" style=\"width: 393.75pt;\" width=\"525\">1817<\/td>\n<\/tr>\n<tr style=\"height: 13.50pt;\">\n<td class=\"et2\" style=\"height: 13.50pt; width: 107.25pt;\" width=\"143\" height=\"18\">Categoria<\/td>\n<td class=\"et3\" style=\"width: 393.75pt;\" width=\"525\">Mobili\u00e1rio de restaurante<\/td>\n<\/tr>\n<tr style=\"height: 13.50pt;\">\n<td class=\"et2\" style=\"height: 13.50pt; width: 107.25pt;\" width=\"143\" height=\"18\">Nome do produto<\/td>\n<td class=\"et3\" style=\"width: 393.75pt;\" width=\"525\">Novas mesas e cadeiras para restaurantes chineses<\/td>\n<\/tr>\n<tr style=\"height: 27.00pt;\">\n<td class=\"et2\" style=\"height: 27.00pt; width: 107.25pt;\" width=\"143\" height=\"36\">Op\u00e7\u00f5es de personaliza\u00e7\u00e3o<\/td>\n<td class=\"et3\" style=\"width: 393.75pt;\" width=\"525\">Estilo\/Cor\/Tamanho\/Material<\/td>\n<\/tr>\n<tr style=\"height: 27.00pt;\">\n<td class=\"et2\" style=\"height: 27.00pt; width: 107.25pt;\" width=\"143\" height=\"36\">Cabina<\/td>\n<td class=\"et3\" style=\"width: 393.75pt;\" width=\"525\">Estrutura de madeira maci\u00e7a de v\u00e1rias camadas + revestimento de couro Nappa n\u00e3o agressivo para a pele + esponja de ressalto de alta densidade<\/td>\n<\/tr>\n<tr style=\"height: 27.00pt;\">\n<td class=\"et2\" style=\"height: 27.00pt; width: 107.25pt;\" width=\"143\" height=\"36\">Cadeira<\/td>\n<td class=\"et3\" style=\"width: 393.75pt;\" width=\"525\">estrutura em madeira maci\u00e7a + revestimento em couro Nappa n\u00e3o agressivo para a pele + esponja de ressalto de alta densidade<\/td>\n<\/tr>\n<tr style=\"height: 27.00pt;\">\n<td class=\"et2\" style=\"height: 27.00pt; width: 107.25pt;\" width=\"143\" height=\"36\">Tabela<\/td>\n<td class=\"et3\" style=\"width: 393.75pt;\" width=\"525\">Solid Wood and Marble Tabletop + Wooden table legs<\/td>\n<\/tr>\n<tr style=\"height: 27.00pt;\">\n<td class=\"et2\" style=\"height: 27.00pt; width: 107.25pt;\" width=\"143\" height=\"36\">Cena de aplica\u00e7\u00e3o<\/td>\n<td class=\"et3\" style=\"width: 393.75pt;\" width=\"525\">restaurante\/restaurante tem\u00e1tico\/restaurante de ch\u00e1\/restaurante Hunan<\/td>\n<\/tr>\n<tr style=\"height: 13.50pt;\">\n<td class=\"et2\" style=\"height: 13.50pt; width: 107.25pt;\" width=\"143\" height=\"18\">Cor<\/td>\n<td class=\"et3\" style=\"width: 393.75pt;\" width=\"525\">Nogueira\/verde (personaliz\u00e1vel)<\/td>\n<\/tr>\n<tr style=\"height: 13.50pt;\">\n<td class=\"et2\" style=\"height: 13.50pt; width: 107.25pt;\" width=\"143\" height=\"18\">Material<\/td>\n<td class=\"et3\" style=\"width: 393.75pt;\" width=\"525\">Contraplacado\/Madeira maci\u00e7a\/Metal\/Couro\/Esponja<\/td>\n<\/tr>\n<tr style=\"height: 13.50pt;\">\n<td class=\"et2\" style=\"height: 13.50pt; width: 107.25pt;\" width=\"143\" height=\"18\">Estilo<\/td>\n<td class=\"et3\" style=\"width: 393.75pt;\" width=\"525\">Novo estilo chin\u00eas<\/td>\n<\/tr>\n<\/tbody>\n<\/table>\n<p>&nbsp;<\/p>","protected":false},"featured_media":6338,"comment_status":"closed","ping_status":"closed","template":"","meta":{"_acf_changed":false},"product_brand":[],"product_cat":[24,45,38],"product_tag":[],"class_list":{"0":"post-6337","1":"product","2":"type-product","3":"status-publish","4":"has-post-thumbnail","6":"product_cat-wholesale-restaurant-furniture","7":"product_cat-chinese-restaurant-furniture","8":"product_cat-wholesale-japanese-style-restaurant-furniture","10":"first","11":"instock","12":"shipping-taxable","13":"product-type-simple"},"acf":[],"_links":{"self":[{"href":"https:\/\/www.youmushiguang.com\/pt\/wp-json\/wp\/v2\/product\/6337","targetHints":{"allow":["GET"]}}],"collection":[{"href":"https:\/\/www.youmushiguang.com\/pt\/wp-json\/wp\/v2\/product"}],"about":[{"href":"https:\/\/www.youmushiguang.com\/pt\/wp-json\/wp\/v2\/types\/product"}],"replies":[{"embeddable":true,"href":"https:\/\/www.youmushiguang.com\/pt\/wp-json\/wp\/v2\/comments?post=6337"}],"wp:featuredmedia":[{"embeddable":true,"href":"https:\/\/www.youmushiguang.com\/pt\/wp-json\/wp\/v2\/media\/6338"}],"wp:attachment":[{"href":"https:\/\/www.youmushiguang.com\/pt\/wp-json\/wp\/v2\/media?parent=6337"}],"wp:term":[{"taxonomy":"product_brand","embeddable":true,"href":"https:\/\/www.youmushiguang.com\/pt\/wp-json\/wp\/v2\/product_brand?post=6337"},{"taxonomy":"product_cat","embeddable":true,"href":"https:\/\/www.youmushiguang.com\/pt\/wp-json\/wp\/v2\/product_cat?post=6337"},{"taxonomy":"product_tag","embeddable":true,"href":"https:\/\/www.youmushiguang.com\/pt\/wp-json\/wp\/v2\/product_tag?post=6337"}],"curies":[{"name":"wp","href":"https:\/\/api.w.org\/{rel}","templated":true}]}}