{"id":6518,"date":"2026-05-15T02:38:42","date_gmt":"2026-05-15T02:38:42","guid":{"rendered":"https:\/\/www.youmushiguang.com\/?post_type=product&#038;p=6518"},"modified":"2026-05-15T02:42:21","modified_gmt":"2026-05-15T02:42:21","slug":"wholesale-wood-and-woven-rope-restaurant-furniturer","status":"publish","type":"product","link":"https:\/\/www.youmushiguang.com\/pt\/product\/wholesale-wood-and-woven-rope-restaurant-furniturer\/","title":{"rendered":"Wholesale Wood &amp; Woven Rope Restaurant Table and Chair Set 1760 \u2013 One-stop Restaurant Furniture Manufacturer"},"content":{"rendered":"<div class=\"wp-block-columns is-layout-flex wp-container-core-columns-is-layout-9d6595d7 wp-block-columns-is-layout-flex\">\n<div class=\"wp-block-column is-layout-flow wp-block-column-is-layout-flow\" style=\"flex-basis:25%\"><\/div>\n\n\n\n<div class=\"wp-block-column is-layout-flow wp-block-column-is-layout-flow\" style=\"flex-basis:50%\">\n<figure class=\"wp-block-image size-full\"><img decoding=\"async\" width=\"790\" height=\"386\" src=\"https:\/\/www.youmushiguang.com\/wp-content\/uploads\/2026\/04\/\u8be6\u60c5_02_PicCopilot_8e311.webp\" alt=\"\" class=\"wp-image-6520\" srcset=\"https:\/\/www.youmushiguang.com\/wp-content\/uploads\/2026\/04\/\u8be6\u60c5_02_PicCopilot_8e311.webp 790w, https:\/\/www.youmushiguang.com\/wp-content\/uploads\/2026\/04\/\u8be6\u60c5_02_PicCopilot_8e311-300x147.webp 300w, https:\/\/www.youmushiguang.com\/wp-content\/uploads\/2026\/04\/\u8be6\u60c5_02_PicCopilot_8e311-768x375.webp 768w, https:\/\/www.youmushiguang.com\/wp-content\/uploads\/2026\/04\/\u8be6\u60c5_02_PicCopilot_8e311-18x9.webp 18w, https:\/\/www.youmushiguang.com\/wp-content\/uploads\/2026\/04\/\u8be6\u60c5_02_PicCopilot_8e311-600x293.webp 600w\" sizes=\"(max-width: 790px) 100vw, 790px\" \/><\/figure>\n\n\n\n<figure class=\"wp-block-image size-full\"><img decoding=\"async\" width=\"790\" height=\"1072\" src=\"https:\/\/www.youmushiguang.com\/wp-content\/uploads\/2026\/04\/\u8be6\u60c5_03-6.webp\" alt=\"\" class=\"wp-image-6522\" srcset=\"https:\/\/www.youmushiguang.com\/wp-content\/uploads\/2026\/04\/\u8be6\u60c5_03-6.webp 790w, https:\/\/www.youmushiguang.com\/wp-content\/uploads\/2026\/04\/\u8be6\u60c5_03-6-221x300.webp 221w, https:\/\/www.youmushiguang.com\/wp-content\/uploads\/2026\/04\/\u8be6\u60c5_03-6-768x1042.webp 768w, https:\/\/www.youmushiguang.com\/wp-content\/uploads\/2026\/04\/\u8be6\u60c5_03-6-9x12.webp 9w, https:\/\/www.youmushiguang.com\/wp-content\/uploads\/2026\/04\/\u8be6\u60c5_03-6-600x814.webp 600w\" sizes=\"(max-width: 790px) 100vw, 790px\" \/><\/figure>\n\n\n\n<figure class=\"wp-block-image size-full\"><img decoding=\"async\" width=\"790\" height=\"409\" src=\"https:\/\/www.youmushiguang.com\/wp-content\/uploads\/2026\/04\/\u8be6\u60c5_07_PicCopilot_0c974.webp\" alt=\"\" class=\"wp-image-6523\" srcset=\"https:\/\/www.youmushiguang.com\/wp-content\/uploads\/2026\/04\/\u8be6\u60c5_07_PicCopilot_0c974.webp 790w, https:\/\/www.youmushiguang.com\/wp-content\/uploads\/2026\/04\/\u8be6\u60c5_07_PicCopilot_0c974-300x155.webp 300w, https:\/\/www.youmushiguang.com\/wp-content\/uploads\/2026\/04\/\u8be6\u60c5_07_PicCopilot_0c974-768x398.webp 768w, https:\/\/www.youmushiguang.com\/wp-content\/uploads\/2026\/04\/\u8be6\u60c5_07_PicCopilot_0c974-18x9.webp 18w, https:\/\/www.youmushiguang.com\/wp-content\/uploads\/2026\/04\/\u8be6\u60c5_07_PicCopilot_0c974-600x311.webp 600w\" sizes=\"(max-width: 790px) 100vw, 790px\" \/><\/figure>\n\n\n\n<figure class=\"wp-block-image size-full\"><img decoding=\"async\" width=\"790\" height=\"1086\" src=\"https:\/\/www.youmushiguang.com\/wp-content\/uploads\/2026\/04\/\u8be6\u60c5_08-3.webp\" alt=\"\" class=\"wp-image-6524\" srcset=\"https:\/\/www.youmushiguang.com\/wp-content\/uploads\/2026\/04\/\u8be6\u60c5_08-3.webp 790w, https:\/\/www.youmushiguang.com\/wp-content\/uploads\/2026\/04\/\u8be6\u60c5_08-3-218x300.webp 218w, https:\/\/www.youmushiguang.com\/wp-content\/uploads\/2026\/04\/\u8be6\u60c5_08-3-768x1056.webp 768w, https:\/\/www.youmushiguang.com\/wp-content\/uploads\/2026\/04\/\u8be6\u60c5_08-3-9x12.webp 9w, https:\/\/www.youmushiguang.com\/wp-content\/uploads\/2026\/04\/\u8be6\u60c5_08-3-600x825.webp 600w\" sizes=\"(max-width: 790px) 100vw, 790px\" \/><\/figure>\n\n\n\n<figure class=\"wp-block-image size-full\"><img decoding=\"async\" width=\"790\" height=\"1099\" src=\"https:\/\/www.youmushiguang.com\/wp-content\/uploads\/2026\/04\/\u8be6\u60c5_09-4.webp\" alt=\"\" class=\"wp-image-6525\" srcset=\"https:\/\/www.youmushiguang.com\/wp-content\/uploads\/2026\/04\/\u8be6\u60c5_09-4.webp 790w, https:\/\/www.youmushiguang.com\/wp-content\/uploads\/2026\/04\/\u8be6\u60c5_09-4-216x300.webp 216w, https:\/\/www.youmushiguang.com\/wp-content\/uploads\/2026\/04\/\u8be6\u60c5_09-4-768x1068.webp 768w, https:\/\/www.youmushiguang.com\/wp-content\/uploads\/2026\/04\/\u8be6\u60c5_09-4-9x12.webp 9w, https:\/\/www.youmushiguang.com\/wp-content\/uploads\/2026\/04\/\u8be6\u60c5_09-4-600x835.webp 600w\" sizes=\"(max-width: 790px) 100vw, 790px\" \/><\/figure>\n\n\n\n<figure class=\"wp-block-image size-full\"><img decoding=\"async\" width=\"790\" height=\"1087\" src=\"https:\/\/www.youmushiguang.com\/wp-content\/uploads\/2026\/04\/\u8be6\u60c5_10-3.webp\" alt=\"\" class=\"wp-image-6526\" srcset=\"https:\/\/www.youmushiguang.com\/wp-content\/uploads\/2026\/04\/\u8be6\u60c5_10-3.webp 790w, https:\/\/www.youmushiguang.com\/wp-content\/uploads\/2026\/04\/\u8be6\u60c5_10-3-218x300.webp 218w, https:\/\/www.youmushiguang.com\/wp-content\/uploads\/2026\/04\/\u8be6\u60c5_10-3-768x1057.webp 768w, https:\/\/www.youmushiguang.com\/wp-content\/uploads\/2026\/04\/\u8be6\u60c5_10-3-9x12.webp 9w, https:\/\/www.youmushiguang.com\/wp-content\/uploads\/2026\/04\/\u8be6\u60c5_10-3-600x826.webp 600w\" sizes=\"(max-width: 790px) 100vw, 790px\" \/><\/figure>\n\n\n\n<figure class=\"wp-block-image size-full\"><img decoding=\"async\" width=\"790\" height=\"1180\" src=\"https:\/\/www.youmushiguang.com\/wp-content\/uploads\/2026\/04\/\u8be6\u60c5_15_PicCopilot_8b913.webp\" alt=\"\" class=\"wp-image-6527\" srcset=\"https:\/\/www.youmushiguang.com\/wp-content\/uploads\/2026\/04\/\u8be6\u60c5_15_PicCopilot_8b913.webp 790w, https:\/\/www.youmushiguang.com\/wp-content\/uploads\/2026\/04\/\u8be6\u60c5_15_PicCopilot_8b913-201x300.webp 201w, https:\/\/www.youmushiguang.com\/wp-content\/uploads\/2026\/04\/\u8be6\u60c5_15_PicCopilot_8b913-768x1147.webp 768w, https:\/\/www.youmushiguang.com\/wp-content\/uploads\/2026\/04\/\u8be6\u60c5_15_PicCopilot_8b913-8x12.webp 8w, https:\/\/www.youmushiguang.com\/wp-content\/uploads\/2026\/04\/\u8be6\u60c5_15_PicCopilot_8b913-600x896.webp 600w\" sizes=\"(max-width: 790px) 100vw, 790px\" \/><\/figure>\n\n\n\n<figure class=\"wp-block-image size-full\"><img decoding=\"async\" width=\"790\" height=\"483\" src=\"https:\/\/www.youmushiguang.com\/wp-content\/uploads\/2026\/04\/\u8be6\u60c5_16_PicCopilot_64d19.webp\" alt=\"\" class=\"wp-image-6528\" srcset=\"https:\/\/www.youmushiguang.com\/wp-content\/uploads\/2026\/04\/\u8be6\u60c5_16_PicCopilot_64d19.webp 790w, https:\/\/www.youmushiguang.com\/wp-content\/uploads\/2026\/04\/\u8be6\u60c5_16_PicCopilot_64d19-300x183.webp 300w, https:\/\/www.youmushiguang.com\/wp-content\/uploads\/2026\/04\/\u8be6\u60c5_16_PicCopilot_64d19-768x470.webp 768w, https:\/\/www.youmushiguang.com\/wp-content\/uploads\/2026\/04\/\u8be6\u60c5_16_PicCopilot_64d19-18x12.webp 18w, https:\/\/www.youmushiguang.com\/wp-content\/uploads\/2026\/04\/\u8be6\u60c5_16_PicCopilot_64d19-600x367.webp 600w\" sizes=\"(max-width: 790px) 100vw, 790px\" \/><\/figure>\n\n\n\n<figure class=\"wp-block-image size-full\"><img decoding=\"async\" width=\"790\" height=\"1019\" src=\"https:\/\/www.youmushiguang.com\/wp-content\/uploads\/2026\/04\/\u8be6\u60c5_17.webp\" alt=\"\" class=\"wp-image-6529\" srcset=\"https:\/\/www.youmushiguang.com\/wp-content\/uploads\/2026\/04\/\u8be6\u60c5_17.webp 790w, https:\/\/www.youmushiguang.com\/wp-content\/uploads\/2026\/04\/\u8be6\u60c5_17-233x300.webp 233w, https:\/\/www.youmushiguang.com\/wp-content\/uploads\/2026\/04\/\u8be6\u60c5_17-768x991.webp 768w, https:\/\/www.youmushiguang.com\/wp-content\/uploads\/2026\/04\/\u8be6\u60c5_17-9x12.webp 9w, https:\/\/www.youmushiguang.com\/wp-content\/uploads\/2026\/04\/\u8be6\u60c5_17-600x774.webp 600w\" sizes=\"(max-width: 790px) 100vw, 790px\" \/><\/figure>\n\n\n\n<figure class=\"wp-block-image size-full\"><img decoding=\"async\" width=\"790\" height=\"1036\" src=\"https:\/\/www.youmushiguang.com\/wp-content\/uploads\/2026\/04\/\u8be6\u60c5_18_PicCopilot_abfdd.webp\" alt=\"\" class=\"wp-image-6530\" srcset=\"https:\/\/www.youmushiguang.com\/wp-content\/uploads\/2026\/04\/\u8be6\u60c5_18_PicCopilot_abfdd.webp 790w, https:\/\/www.youmushiguang.com\/wp-content\/uploads\/2026\/04\/\u8be6\u60c5_18_PicCopilot_abfdd-229x300.webp 229w, https:\/\/www.youmushiguang.com\/wp-content\/uploads\/2026\/04\/\u8be6\u60c5_18_PicCopilot_abfdd-768x1007.webp 768w, https:\/\/www.youmushiguang.com\/wp-content\/uploads\/2026\/04\/\u8be6\u60c5_18_PicCopilot_abfdd-9x12.webp 9w, https:\/\/www.youmushiguang.com\/wp-content\/uploads\/2026\/04\/\u8be6\u60c5_18_PicCopilot_abfdd-600x787.webp 600w\" sizes=\"(max-width: 790px) 100vw, 790px\" \/><\/figure>\n\n\n\n<figure class=\"wp-block-image size-full\"><img decoding=\"async\" width=\"790\" height=\"1221\" src=\"https:\/\/www.youmushiguang.com\/wp-content\/uploads\/2026\/04\/\u8be6\u60c5_19_PicCopilot_423a5.webp\" alt=\"\" class=\"wp-image-6531\" srcset=\"https:\/\/www.youmushiguang.com\/wp-content\/uploads\/2026\/04\/\u8be6\u60c5_19_PicCopilot_423a5.webp 790w, https:\/\/www.youmushiguang.com\/wp-content\/uploads\/2026\/04\/\u8be6\u60c5_19_PicCopilot_423a5-194x300.webp 194w, https:\/\/www.youmushiguang.com\/wp-content\/uploads\/2026\/04\/\u8be6\u60c5_19_PicCopilot_423a5-768x1187.webp 768w, https:\/\/www.youmushiguang.com\/wp-content\/uploads\/2026\/04\/\u8be6\u60c5_19_PicCopilot_423a5-8x12.webp 8w, https:\/\/www.youmushiguang.com\/wp-content\/uploads\/2026\/04\/\u8be6\u60c5_19_PicCopilot_423a5-600x927.webp 600w\" sizes=\"(max-width: 790px) 100vw, 790px\" \/><\/figure>\n\n\n\n<figure class=\"wp-block-image size-full\"><img decoding=\"async\" width=\"790\" height=\"1001\" src=\"https:\/\/www.youmushiguang.com\/wp-content\/uploads\/2026\/04\/\u8be6\u60c5_24-1.webp\" alt=\"\" class=\"wp-image-6532\" srcset=\"https:\/\/www.youmushiguang.com\/wp-content\/uploads\/2026\/04\/\u8be6\u60c5_24-1.webp 790w, https:\/\/www.youmushiguang.com\/wp-content\/uploads\/2026\/04\/\u8be6\u60c5_24-1-237x300.webp 237w, https:\/\/www.youmushiguang.com\/wp-content\/uploads\/2026\/04\/\u8be6\u60c5_24-1-768x973.webp 768w, https:\/\/www.youmushiguang.com\/wp-content\/uploads\/2026\/04\/\u8be6\u60c5_24-1-9x12.webp 9w, https:\/\/www.youmushiguang.com\/wp-content\/uploads\/2026\/04\/\u8be6\u60c5_24-1-600x760.webp 600w\" sizes=\"(max-width: 790px) 100vw, 790px\" \/><\/figure>\n\n\n\n<figure class=\"wp-block-image size-full\"><img decoding=\"async\" width=\"790\" height=\"1021\" src=\"https:\/\/www.youmushiguang.com\/wp-content\/uploads\/2026\/04\/\u8be6\u60c5_21-1.webp\" alt=\"\" class=\"wp-image-6533\" srcset=\"https:\/\/www.youmushiguang.com\/wp-content\/uploads\/2026\/04\/\u8be6\u60c5_21-1.webp 790w, https:\/\/www.youmushiguang.com\/wp-content\/uploads\/2026\/04\/\u8be6\u60c5_21-1-232x300.webp 232w, https:\/\/www.youmushiguang.com\/wp-content\/uploads\/2026\/04\/\u8be6\u60c5_21-1-768x993.webp 768w, https:\/\/www.youmushiguang.com\/wp-content\/uploads\/2026\/04\/\u8be6\u60c5_21-1-9x12.webp 9w, https:\/\/www.youmushiguang.com\/wp-content\/uploads\/2026\/04\/\u8be6\u60c5_21-1-600x775.webp 600w\" sizes=\"(max-width: 790px) 100vw, 790px\" \/><\/figure>\n\n\n\n<figure class=\"wp-block-image size-full\"><img decoding=\"async\" width=\"790\" height=\"2020\" src=\"https:\/\/www.youmushiguang.com\/wp-content\/uploads\/2026\/04\/\u8be6\u60c5_31_PicCopilot_c197e.webp\" alt=\"\" class=\"wp-image-6534\" srcset=\"https:\/\/www.youmushiguang.com\/wp-content\/uploads\/2026\/04\/\u8be6\u60c5_31_PicCopilot_c197e.webp 790w, https:\/\/www.youmushiguang.com\/wp-content\/uploads\/2026\/04\/\u8be6\u60c5_31_PicCopilot_c197e-117x300.webp 117w, https:\/\/www.youmushiguang.com\/wp-content\/uploads\/2026\/04\/\u8be6\u60c5_31_PicCopilot_c197e-768x1964.webp 768w, https:\/\/www.youmushiguang.com\/wp-content\/uploads\/2026\/04\/\u8be6\u60c5_31_PicCopilot_c197e-5x12.webp 5w, https:\/\/www.youmushiguang.com\/wp-content\/uploads\/2026\/04\/\u8be6\u60c5_31_PicCopilot_c197e-600x1534.webp 600w\" sizes=\"(max-width: 790px) 100vw, 790px\" \/><\/figure>\n\n\n\n<figure class=\"wp-block-image size-full\"><img decoding=\"async\" width=\"790\" height=\"513\" src=\"https:\/\/www.youmushiguang.com\/wp-content\/uploads\/2026\/04\/\u8be6\u60c5_32_PicCopilot_6adc1.webp\" alt=\"\" class=\"wp-image-6535\" srcset=\"https:\/\/www.youmushiguang.com\/wp-content\/uploads\/2026\/04\/\u8be6\u60c5_32_PicCopilot_6adc1.webp 790w, https:\/\/www.youmushiguang.com\/wp-content\/uploads\/2026\/04\/\u8be6\u60c5_32_PicCopilot_6adc1-300x195.webp 300w, https:\/\/www.youmushiguang.com\/wp-content\/uploads\/2026\/04\/\u8be6\u60c5_32_PicCopilot_6adc1-768x499.webp 768w, https:\/\/www.youmushiguang.com\/wp-content\/uploads\/2026\/04\/\u8be6\u60c5_32_PicCopilot_6adc1-18x12.webp 18w, https:\/\/www.youmushiguang.com\/wp-content\/uploads\/2026\/04\/\u8be6\u60c5_32_PicCopilot_6adc1-600x390.webp 600w\" sizes=\"(max-width: 790px) 100vw, 790px\" \/><\/figure>\n<\/div>\n\n\n\n<div class=\"wp-block-column is-layout-flow wp-block-column-is-layout-flow\" style=\"flex-basis:25%\"><\/div>\n<\/div>\n\n\n\n<p><\/p>","protected":false},"excerpt":{"rendered":"<div id=\"tw-container\" class=\"nev7se\" data-cp=\"1\" data-nnttsvi=\"1\" data-sletp=\"false\" data-sm=\"1\" data-ssbp=\"false\" data-sugg-time=\"500\" data-sugg-url=\"https:\/\/clients1.google.com\/complete\/search\" data-uilc=\"zh-CN\" data-vil=\",af,af-ZA,am,am-ET,ar-EG,ar-AE,ar-KW,ar-QA,ar,ar-IL,ar-JO,ar-LB,ar-PS,az,az-AZ,bg,bg-BG,bn,bn-BD,bn-IN,ca,ca-es,cs,cs-CZ,de,de-DE,de-CH,de-AT,de-LI,en,en-US,en-CA,en-AU,en-NZ,en-GB,en-IN,en-KE,en-TZ,en-NG,en-GH,en-PH,en-ZA,es,es-ES,es-AR,es-UY,es-419,es-BO,es-CL,es-CR,es-CO,es-DO,es-EC,es-GT,es-HN,es-NI,es-PA,es-PE,es-PR,es-PY,es-SV,es-VE,es-MX,es-US,eu,eu-ES,fi,fi-FI,fr,fr-FR,fr-CH,fr-BE,gl,gl-ES,gu,gu-IN,he,he-IL,iw,iw-IL,hu,hu-HU,hy,hy-AM,id,id-ID,is,is-IS,it,it-IT,it-CH,ja,ja-JP,jv,jv-ID,ka,ka-GE,km,km-KH,kn,kn-IN,ko,ko-KR,la,lo,lo-LA,lv,lv-LV,ml,ml-IN,mr,mr-IN,ms,ms-MY,nl,nl-NL,nb,nb-NO,ne,ne-NP,pl,pl-PL,pt,pt-BR,pt-PT,ro,ro-RO,ru,ru-RU,si-LK,sk,sk-SK,sr,sr-RS,su,su-ID,sv,sv-SE,sw,sw-TZ,sw-KE,ta,ta-IN,ta-SG,ta-LK,ta-MY,te,te-IN,tr,tr-TR,ur,ur-PK,ur-IN,yue,yue-HK,yue-Hant-HK,zh-HK,zh,zh-CN,zh-cmn,zh-cmn-CN,zh-Hans,zh-Hans-CN,zh-cmn-Hans,zh-cmn-Hans-CN,cmn-CN,cmn-Hans,cmn-Hans-CN,zh-TW,zh-Hant-TW,cmn-TW,cmn-Hant-TW,zh-cmn-TW,zh-cmn-Hant-TW,zu,zu-ZA,hi,hi-IN,tl,tl-PH,pa,pa-IN\">\n<div id=\"tw-ob\" class=\"tw-src-ltr\">\n<div class=\"oSioSc\">\n<div id=\"tw-target\">\n<div id=\"kAz1tf\" class=\"g9WsWb PZPZlf\" data-attrid=\"tw-targetArea\" data-entityname=\"Google Translate\">\n<div id=\"tw-target-text-container\" class=\"tw-ta-container tw-nfl\" role=\"text\">\n<p>Wholesale restaurant furniture. The Wholesale Wood &amp; Woven Rope Restaurant Table and Chair Set 1760 is designed for modern restaurants, cafes, resorts, hotels, and commercial dining spaces seeking a balance of natural aesthetics and long-term usability. Combining wooden structures with elegant woven rope detailing, this restaurant furniture set delivers a warm, contemporary appearance that enhances both indoor and semi-outdoor dining environments. Contact us for factory pricing.<\/p>\n<\/div>\n<\/div>\n<\/div>\n<\/div>\n<\/div>\n<\/div>\n<h2>Restaurant Furniture Specifications<\/h2>\n<table width=\"668\">\n<tbody>\n<tr>\n<td width=\"143\">Modelo<\/td>\n<td width=\"525\">1760<\/td>\n<\/tr>\n<tr>\n<td width=\"143\">Categoria<\/td>\n<td width=\"525\">Mobili\u00e1rio de restaurante<\/td>\n<\/tr>\n<tr>\n<td width=\"143\">Nome do produto<\/td>\n<td width=\"525\">Mesas e cadeiras para restaurantes<\/td>\n<\/tr>\n<tr>\n<td width=\"143\">Op\u00e7\u00f5es de personaliza\u00e7\u00e3o<\/td>\n<td width=\"525\">Estilo\/Cor\/Tamanho\/Material<\/td>\n<\/tr>\n<tr>\n<td width=\"143\">\n<p>Tabela<\/p>\n<\/td>\n<td width=\"525\">\n<p id=\"tw-target-text\" class=\"tw-data-text tw-text-large tw-ta\" dir=\"ltr\" role=\"text\" data-placeholder=\"\u7ffb\u8bd1\" data-ved=\"2ahUKEwigrKS076-RAxXyFjQIHaQVC4oQ3ewLegQIDBAW\" aria-label=\"\u8bd1\u6587\uff1aTampo da mesa em contraplacado com v\u00e1rias camadas + pernas da mesa em contraplacado com v\u00e1rias camadas\">Solid Wood-Wrapped Sintered Stone Tabletop + Solid Wood Legs<\/p>\n<\/td>\n<\/tr>\n<tr>\n<td width=\"143\">Cadeira<\/td>\n<td width=\"525\">\n<p id=\"tw-target-text\" class=\"tw-data-text tw-text-large tw-ta\" dir=\"ltr\" role=\"text\" data-placeholder=\"\u7ffb\u8bd1\" data-ved=\"2ahUKEwigrKS076-RAxXyFjQIHaQVC4oQ3ewLegQIDBAW\" aria-label=\"\u8bd1\u6587\uff1aMoldura de madeira maci\u00e7a + estofos em tecido de alta qualidade + enchimento de espuma de alta densidade\"><span class=\"Y2IQFc\" lang=\"en\">Estrutura em madeira maci\u00e7a + estofos em tecido de alta qualidade + enchimento de espuma de alta densidade<\/span><\/p>\n<\/td>\n<\/tr>\n<tr>\n<td width=\"143\">Cabina<\/td>\n<td width=\"525\">\n<p id=\"tw-target-text\" class=\"tw-data-text tw-text-large tw-ta\" dir=\"ltr\" role=\"text\" data-placeholder=\"\u7ffb\u8bd1\" data-ved=\"2ahUKEwigrKS076-RAxXyFjQIHaQVC4oQ3ewLegQIDBAW\" aria-label=\"\u8bd1\u6587\uff1aMoldura de contraplacado de v\u00e1rias camadas + estofos em tecido de alta qualidade\"><span class=\"Y2IQFc\" lang=\"en\">Estrutura em contraplacado de v\u00e1rias camadas + estofos em tecido de alta qualidade<\/span><\/p>\n<\/td>\n<\/tr>\n<tr>\n<td width=\"143\">Cena de aplica\u00e7\u00e3o<\/td>\n<td width=\"525\">Restaurante\/Restaurante tem\u00e1tico\u00a0<\/td>\n<\/tr>\n<tr>\n<td width=\"143\">Cor<\/td>\n<td width=\"525\">Nogueira\/Branco sujo (personaliz\u00e1vel)<\/td>\n<\/tr>\n<tr>\n<td width=\"143\">Material<\/td>\n<td width=\"525\">Madeira maci\u00e7a\/contraplacado\/metal\/couro\/esponja<\/td>\n<\/tr>\n<tr>\n<td width=\"143\">\n<p>Estilo<\/p>\n<\/td>\n<td width=\"525\">\n<p id=\"tw-target-text\" class=\"tw-data-text tw-text-large tw-ta\" dir=\"ltr\" role=\"text\" data-placeholder=\"\u7ffb\u8bd1\" data-ved=\"2ahUKEwigrKS076-RAxXyFjQIHaQVC4oQ3ewLegQIDBAW\" aria-label=\"\u8bd1\u6587\uff1amoderno\"><span class=\"Y2IQFc\" lang=\"en\">Southeast Asian<\/span><\/p>\n<\/td>\n<\/tr>\n<\/tbody>\n<\/table>\n<p>&nbsp;<\/p>\n<p>\n<script src=\"chrome-extension:\/\/fpelahbljekknahkcaegamhcndkfpfnc\/iFrame.js\" type=\"text\/javascript\"><\/script><\/p>","protected":false},"featured_media":6521,"comment_status":"closed","ping_status":"closed","template":"","meta":{"_acf_changed":false},"product_brand":[],"product_cat":[24,36,45,44,20],"product_tag":[],"class_list":{"0":"post-6518","1":"product","2":"type-product","3":"status-publish","4":"has-post-thumbnail","6":"product_cat-wholesale-restaurant-furniture","7":"product_cat-wholesale-coffee-shop-restaurant-furniture","8":"product_cat-chinese-restaurant-furniture","9":"product_cat-vintage-style-restaurant-furniture","10":"product_cat-wholesale-cafe-furniture","12":"first","13":"instock","14":"shipping-taxable","15":"product-type-simple"},"acf":[],"_links":{"self":[{"href":"https:\/\/www.youmushiguang.com\/pt\/wp-json\/wp\/v2\/product\/6518","targetHints":{"allow":["GET"]}}],"collection":[{"href":"https:\/\/www.youmushiguang.com\/pt\/wp-json\/wp\/v2\/product"}],"about":[{"href":"https:\/\/www.youmushiguang.com\/pt\/wp-json\/wp\/v2\/types\/product"}],"replies":[{"embeddable":true,"href":"https:\/\/www.youmushiguang.com\/pt\/wp-json\/wp\/v2\/comments?post=6518"}],"wp:featuredmedia":[{"embeddable":true,"href":"https:\/\/www.youmushiguang.com\/pt\/wp-json\/wp\/v2\/media\/6521"}],"wp:attachment":[{"href":"https:\/\/www.youmushiguang.com\/pt\/wp-json\/wp\/v2\/media?parent=6518"}],"wp:term":[{"taxonomy":"product_brand","embeddable":true,"href":"https:\/\/www.youmushiguang.com\/pt\/wp-json\/wp\/v2\/product_brand?post=6518"},{"taxonomy":"product_cat","embeddable":true,"href":"https:\/\/www.youmushiguang.com\/pt\/wp-json\/wp\/v2\/product_cat?post=6518"},{"taxonomy":"product_tag","embeddable":true,"href":"https:\/\/www.youmushiguang.com\/pt\/wp-json\/wp\/v2\/product_tag?post=6518"}],"curies":[{"name":"wp","href":"https:\/\/api.w.org\/{rel}","templated":true}]}}