{"id":6711,"date":"2026-05-15T07:04:01","date_gmt":"2026-05-15T07:04:01","guid":{"rendered":"https:\/\/www.youmushiguang.com\/?post_type=product&#038;p=6711"},"modified":"2026-05-15T07:04:40","modified_gmt":"2026-05-15T07:04:40","slug":"wholesale-american-country-style-restaurant-furniture","status":"publish","type":"product","link":"https:\/\/www.youmushiguang.com\/pt\/product\/wholesale-american-country-style-restaurant-furniture\/","title":{"rendered":"Wholesale American-Style Restaurant Furniture, Solid Wood Armchairs, and Simple Square Dining Tables \u2013 Customization Services Available"},"content":{"rendered":"<div class=\"wp-block-columns is-layout-flex wp-container-core-columns-is-layout-9d6595d7 wp-block-columns-is-layout-flex\">\n<div class=\"wp-block-column is-layout-flow wp-block-column-is-layout-flow\" style=\"flex-basis:25%\"><\/div>\n\n\n\n<div class=\"wp-block-column is-layout-flow wp-block-column-is-layout-flow\" style=\"flex-basis:50%\">\n<figure class=\"wp-block-image size-full\"><img decoding=\"async\" width=\"790\" height=\"651\" src=\"https:\/\/www.youmushiguang.com\/wp-content\/uploads\/2026\/05\/03_PicCopilot_e2f4d.webp\" alt=\"\" class=\"wp-image-6713\" srcset=\"https:\/\/www.youmushiguang.com\/wp-content\/uploads\/2026\/05\/03_PicCopilot_e2f4d.webp 790w, https:\/\/www.youmushiguang.com\/wp-content\/uploads\/2026\/05\/03_PicCopilot_e2f4d-300x247.webp 300w, https:\/\/www.youmushiguang.com\/wp-content\/uploads\/2026\/05\/03_PicCopilot_e2f4d-768x633.webp 768w, https:\/\/www.youmushiguang.com\/wp-content\/uploads\/2026\/05\/03_PicCopilot_e2f4d-15x12.webp 15w, https:\/\/www.youmushiguang.com\/wp-content\/uploads\/2026\/05\/03_PicCopilot_e2f4d-600x494.webp 600w\" sizes=\"(max-width: 790px) 100vw, 790px\" \/><\/figure>\n\n\n\n<figure class=\"wp-block-image size-full\"><img decoding=\"async\" width=\"790\" height=\"934\" src=\"https:\/\/www.youmushiguang.com\/wp-content\/uploads\/2026\/05\/04_PicCopilot_e09ad.webp\" alt=\"\" class=\"wp-image-6714\" srcset=\"https:\/\/www.youmushiguang.com\/wp-content\/uploads\/2026\/05\/04_PicCopilot_e09ad.webp 790w, https:\/\/www.youmushiguang.com\/wp-content\/uploads\/2026\/05\/04_PicCopilot_e09ad-254x300.webp 254w, https:\/\/www.youmushiguang.com\/wp-content\/uploads\/2026\/05\/04_PicCopilot_e09ad-768x908.webp 768w, https:\/\/www.youmushiguang.com\/wp-content\/uploads\/2026\/05\/04_PicCopilot_e09ad-10x12.webp 10w, https:\/\/www.youmushiguang.com\/wp-content\/uploads\/2026\/05\/04_PicCopilot_e09ad-600x709.webp 600w\" sizes=\"(max-width: 790px) 100vw, 790px\" \/><\/figure>\n\n\n\n<figure class=\"wp-block-image size-full\"><img decoding=\"async\" width=\"800\" height=\"800\" src=\"https:\/\/www.youmushiguang.com\/wp-content\/uploads\/2026\/05\/4_PicCopilot_ed09e.webp\" alt=\"\" class=\"wp-image-6715\" srcset=\"https:\/\/www.youmushiguang.com\/wp-content\/uploads\/2026\/05\/4_PicCopilot_ed09e.webp 800w, https:\/\/www.youmushiguang.com\/wp-content\/uploads\/2026\/05\/4_PicCopilot_ed09e-300x300.webp 300w, https:\/\/www.youmushiguang.com\/wp-content\/uploads\/2026\/05\/4_PicCopilot_ed09e-150x150.webp 150w, https:\/\/www.youmushiguang.com\/wp-content\/uploads\/2026\/05\/4_PicCopilot_ed09e-768x768.webp 768w, https:\/\/www.youmushiguang.com\/wp-content\/uploads\/2026\/05\/4_PicCopilot_ed09e-12x12.webp 12w, https:\/\/www.youmushiguang.com\/wp-content\/uploads\/2026\/05\/4_PicCopilot_ed09e-600x600.webp 600w, https:\/\/www.youmushiguang.com\/wp-content\/uploads\/2026\/05\/4_PicCopilot_ed09e-100x100.webp 100w\" sizes=\"(max-width: 800px) 100vw, 800px\" \/><\/figure>\n\n\n\n<figure class=\"wp-block-image size-full\"><img decoding=\"async\" width=\"790\" height=\"698\" src=\"https:\/\/www.youmushiguang.com\/wp-content\/uploads\/2026\/05\/05_PicCopilot_ca801.webp\" alt=\"\" class=\"wp-image-6716\" srcset=\"https:\/\/www.youmushiguang.com\/wp-content\/uploads\/2026\/05\/05_PicCopilot_ca801.webp 790w, https:\/\/www.youmushiguang.com\/wp-content\/uploads\/2026\/05\/05_PicCopilot_ca801-300x265.webp 300w, https:\/\/www.youmushiguang.com\/wp-content\/uploads\/2026\/05\/05_PicCopilot_ca801-768x679.webp 768w, https:\/\/www.youmushiguang.com\/wp-content\/uploads\/2026\/05\/05_PicCopilot_ca801-14x12.webp 14w, https:\/\/www.youmushiguang.com\/wp-content\/uploads\/2026\/05\/05_PicCopilot_ca801-600x530.webp 600w\" sizes=\"(max-width: 790px) 100vw, 790px\" \/><\/figure>\n\n\n\n<figure class=\"wp-block-image size-full\"><img decoding=\"async\" width=\"790\" height=\"849\" src=\"https:\/\/www.youmushiguang.com\/wp-content\/uploads\/2026\/05\/06_PicCopilot_e9c5e.webp\" alt=\"\" class=\"wp-image-6717\" srcset=\"https:\/\/www.youmushiguang.com\/wp-content\/uploads\/2026\/05\/06_PicCopilot_e9c5e.webp 790w, https:\/\/www.youmushiguang.com\/wp-content\/uploads\/2026\/05\/06_PicCopilot_e9c5e-279x300.webp 279w, https:\/\/www.youmushiguang.com\/wp-content\/uploads\/2026\/05\/06_PicCopilot_e9c5e-768x825.webp 768w, https:\/\/www.youmushiguang.com\/wp-content\/uploads\/2026\/05\/06_PicCopilot_e9c5e-11x12.webp 11w, https:\/\/www.youmushiguang.com\/wp-content\/uploads\/2026\/05\/06_PicCopilot_e9c5e-600x645.webp 600w\" sizes=\"(max-width: 790px) 100vw, 790px\" \/><\/figure>\n\n\n\n<figure class=\"wp-block-image size-full\"><img decoding=\"async\" width=\"790\" height=\"648\" src=\"https:\/\/www.youmushiguang.com\/wp-content\/uploads\/2026\/05\/07_PicCopilot_da175.webp\" alt=\"\" class=\"wp-image-6718\" srcset=\"https:\/\/www.youmushiguang.com\/wp-content\/uploads\/2026\/05\/07_PicCopilot_da175.webp 790w, https:\/\/www.youmushiguang.com\/wp-content\/uploads\/2026\/05\/07_PicCopilot_da175-300x246.webp 300w, https:\/\/www.youmushiguang.com\/wp-content\/uploads\/2026\/05\/07_PicCopilot_da175-768x630.webp 768w, https:\/\/www.youmushiguang.com\/wp-content\/uploads\/2026\/05\/07_PicCopilot_da175-15x12.webp 15w, https:\/\/www.youmushiguang.com\/wp-content\/uploads\/2026\/05\/07_PicCopilot_da175-600x492.webp 600w\" sizes=\"(max-width: 790px) 100vw, 790px\" \/><\/figure>\n\n\n\n<figure class=\"wp-block-image size-full\"><img decoding=\"async\" width=\"790\" height=\"682\" src=\"https:\/\/www.youmushiguang.com\/wp-content\/uploads\/2026\/05\/08_PicCopilot_ca281.webp\" alt=\"\" class=\"wp-image-6719\" srcset=\"https:\/\/www.youmushiguang.com\/wp-content\/uploads\/2026\/05\/08_PicCopilot_ca281.webp 790w, https:\/\/www.youmushiguang.com\/wp-content\/uploads\/2026\/05\/08_PicCopilot_ca281-300x259.webp 300w, https:\/\/www.youmushiguang.com\/wp-content\/uploads\/2026\/05\/08_PicCopilot_ca281-768x663.webp 768w, https:\/\/www.youmushiguang.com\/wp-content\/uploads\/2026\/05\/08_PicCopilot_ca281-14x12.webp 14w, https:\/\/www.youmushiguang.com\/wp-content\/uploads\/2026\/05\/08_PicCopilot_ca281-600x518.webp 600w\" sizes=\"(max-width: 790px) 100vw, 790px\" \/><\/figure>\n\n\n\n<figure class=\"wp-block-image size-full\"><img decoding=\"async\" width=\"790\" height=\"773\" src=\"https:\/\/www.youmushiguang.com\/wp-content\/uploads\/2026\/05\/13_PicCopilot_820af.webp\" alt=\"\" class=\"wp-image-6720\" srcset=\"https:\/\/www.youmushiguang.com\/wp-content\/uploads\/2026\/05\/13_PicCopilot_820af.webp 790w, https:\/\/www.youmushiguang.com\/wp-content\/uploads\/2026\/05\/13_PicCopilot_820af-300x294.webp 300w, https:\/\/www.youmushiguang.com\/wp-content\/uploads\/2026\/05\/13_PicCopilot_820af-768x751.webp 768w, https:\/\/www.youmushiguang.com\/wp-content\/uploads\/2026\/05\/13_PicCopilot_820af-12x12.webp 12w, https:\/\/www.youmushiguang.com\/wp-content\/uploads\/2026\/05\/13_PicCopilot_820af-600x587.webp 600w\" sizes=\"(max-width: 790px) 100vw, 790px\" \/><\/figure>\n\n\n\n<figure class=\"wp-block-image size-full\"><img decoding=\"async\" width=\"790\" height=\"773\" src=\"https:\/\/www.youmushiguang.com\/wp-content\/uploads\/2026\/05\/13_PicCopilot_b79e0.webp\" alt=\"\" class=\"wp-image-6721\" srcset=\"https:\/\/www.youmushiguang.com\/wp-content\/uploads\/2026\/05\/13_PicCopilot_b79e0.webp 790w, https:\/\/www.youmushiguang.com\/wp-content\/uploads\/2026\/05\/13_PicCopilot_b79e0-300x294.webp 300w, https:\/\/www.youmushiguang.com\/wp-content\/uploads\/2026\/05\/13_PicCopilot_b79e0-768x751.webp 768w, https:\/\/www.youmushiguang.com\/wp-content\/uploads\/2026\/05\/13_PicCopilot_b79e0-12x12.webp 12w, https:\/\/www.youmushiguang.com\/wp-content\/uploads\/2026\/05\/13_PicCopilot_b79e0-600x587.webp 600w\" sizes=\"(max-width: 790px) 100vw, 790px\" \/><\/figure>\n<\/div>\n\n\n\n<div class=\"wp-block-column is-layout-flow wp-block-column-is-layout-flow\" style=\"flex-basis:25%\"><\/div>\n<\/div>\n\n\n\n<p><\/p>","protected":false},"excerpt":{"rendered":"<div id=\"tw-container\" class=\"nev7se\" data-cp=\"1\" data-nnttsvi=\"1\" data-sletp=\"false\" data-sm=\"1\" data-ssbp=\"false\" data-sugg-time=\"500\" data-sugg-url=\"https:\/\/clients1.google.com\/complete\/search\" data-uilc=\"zh-CN\" data-vil=\",af,af-ZA,am,am-ET,ar-EG,ar-AE,ar-KW,ar-QA,ar,ar-IL,ar-JO,ar-LB,ar-PS,az,az-AZ,bg,bg-BG,bn,bn-BD,bn-IN,ca,ca-es,cs,cs-CZ,de,de-DE,de-CH,de-AT,de-LI,en,en-US,en-CA,en-AU,en-NZ,en-GB,en-IN,en-KE,en-TZ,en-NG,en-GH,en-PH,en-ZA,es,es-ES,es-AR,es-UY,es-419,es-BO,es-CL,es-CR,es-CO,es-DO,es-EC,es-GT,es-HN,es-NI,es-PA,es-PE,es-PR,es-PY,es-SV,es-VE,es-MX,es-US,eu,eu-ES,fi,fi-FI,fr,fr-FR,fr-CH,fr-BE,gl,gl-ES,gu,gu-IN,he,he-IL,iw,iw-IL,hu,hu-HU,hy,hy-AM,id,id-ID,is,is-IS,it,it-IT,it-CH,ja,ja-JP,jv,jv-ID,ka,ka-GE,km,km-KH,kn,kn-IN,ko,ko-KR,la,lo,lo-LA,lv,lv-LV,ml,ml-IN,mr,mr-IN,ms,ms-MY,nl,nl-NL,nb,nb-NO,ne,ne-NP,pl,pl-PL,pt,pt-BR,pt-PT,ro,ro-RO,ru,ru-RU,si-LK,sk,sk-SK,sr,sr-RS,su,su-ID,sv,sv-SE,sw,sw-TZ,sw-KE,ta,ta-IN,ta-SG,ta-LK,ta-MY,te,te-IN,tr,tr-TR,ur,ur-PK,ur-IN,yue,yue-HK,yue-Hant-HK,zh-HK,zh,zh-CN,zh-cmn,zh-cmn-CN,zh-Hans,zh-Hans-CN,zh-cmn-Hans,zh-cmn-Hans-CN,cmn-CN,cmn-Hans,cmn-Hans-CN,zh-TW,zh-Hant-TW,cmn-TW,cmn-Hant-TW,zh-cmn-TW,zh-cmn-Hant-TW,zu,zu-ZA,hi,hi-IN,tl,tl-PH,pa,pa-IN\">\n<div id=\"tw-ob\" class=\"tw-src-ltr\">\n<div class=\"oSioSc\">\n<div id=\"tw-target\">\n<div id=\"kAz1tf\" class=\"g9WsWb PZPZlf\" data-attrid=\"tw-targetArea\" data-entityname=\"Google Translate\">\n<div id=\"tw-target-text-container\" class=\"tw-ta-container tw-nfl\" role=\"text\">\n<p>Wholesale restaurant furniture. This solid wood restaurant dining furniture set combines natural aesthetics with practical commercial functionality, making it an ideal choice for caf\u00e9s, restaurants, bistros, tea shops, and hospitality dining spaces. Featuring warm wood tones, curved-back dining chairs, and minimalist square dining tables, the furniture creates a welcoming and relaxed atmosphere suitable for modern casual dining environments.<\/p>\n<\/div>\n<\/div>\n<\/div>\n<\/div>\n<\/div>\n<\/div>\n<h2>Restaurant Furniture Specifications\u00a0<\/h2>\n<table width=\"668\">\n<tbody>\n<tr>\n<td width=\"143\">Modelo<\/td>\n<td width=\"525\">1798<\/td>\n<\/tr>\n<tr>\n<td width=\"143\">Categoria<\/td>\n<td width=\"525\">mobili\u00e1rio de restaurante<\/td>\n<\/tr>\n<tr>\n<td width=\"143\">Nome do produto<\/td>\n<td width=\"525\">restaurant tables and chairs<\/td>\n<\/tr>\n<tr>\n<td width=\"143\">Op\u00e7\u00f5es de personaliza\u00e7\u00e3o<\/td>\n<td width=\"525\">Estilo\/Cor\/Tamanho\/Material<\/td>\n<\/tr>\n<tr>\n<td width=\"143\">Tabela<\/td>\n<td width=\"525\">Tampo da mesa em contraplacado de madeira maci\u00e7a multicamadas com acabamento folheado + estrutura met\u00e1lica de alta qualidade<\/td>\n<\/tr>\n<tr>\n<td width=\"143\">Cadeira<\/td>\n<td width=\"525\">Solid wood frame + high-density, high-resilience sponge + high-quality leather<\/td>\n<\/tr>\n<tr>\n<td width=\"143\">Cena de aplica\u00e7\u00e3o<\/td>\n<td width=\"525\">Caf\u00e9 \/ Cafetaria \/ Restaurante<\/td>\n<\/tr>\n<tr>\n<td width=\"143\">Cor<\/td>\n<td width=\"525\">Nogueira\/Branco sujo (personaliz\u00e1vel)<\/td>\n<\/tr>\n<tr>\n<td width=\"143\">Material<\/td>\n<td width=\"525\">Madeira maci\u00e7a\/contraplacado\/metal\/couro\/esponja<\/td>\n<\/tr>\n<tr>\n<td width=\"143\">Estilo<\/td>\n<td width=\"525\">Retro<\/td>\n<\/tr>\n<\/tbody>\n<\/table>","protected":false},"featured_media":6712,"comment_status":"closed","ping_status":"closed","template":"","meta":{"_acf_changed":true},"product_brand":[],"product_cat":[24,36,37,39,46,20],"product_tag":[],"class_list":{"0":"post-6711","1":"product","2":"type-product","3":"status-publish","4":"has-post-thumbnail","6":"product_cat-wholesale-restaurant-furniture","7":"product_cat-wholesale-coffee-shop-restaurant-furniture","8":"product_cat-wholesale-fast-food-restaurant-furniture","9":"product_cat-wholesale-western-restaurant-furniture","10":"product_cat-modern-restaurant-furniture","11":"product_cat-wholesale-cafe-furniture","13":"first","14":"instock","15":"shipping-taxable","16":"purchasable","17":"product-type-simple"},"acf":[],"_links":{"self":[{"href":"https:\/\/www.youmushiguang.com\/pt\/wp-json\/wp\/v2\/product\/6711","targetHints":{"allow":["GET"]}}],"collection":[{"href":"https:\/\/www.youmushiguang.com\/pt\/wp-json\/wp\/v2\/product"}],"about":[{"href":"https:\/\/www.youmushiguang.com\/pt\/wp-json\/wp\/v2\/types\/product"}],"replies":[{"embeddable":true,"href":"https:\/\/www.youmushiguang.com\/pt\/wp-json\/wp\/v2\/comments?post=6711"}],"wp:featuredmedia":[{"embeddable":true,"href":"https:\/\/www.youmushiguang.com\/pt\/wp-json\/wp\/v2\/media\/6712"}],"wp:attachment":[{"href":"https:\/\/www.youmushiguang.com\/pt\/wp-json\/wp\/v2\/media?parent=6711"}],"wp:term":[{"taxonomy":"product_brand","embeddable":true,"href":"https:\/\/www.youmushiguang.com\/pt\/wp-json\/wp\/v2\/product_brand?post=6711"},{"taxonomy":"product_cat","embeddable":true,"href":"https:\/\/www.youmushiguang.com\/pt\/wp-json\/wp\/v2\/product_cat?post=6711"},{"taxonomy":"product_tag","embeddable":true,"href":"https:\/\/www.youmushiguang.com\/pt\/wp-json\/wp\/v2\/product_tag?post=6711"}],"curies":[{"name":"wp","href":"https:\/\/api.w.org\/{rel}","templated":true}]}}