{"id":6732,"date":"2026-05-15T06:29:09","date_gmt":"2026-05-15T06:29:09","guid":{"rendered":"https:\/\/www.youmushiguang.com\/?post_type=product&#038;p=6732"},"modified":"2026-05-15T06:39:54","modified_gmt":"2026-05-15T06:39:54","slug":"wholesale-light-luxury-commercial-restaurant-furniture-set","status":"publish","type":"product","link":"https:\/\/www.youmushiguang.com\/pt\/product\/wholesale-light-luxury-commercial-restaurant-furniture-set\/","title":{"rendered":"Supplier Wholesale Light Luxury Commercial Restaurant Furniture Set \u2013 Includes Wooden Booth Sofas, Metal Dining Tables, and Chairs"},"content":{"rendered":"<div class=\"wp-block-columns is-layout-flex wp-container-core-columns-is-layout-9d6595d7 wp-block-columns-is-layout-flex\">\n<div class=\"wp-block-column is-layout-flow wp-block-column-is-layout-flow\" style=\"flex-basis:25%\"><\/div>\n\n\n\n<div class=\"wp-block-column is-layout-flow wp-block-column-is-layout-flow\" style=\"flex-basis:50%\">\n<figure class=\"wp-block-image size-full\"><img decoding=\"async\" width=\"750\" height=\"2049\" src=\"https:\/\/www.youmushiguang.com\/wp-content\/uploads\/2026\/05\/01_PicCopilot_42698.webp\" alt=\"\" class=\"wp-image-6735\" srcset=\"https:\/\/www.youmushiguang.com\/wp-content\/uploads\/2026\/05\/01_PicCopilot_42698.webp 750w, https:\/\/www.youmushiguang.com\/wp-content\/uploads\/2026\/05\/01_PicCopilot_42698-110x300.webp 110w, https:\/\/www.youmushiguang.com\/wp-content\/uploads\/2026\/05\/01_PicCopilot_42698-4x12.webp 4w, https:\/\/www.youmushiguang.com\/wp-content\/uploads\/2026\/05\/01_PicCopilot_42698-600x1639.webp 600w\" sizes=\"(max-width: 750px) 100vw, 750px\" \/><\/figure>\n\n\n\n<figure class=\"wp-block-image size-full\"><img decoding=\"async\" width=\"750\" height=\"2045\" src=\"https:\/\/www.youmushiguang.com\/wp-content\/uploads\/2026\/05\/02_PicCopilot_b6e32.webp\" alt=\"\" class=\"wp-image-6736\" srcset=\"https:\/\/www.youmushiguang.com\/wp-content\/uploads\/2026\/05\/02_PicCopilot_b6e32.webp 750w, https:\/\/www.youmushiguang.com\/wp-content\/uploads\/2026\/05\/02_PicCopilot_b6e32-110x300.webp 110w, https:\/\/www.youmushiguang.com\/wp-content\/uploads\/2026\/05\/02_PicCopilot_b6e32-4x12.webp 4w, https:\/\/www.youmushiguang.com\/wp-content\/uploads\/2026\/05\/02_PicCopilot_b6e32-600x1636.webp 600w\" sizes=\"(max-width: 750px) 100vw, 750px\" \/><\/figure>\n\n\n\n<figure class=\"wp-block-image size-full\"><img decoding=\"async\" width=\"750\" height=\"2235\" src=\"https:\/\/www.youmushiguang.com\/wp-content\/uploads\/2026\/05\/03_PicCopilot_aa263.webp\" alt=\"\" class=\"wp-image-6737\" srcset=\"https:\/\/www.youmushiguang.com\/wp-content\/uploads\/2026\/05\/03_PicCopilot_aa263.webp 750w, https:\/\/www.youmushiguang.com\/wp-content\/uploads\/2026\/05\/03_PicCopilot_aa263-101x300.webp 101w, https:\/\/www.youmushiguang.com\/wp-content\/uploads\/2026\/05\/03_PicCopilot_aa263-4x12.webp 4w, https:\/\/www.youmushiguang.com\/wp-content\/uploads\/2026\/05\/03_PicCopilot_aa263-600x1788.webp 600w\" sizes=\"(max-width: 750px) 100vw, 750px\" \/><\/figure>\n\n\n\n<figure class=\"wp-block-image size-full\"><img decoding=\"async\" width=\"750\" height=\"1233\" src=\"https:\/\/www.youmushiguang.com\/wp-content\/uploads\/2026\/05\/05_PicCopilot_f3547.webp\" alt=\"\" class=\"wp-image-6739\" srcset=\"https:\/\/www.youmushiguang.com\/wp-content\/uploads\/2026\/05\/05_PicCopilot_f3547.webp 750w, https:\/\/www.youmushiguang.com\/wp-content\/uploads\/2026\/05\/05_PicCopilot_f3547-182x300.webp 182w, https:\/\/www.youmushiguang.com\/wp-content\/uploads\/2026\/05\/05_PicCopilot_f3547-7x12.webp 7w, https:\/\/www.youmushiguang.com\/wp-content\/uploads\/2026\/05\/05_PicCopilot_f3547-600x986.webp 600w\" sizes=\"(max-width: 750px) 100vw, 750px\" \/><\/figure>\n\n\n\n<figure class=\"wp-block-image size-full\"><img decoding=\"async\" width=\"750\" height=\"2103\" src=\"https:\/\/www.youmushiguang.com\/wp-content\/uploads\/2026\/05\/04_PicCopilot_0c7ed-1.webp\" alt=\"\" class=\"wp-image-6740\" srcset=\"https:\/\/www.youmushiguang.com\/wp-content\/uploads\/2026\/05\/04_PicCopilot_0c7ed-1.webp 750w, https:\/\/www.youmushiguang.com\/wp-content\/uploads\/2026\/05\/04_PicCopilot_0c7ed-1-107x300.webp 107w, https:\/\/www.youmushiguang.com\/wp-content\/uploads\/2026\/05\/04_PicCopilot_0c7ed-1-4x12.webp 4w, https:\/\/www.youmushiguang.com\/wp-content\/uploads\/2026\/05\/04_PicCopilot_0c7ed-1-600x1682.webp 600w\" sizes=\"(max-width: 750px) 100vw, 750px\" \/><\/figure>\n\n\n\n<figure class=\"wp-block-image size-full\"><img decoding=\"async\" width=\"750\" height=\"1223\" src=\"https:\/\/www.youmushiguang.com\/wp-content\/uploads\/2026\/05\/06_PicCopilot_2debb.webp\" alt=\"\" class=\"wp-image-6741\" srcset=\"https:\/\/www.youmushiguang.com\/wp-content\/uploads\/2026\/05\/06_PicCopilot_2debb.webp 750w, https:\/\/www.youmushiguang.com\/wp-content\/uploads\/2026\/05\/06_PicCopilot_2debb-184x300.webp 184w, https:\/\/www.youmushiguang.com\/wp-content\/uploads\/2026\/05\/06_PicCopilot_2debb-7x12.webp 7w, https:\/\/www.youmushiguang.com\/wp-content\/uploads\/2026\/05\/06_PicCopilot_2debb-600x978.webp 600w\" sizes=\"(max-width: 750px) 100vw, 750px\" \/><\/figure>\n\n\n\n<figure class=\"wp-block-image size-full\"><img decoding=\"async\" width=\"750\" height=\"1643\" src=\"https:\/\/www.youmushiguang.com\/wp-content\/uploads\/2026\/05\/07_PicCopilot_bef61.webp\" alt=\"\" class=\"wp-image-6742\" srcset=\"https:\/\/www.youmushiguang.com\/wp-content\/uploads\/2026\/05\/07_PicCopilot_bef61.webp 750w, https:\/\/www.youmushiguang.com\/wp-content\/uploads\/2026\/05\/07_PicCopilot_bef61-137x300.webp 137w, https:\/\/www.youmushiguang.com\/wp-content\/uploads\/2026\/05\/07_PicCopilot_bef61-5x12.webp 5w, https:\/\/www.youmushiguang.com\/wp-content\/uploads\/2026\/05\/07_PicCopilot_bef61-600x1314.webp 600w\" sizes=\"(max-width: 750px) 100vw, 750px\" \/><\/figure>\n\n\n\n<figure class=\"wp-block-image size-full\"><img decoding=\"async\" width=\"750\" height=\"2003\" src=\"https:\/\/www.youmushiguang.com\/wp-content\/uploads\/2026\/05\/08_PicCopilot_da84d.webp\" alt=\"\" class=\"wp-image-6743\" srcset=\"https:\/\/www.youmushiguang.com\/wp-content\/uploads\/2026\/05\/08_PicCopilot_da84d.webp 750w, https:\/\/www.youmushiguang.com\/wp-content\/uploads\/2026\/05\/08_PicCopilot_da84d-112x300.webp 112w, https:\/\/www.youmushiguang.com\/wp-content\/uploads\/2026\/05\/08_PicCopilot_da84d-4x12.webp 4w, https:\/\/www.youmushiguang.com\/wp-content\/uploads\/2026\/05\/08_PicCopilot_da84d-600x1602.webp 600w\" sizes=\"(max-width: 750px) 100vw, 750px\" \/><\/figure>\n<\/div>\n\n\n\n<div class=\"wp-block-column is-layout-flow wp-block-column-is-layout-flow\" style=\"flex-basis:25%\"><\/div>\n<\/div>\n\n\n\n<p><\/p>","protected":false},"excerpt":{"rendered":"<div id=\"tw-container\" class=\"nev7se\" data-cp=\"1\" data-nnttsvi=\"1\" data-sletp=\"false\" data-sm=\"1\" data-ssbp=\"false\" data-sugg-time=\"500\" data-sugg-url=\"https:\/\/clients1.google.com\/complete\/search\" data-uilc=\"zh-CN\" data-vil=\",af,af-ZA,am,am-ET,ar-EG,ar-AE,ar-KW,ar-QA,ar,ar-IL,ar-JO,ar-LB,ar-PS,az,az-AZ,bg,bg-BG,bn,bn-BD,bn-IN,ca,ca-es,cs,cs-CZ,de,de-DE,de-CH,de-AT,de-LI,en,en-US,en-CA,en-AU,en-NZ,en-GB,en-IN,en-KE,en-TZ,en-NG,en-GH,en-PH,en-ZA,es,es-ES,es-AR,es-UY,es-419,es-BO,es-CL,es-CR,es-CO,es-DO,es-EC,es-GT,es-HN,es-NI,es-PA,es-PE,es-PR,es-PY,es-SV,es-VE,es-MX,es-US,eu,eu-ES,fi,fi-FI,fr,fr-FR,fr-CH,fr-BE,gl,gl-ES,gu,gu-IN,he,he-IL,iw,iw-IL,hu,hu-HU,hy,hy-AM,id,id-ID,is,is-IS,it,it-IT,it-CH,ja,ja-JP,jv,jv-ID,ka,ka-GE,km,km-KH,kn,kn-IN,ko,ko-KR,la,lo,lo-LA,lv,lv-LV,ml,ml-IN,mr,mr-IN,ms,ms-MY,nl,nl-NL,nb,nb-NO,ne,ne-NP,pl,pl-PL,pt,pt-BR,pt-PT,ro,ro-RO,ru,ru-RU,si-LK,sk,sk-SK,sr,sr-RS,su,su-ID,sv,sv-SE,sw,sw-TZ,sw-KE,ta,ta-IN,ta-SG,ta-LK,ta-MY,te,te-IN,tr,tr-TR,ur,ur-PK,ur-IN,yue,yue-HK,yue-Hant-HK,zh-HK,zh,zh-CN,zh-cmn,zh-cmn-CN,zh-Hans,zh-Hans-CN,zh-cmn-Hans,zh-cmn-Hans-CN,cmn-CN,cmn-Hans,cmn-Hans-CN,zh-TW,zh-Hant-TW,cmn-TW,cmn-Hant-TW,zh-cmn-TW,zh-cmn-Hant-TW,zu,zu-ZA,hi,hi-IN,tl,tl-PH,pa,pa-IN\">\n<div id=\"tw-ob\" class=\"tw-src-ltr\">\n<div class=\"oSioSc\">\n<div id=\"tw-target\">\n<div id=\"kAz1tf\" class=\"g9WsWb PZPZlf\" data-attrid=\"tw-targetArea\" data-entityname=\"Google Translate\">\n<div id=\"tw-target-text-container\" class=\"tw-ta-container tw-nfl\" role=\"text\">\n<div class=\"tw-ta-container tw-nfl\" role=\"text\">\n<p>Wholesale restaurant furniture. Elevate your commercial dining space with our luxury modern restaurant furniture set, designed specifically for high-end hospitality environments. This furniture set is suitable for casual dining establishments, fine dining restaurants, hotel restaurants, and similar venues.\u00a0 Contact us for factory pricing.<\/p>\n<\/div>\n<\/div>\n<\/div>\n<\/div>\n<\/div>\n<\/div>\n<\/div>\n<h2>Restaurant Furniture Specifications\u00a0<\/h2>\n<table width=\"668\">\n<tbody>\n<tr>\n<td width=\"143\">Modelo<\/td>\n<td width=\"525\">2000<\/td>\n<\/tr>\n<tr>\n<td width=\"143\">Categoria<\/td>\n<td width=\"525\">mobili\u00e1rio de restaurante<\/td>\n<\/tr>\n<tr>\n<td width=\"143\">Nome do produto<\/td>\n<td width=\"525\">mesas e cadeiras para restaurantes<\/td>\n<\/tr>\n<tr>\n<td width=\"143\">Op\u00e7\u00f5es de personaliza\u00e7\u00e3o<\/td>\n<td width=\"525\">Estilo\/Cor\/Tamanho\/Material<\/td>\n<\/tr>\n<tr>\n<td width=\"143\">Tabela<\/td>\n<td width=\"525\">Plywood Desktop + Metal Legs<\/td>\n<\/tr>\n<tr>\n<td width=\"143\">Cadeira<\/td>\n<td width=\"525\">Premium Metal Frame +\u00a0high-quality Nappa leather + high-density sponge<\/td>\n<\/tr>\n<tr>\n<td width=\"143\">Cabina<\/td>\n<td width=\"525\">Plywood Frame+ high-quality Nappa leather + high-density sponge<\/td>\n<\/tr>\n<tr>\n<td width=\"143\">Cena de aplica\u00e7\u00e3o<\/td>\n<td width=\"525\">Restaurant\/Themed restaurant \/cafe<\/td>\n<\/tr>\n<tr>\n<td width=\"143\">Cor<\/td>\n<td width=\"525\">(personaliz\u00e1vel)<\/td>\n<\/tr>\n<tr>\n<td width=\"143\">Material<\/td>\n<td width=\"525\">Madeira maci\u00e7a\/contraplacado\/metal\/couro\/esponja<\/td>\n<\/tr>\n<tr>\n<td width=\"143\">Estilo<\/td>\n<td width=\"525\">moderno<\/td>\n<\/tr>\n<\/tbody>\n<\/table>\n<p>&nbsp;<\/p>","protected":false},"featured_media":6734,"comment_status":"closed","ping_status":"closed","template":"","meta":{"_acf_changed":true},"product_brand":[],"product_cat":[24,43,46],"product_tag":[],"class_list":{"0":"post-6732","1":"product","2":"type-product","3":"status-publish","4":"has-post-thumbnail","6":"product_cat-wholesale-restaurant-furniture","7":"product_cat-wholesale-hotel-restaurant-furniture","8":"product_cat-modern-restaurant-furniture","10":"first","11":"instock","12":"shipping-taxable","13":"product-type-simple"},"acf":[],"_links":{"self":[{"href":"https:\/\/www.youmushiguang.com\/pt\/wp-json\/wp\/v2\/product\/6732","targetHints":{"allow":["GET"]}}],"collection":[{"href":"https:\/\/www.youmushiguang.com\/pt\/wp-json\/wp\/v2\/product"}],"about":[{"href":"https:\/\/www.youmushiguang.com\/pt\/wp-json\/wp\/v2\/types\/product"}],"replies":[{"embeddable":true,"href":"https:\/\/www.youmushiguang.com\/pt\/wp-json\/wp\/v2\/comments?post=6732"}],"wp:featuredmedia":[{"embeddable":true,"href":"https:\/\/www.youmushiguang.com\/pt\/wp-json\/wp\/v2\/media\/6734"}],"wp:attachment":[{"href":"https:\/\/www.youmushiguang.com\/pt\/wp-json\/wp\/v2\/media?parent=6732"}],"wp:term":[{"taxonomy":"product_brand","embeddable":true,"href":"https:\/\/www.youmushiguang.com\/pt\/wp-json\/wp\/v2\/product_brand?post=6732"},{"taxonomy":"product_cat","embeddable":true,"href":"https:\/\/www.youmushiguang.com\/pt\/wp-json\/wp\/v2\/product_cat?post=6732"},{"taxonomy":"product_tag","embeddable":true,"href":"https:\/\/www.youmushiguang.com\/pt\/wp-json\/wp\/v2\/product_tag?post=6732"}],"curies":[{"name":"wp","href":"https:\/\/api.w.org\/{rel}","templated":true}]}}