{"id":6781,"date":"2026-05-15T03:31:15","date_gmt":"2026-05-15T03:31:15","guid":{"rendered":"https:\/\/www.youmushiguang.com\/?post_type=product&#038;p=6781"},"modified":"2026-05-15T04:07:55","modified_gmt":"2026-05-15T04:07:55","slug":"custom-modern-solid-wood-furniture-for-milk-tea-shop","status":"publish","type":"product","link":"https:\/\/www.youmushiguang.com\/pt\/product\/custom-modern-solid-wood-furniture-for-milk-tea-shop\/","title":{"rendered":"Custom Modern Solid Wood Furniture Set for Milk Tea Shop, Cafe, Restaurant \u2013 Supports Restaurant Space Planning"},"content":{"rendered":"<div class=\"wp-block-columns is-layout-flex wp-container-core-columns-is-layout-9d6595d7 wp-block-columns-is-layout-flex\">\n<div class=\"wp-block-column is-layout-flow wp-block-column-is-layout-flow\" style=\"flex-basis:25%\"><\/div>\n\n\n\n<div class=\"wp-block-column is-layout-flow wp-block-column-is-layout-flow\" style=\"flex-basis:50%\">\n<figure class=\"wp-block-image size-full\"><img decoding=\"async\" width=\"750\" height=\"1461\" src=\"https:\/\/www.youmushiguang.com\/wp-content\/uploads\/2026\/05\/04_PicCopilot_365a7.webp\" alt=\"\" class=\"wp-image-6783\" srcset=\"https:\/\/www.youmushiguang.com\/wp-content\/uploads\/2026\/05\/04_PicCopilot_365a7.webp 750w, https:\/\/www.youmushiguang.com\/wp-content\/uploads\/2026\/05\/04_PicCopilot_365a7-154x300.webp 154w, https:\/\/www.youmushiguang.com\/wp-content\/uploads\/2026\/05\/04_PicCopilot_365a7-6x12.webp 6w, https:\/\/www.youmushiguang.com\/wp-content\/uploads\/2026\/05\/04_PicCopilot_365a7-600x1169.webp 600w\" sizes=\"(max-width: 750px) 100vw, 750px\" \/><\/figure>\n\n\n\n<figure class=\"wp-block-image size-full\"><img decoding=\"async\" width=\"750\" height=\"1742\" src=\"https:\/\/www.youmushiguang.com\/wp-content\/uploads\/2026\/05\/07_PicCopilot_522fe.webp\" alt=\"\" class=\"wp-image-6784\" srcset=\"https:\/\/www.youmushiguang.com\/wp-content\/uploads\/2026\/05\/07_PicCopilot_522fe.webp 750w, https:\/\/www.youmushiguang.com\/wp-content\/uploads\/2026\/05\/07_PicCopilot_522fe-129x300.webp 129w, https:\/\/www.youmushiguang.com\/wp-content\/uploads\/2026\/05\/07_PicCopilot_522fe-5x12.webp 5w, https:\/\/www.youmushiguang.com\/wp-content\/uploads\/2026\/05\/07_PicCopilot_522fe-600x1394.webp 600w\" sizes=\"(max-width: 750px) 100vw, 750px\" \/><\/figure>\n\n\n\n<figure class=\"wp-block-image size-full\"><img decoding=\"async\" width=\"750\" height=\"1621\" src=\"https:\/\/www.youmushiguang.com\/wp-content\/uploads\/2026\/05\/08_PicCopilot_0a94f.webp\" alt=\"\" class=\"wp-image-6785\" srcset=\"https:\/\/www.youmushiguang.com\/wp-content\/uploads\/2026\/05\/08_PicCopilot_0a94f.webp 750w, https:\/\/www.youmushiguang.com\/wp-content\/uploads\/2026\/05\/08_PicCopilot_0a94f-139x300.webp 139w, https:\/\/www.youmushiguang.com\/wp-content\/uploads\/2026\/05\/08_PicCopilot_0a94f-6x12.webp 6w, https:\/\/www.youmushiguang.com\/wp-content\/uploads\/2026\/05\/08_PicCopilot_0a94f-600x1297.webp 600w\" sizes=\"(max-width: 750px) 100vw, 750px\" \/><\/figure>\n\n\n\n<figure class=\"wp-block-image size-full\"><img decoding=\"async\" width=\"750\" height=\"1270\" src=\"https:\/\/www.youmushiguang.com\/wp-content\/uploads\/2026\/05\/09_PicCopilot_31302.webp\" alt=\"\" class=\"wp-image-6786\" srcset=\"https:\/\/www.youmushiguang.com\/wp-content\/uploads\/2026\/05\/09_PicCopilot_31302.webp 750w, https:\/\/www.youmushiguang.com\/wp-content\/uploads\/2026\/05\/09_PicCopilot_31302-177x300.webp 177w, https:\/\/www.youmushiguang.com\/wp-content\/uploads\/2026\/05\/09_PicCopilot_31302-7x12.webp 7w, https:\/\/www.youmushiguang.com\/wp-content\/uploads\/2026\/05\/09_PicCopilot_31302-600x1016.webp 600w\" sizes=\"(max-width: 750px) 100vw, 750px\" \/><\/figure>\n\n\n\n<figure class=\"wp-block-image size-full\"><img decoding=\"async\" width=\"750\" height=\"1379\" src=\"https:\/\/www.youmushiguang.com\/wp-content\/uploads\/2026\/05\/10_PicCopilot_fdbb3.webp\" alt=\"\" class=\"wp-image-6787\" srcset=\"https:\/\/www.youmushiguang.com\/wp-content\/uploads\/2026\/05\/10_PicCopilot_fdbb3.webp 750w, https:\/\/www.youmushiguang.com\/wp-content\/uploads\/2026\/05\/10_PicCopilot_fdbb3-163x300.webp 163w, https:\/\/www.youmushiguang.com\/wp-content\/uploads\/2026\/05\/10_PicCopilot_fdbb3-7x12.webp 7w, https:\/\/www.youmushiguang.com\/wp-content\/uploads\/2026\/05\/10_PicCopilot_fdbb3-600x1103.webp 600w\" sizes=\"(max-width: 750px) 100vw, 750px\" \/><\/figure>\n\n\n\n<figure class=\"wp-block-image size-full\"><img decoding=\"async\" width=\"750\" height=\"1533\" src=\"https:\/\/www.youmushiguang.com\/wp-content\/uploads\/2026\/05\/12_PicCopilot_d4a41.webp\" alt=\"\" class=\"wp-image-6788\" srcset=\"https:\/\/www.youmushiguang.com\/wp-content\/uploads\/2026\/05\/12_PicCopilot_d4a41.webp 750w, https:\/\/www.youmushiguang.com\/wp-content\/uploads\/2026\/05\/12_PicCopilot_d4a41-147x300.webp 147w, https:\/\/www.youmushiguang.com\/wp-content\/uploads\/2026\/05\/12_PicCopilot_d4a41-6x12.webp 6w, https:\/\/www.youmushiguang.com\/wp-content\/uploads\/2026\/05\/12_PicCopilot_d4a41-600x1226.webp 600w\" sizes=\"(max-width: 750px) 100vw, 750px\" \/><\/figure>\n\n\n\n<figure class=\"wp-block-image size-full\"><img decoding=\"async\" width=\"750\" height=\"357\" src=\"https:\/\/www.youmushiguang.com\/wp-content\/uploads\/2026\/05\/13-1.webp\" alt=\"\" class=\"wp-image-6789\" srcset=\"https:\/\/www.youmushiguang.com\/wp-content\/uploads\/2026\/05\/13-1.webp 750w, https:\/\/www.youmushiguang.com\/wp-content\/uploads\/2026\/05\/13-1-300x143.webp 300w, https:\/\/www.youmushiguang.com\/wp-content\/uploads\/2026\/05\/13-1-18x9.webp 18w, https:\/\/www.youmushiguang.com\/wp-content\/uploads\/2026\/05\/13-1-600x286.webp 600w\" sizes=\"(max-width: 750px) 100vw, 750px\" \/><\/figure>\n\n\n\n<figure class=\"wp-block-image size-full\"><img decoding=\"async\" width=\"750\" height=\"1070\" src=\"https:\/\/www.youmushiguang.com\/wp-content\/uploads\/2026\/05\/14-3.webp\" alt=\"\" class=\"wp-image-6790\" srcset=\"https:\/\/www.youmushiguang.com\/wp-content\/uploads\/2026\/05\/14-3.webp 750w, https:\/\/www.youmushiguang.com\/wp-content\/uploads\/2026\/05\/14-3-210x300.webp 210w, https:\/\/www.youmushiguang.com\/wp-content\/uploads\/2026\/05\/14-3-8x12.webp 8w, https:\/\/www.youmushiguang.com\/wp-content\/uploads\/2026\/05\/14-3-600x856.webp 600w\" sizes=\"(max-width: 750px) 100vw, 750px\" \/><\/figure>\n<\/div>\n\n\n\n<div class=\"wp-block-column is-layout-flow wp-block-column-is-layout-flow\" style=\"flex-basis:25%\"><\/div>\n<\/div>\n\n\n\n<p><\/p>","protected":false},"excerpt":{"rendered":"<p data-pm-slice=\"0 0 []\">Transform your caf\u00e9 or restaurant into a stylish and inviting space with our minimalist furniture set. Featuring clean lines, natural wood tones, and neutral-hued seating, it creates a serene and modern atmosphere. Contact us for a quote.<\/p>\n<h2>Especifica\u00e7\u00f5es do mobili\u00e1rio de restaurante<\/h2>\n<table style=\"border-collapse: collapse; width: 501.02pt;\" border=\"0\" width=\"668\" cellspacing=\"0\" cellpadding=\"0\">\n<tbody>\n<tr style=\"height: 13.50pt;\">\n<td class=\"et2\" style=\"height: 13.50pt; width: 107.25pt;\" width=\"143\" height=\"18\">Modelo<\/td>\n<td class=\"et3\" style=\"width: 393.75pt;\" width=\"525\">2002<\/td>\n<\/tr>\n<tr style=\"height: 13.50pt;\">\n<td class=\"et2\" style=\"height: 13.50pt; width: 107.25pt;\" width=\"143\" height=\"18\">Categoria<\/td>\n<td class=\"et3\" style=\"width: 393.75pt;\" width=\"525\">cafe Furniture<\/td>\n<\/tr>\n<tr style=\"height: 13.50pt;\">\n<td class=\"et2\" style=\"height: 13.50pt; width: 107.25pt;\" width=\"143\" height=\"18\">Nome do produto<\/td>\n<td class=\"et3\" style=\"width: 393.75pt;\" width=\"525\">cafe tables and chairs<\/td>\n<\/tr>\n<tr style=\"height: 27.00pt;\">\n<td class=\"et2\" style=\"height: 27.00pt; width: 107.25pt;\" width=\"143\" height=\"36\">Op\u00e7\u00f5es de personaliza\u00e7\u00e3o<\/td>\n<td class=\"et3\" style=\"width: 393.75pt;\" width=\"525\">Estilo\/Cor\/Tamanho\/Material<\/td>\n<\/tr>\n<tr style=\"height: 27.00pt;\">\n<td class=\"et2\" style=\"height: 27.00pt; width: 107.25pt;\" width=\"143\" height=\"36\">Cabina<\/td>\n<td class=\"et3\" style=\"width: 393.75pt;\" width=\"525\">Estrutura de madeira maci\u00e7a de v\u00e1rias camadas + revestimento de couro Nappa n\u00e3o agressivo para a pele + esponja de ressalto de alta densidade<\/td>\n<\/tr>\n<tr style=\"height: 27.00pt;\">\n<td class=\"et2\" style=\"height: 27.00pt; width: 107.25pt;\" width=\"143\" height=\"36\">Cadeira<\/td>\n<td class=\"et3\" style=\"width: 393.75pt;\" width=\"525\">estrutura em madeira maci\u00e7a + revestimento em couro Nappa n\u00e3o agressivo para a pele + esponja de ressalto de alta densidade<\/td>\n<\/tr>\n<tr style=\"height: 27.00pt;\">\n<td class=\"et2\" style=\"height: 27.00pt; width: 107.25pt;\" width=\"143\" height=\"36\">Tabela<\/td>\n<td class=\"et3\" style=\"width: 393.75pt;\" width=\"525\">Tampo de mesa em contraplacado com v\u00e1rias camadas + p\u00e9s de mesa com ferragens de alta qualidade<\/td>\n<\/tr>\n<tr style=\"height: 27.00pt;\">\n<td class=\"et2\" style=\"height: 27.00pt; width: 107.25pt;\" width=\"143\" height=\"36\">Cena de aplica\u00e7\u00e3o<\/td>\n<td class=\"et3\" style=\"width: 393.75pt;\" width=\"525\">restaurant\/coffee shop\/tea restaurant\/Hunan restaurant<\/td>\n<\/tr>\n<tr style=\"height: 13.50pt;\">\n<td class=\"et2\" style=\"height: 13.50pt; width: 107.25pt;\" width=\"143\" height=\"18\">Cor<\/td>\n<td class=\"et3\" style=\"width: 393.75pt;\" width=\"525\">Nogueira\/verde (personaliz\u00e1vel)<\/td>\n<\/tr>\n<tr style=\"height: 13.50pt;\">\n<td class=\"et2\" style=\"height: 13.50pt; width: 107.25pt;\" width=\"143\" height=\"18\">Material<\/td>\n<td class=\"et3\" style=\"width: 393.75pt;\" width=\"525\">Contraplacado\/Madeira maci\u00e7a\/Metal\/Couro\/Esponja<\/td>\n<\/tr>\n<tr style=\"height: 13.50pt;\">\n<td class=\"et2\" style=\"height: 13.50pt; width: 107.25pt;\" width=\"143\" height=\"18\">Estilo<\/td>\n<td class=\"et3\" style=\"width: 393.75pt;\" width=\"525\">Novo estilo chin\u00eas<\/td>\n<\/tr>\n<\/tbody>\n<\/table>\n<p>&nbsp;<\/p>\n<p>\n<script src=\"chrome-extension:\/\/fpelahbljekknahkcaegamhcndkfpfnc\/iFrame.js\" type=\"text\/javascript\"><\/script><\/p>","protected":false},"featured_media":6782,"comment_status":"closed","ping_status":"closed","template":"","meta":{"_acf_changed":true},"product_brand":[],"product_cat":[24,36,42,20],"product_tag":[],"class_list":{"0":"post-6781","1":"product","2":"type-product","3":"status-publish","4":"has-post-thumbnail","6":"product_cat-wholesale-restaurant-furniture","7":"product_cat-wholesale-coffee-shop-restaurant-furniture","8":"product_cat-wholesale-dessert-shop-furniture","9":"product_cat-wholesale-cafe-furniture","11":"first","12":"instock","13":"shipping-taxable","14":"product-type-simple"},"acf":[],"_links":{"self":[{"href":"https:\/\/www.youmushiguang.com\/pt\/wp-json\/wp\/v2\/product\/6781","targetHints":{"allow":["GET"]}}],"collection":[{"href":"https:\/\/www.youmushiguang.com\/pt\/wp-json\/wp\/v2\/product"}],"about":[{"href":"https:\/\/www.youmushiguang.com\/pt\/wp-json\/wp\/v2\/types\/product"}],"replies":[{"embeddable":true,"href":"https:\/\/www.youmushiguang.com\/pt\/wp-json\/wp\/v2\/comments?post=6781"}],"wp:featuredmedia":[{"embeddable":true,"href":"https:\/\/www.youmushiguang.com\/pt\/wp-json\/wp\/v2\/media\/6782"}],"wp:attachment":[{"href":"https:\/\/www.youmushiguang.com\/pt\/wp-json\/wp\/v2\/media?parent=6781"}],"wp:term":[{"taxonomy":"product_brand","embeddable":true,"href":"https:\/\/www.youmushiguang.com\/pt\/wp-json\/wp\/v2\/product_brand?post=6781"},{"taxonomy":"product_cat","embeddable":true,"href":"https:\/\/www.youmushiguang.com\/pt\/wp-json\/wp\/v2\/product_cat?post=6781"},{"taxonomy":"product_tag","embeddable":true,"href":"https:\/\/www.youmushiguang.com\/pt\/wp-json\/wp\/v2\/product_tag?post=6781"}],"curies":[{"name":"wp","href":"https:\/\/api.w.org\/{rel}","templated":true}]}}