{"id":6850,"date":"2026-05-13T03:37:09","date_gmt":"2026-05-13T03:37:09","guid":{"rendered":"https:\/\/www.youmushiguang.com\/?post_type=product&#038;p=6850"},"modified":"2026-05-13T03:39:50","modified_gmt":"2026-05-13T03:39:50","slug":"wholesale-high-end-casual-dining-furniture","status":"publish","type":"product","link":"https:\/\/www.youmushiguang.com\/pt\/product\/wholesale-high-end-casual-dining-furniture\/","title":{"rendered":"Wholesale High-End Casual Dining Furniture 1775 \u2013 One-Stop Restaurant Furniture Manufacturer"},"content":{"rendered":"<div class=\"wp-block-columns is-layout-flex wp-container-core-columns-is-layout-9d6595d7 wp-block-columns-is-layout-flex\">\n<div class=\"wp-block-column is-layout-flow wp-block-column-is-layout-flow\" style=\"flex-basis:25%\"><\/div>\n\n\n\n<div class=\"wp-block-column is-layout-flow wp-block-column-is-layout-flow\" style=\"flex-basis:50%\">\n<figure class=\"wp-block-image size-full\"><img decoding=\"async\" width=\"790\" height=\"386\" src=\"https:\/\/www.youmushiguang.com\/wp-content\/uploads\/2026\/05\/\u8be6\u60c5_02_PicCopilot_26865.webp\" alt=\"\" class=\"wp-image-6860\" srcset=\"https:\/\/www.youmushiguang.com\/wp-content\/uploads\/2026\/05\/\u8be6\u60c5_02_PicCopilot_26865.webp 790w, https:\/\/www.youmushiguang.com\/wp-content\/uploads\/2026\/05\/\u8be6\u60c5_02_PicCopilot_26865-300x147.webp 300w, https:\/\/www.youmushiguang.com\/wp-content\/uploads\/2026\/05\/\u8be6\u60c5_02_PicCopilot_26865-768x375.webp 768w, https:\/\/www.youmushiguang.com\/wp-content\/uploads\/2026\/05\/\u8be6\u60c5_02_PicCopilot_26865-18x9.webp 18w, https:\/\/www.youmushiguang.com\/wp-content\/uploads\/2026\/05\/\u8be6\u60c5_02_PicCopilot_26865-600x293.webp 600w\" sizes=\"(max-width: 790px) 100vw, 790px\" \/><\/figure>\n\n\n\n<figure class=\"wp-block-image size-full\"><img decoding=\"async\" width=\"790\" height=\"1072\" src=\"https:\/\/www.youmushiguang.com\/wp-content\/uploads\/2026\/05\/\u8be6\u60c5_03-7.webp\" alt=\"\" class=\"wp-image-6861\" srcset=\"https:\/\/www.youmushiguang.com\/wp-content\/uploads\/2026\/05\/\u8be6\u60c5_03-7.webp 790w, https:\/\/www.youmushiguang.com\/wp-content\/uploads\/2026\/05\/\u8be6\u60c5_03-7-221x300.webp 221w, https:\/\/www.youmushiguang.com\/wp-content\/uploads\/2026\/05\/\u8be6\u60c5_03-7-768x1042.webp 768w, https:\/\/www.youmushiguang.com\/wp-content\/uploads\/2026\/05\/\u8be6\u60c5_03-7-9x12.webp 9w, https:\/\/www.youmushiguang.com\/wp-content\/uploads\/2026\/05\/\u8be6\u60c5_03-7-600x814.webp 600w\" sizes=\"(max-width: 790px) 100vw, 790px\" \/><\/figure>\n\n\n\n<figure class=\"wp-block-image size-full\"><img decoding=\"async\" width=\"790\" height=\"529\" src=\"https:\/\/www.youmushiguang.com\/wp-content\/uploads\/2026\/05\/\u8be6\u60c5_11_PicCopilot_e97b9.webp\" alt=\"\" class=\"wp-image-6862\" srcset=\"https:\/\/www.youmushiguang.com\/wp-content\/uploads\/2026\/05\/\u8be6\u60c5_11_PicCopilot_e97b9.webp 790w, https:\/\/www.youmushiguang.com\/wp-content\/uploads\/2026\/05\/\u8be6\u60c5_11_PicCopilot_e97b9-300x201.webp 300w, https:\/\/www.youmushiguang.com\/wp-content\/uploads\/2026\/05\/\u8be6\u60c5_11_PicCopilot_e97b9-768x514.webp 768w, https:\/\/www.youmushiguang.com\/wp-content\/uploads\/2026\/05\/\u8be6\u60c5_11_PicCopilot_e97b9-18x12.webp 18w, https:\/\/www.youmushiguang.com\/wp-content\/uploads\/2026\/05\/\u8be6\u60c5_11_PicCopilot_e97b9-600x402.webp 600w\" sizes=\"(max-width: 790px) 100vw, 790px\" \/><\/figure>\n\n\n\n<figure class=\"wp-block-image size-full\"><img decoding=\"async\" width=\"790\" height=\"1099\" src=\"https:\/\/www.youmushiguang.com\/wp-content\/uploads\/2026\/05\/\u8be6\u60c5_12-8.webp\" alt=\"\" class=\"wp-image-6863\" srcset=\"https:\/\/www.youmushiguang.com\/wp-content\/uploads\/2026\/05\/\u8be6\u60c5_12-8.webp 790w, https:\/\/www.youmushiguang.com\/wp-content\/uploads\/2026\/05\/\u8be6\u60c5_12-8-216x300.webp 216w, https:\/\/www.youmushiguang.com\/wp-content\/uploads\/2026\/05\/\u8be6\u60c5_12-8-768x1068.webp 768w, https:\/\/www.youmushiguang.com\/wp-content\/uploads\/2026\/05\/\u8be6\u60c5_12-8-9x12.webp 9w, https:\/\/www.youmushiguang.com\/wp-content\/uploads\/2026\/05\/\u8be6\u60c5_12-8-600x835.webp 600w\" sizes=\"(max-width: 790px) 100vw, 790px\" \/><\/figure>\n\n\n\n<figure class=\"wp-block-image size-full\"><img decoding=\"async\" width=\"790\" height=\"1094\" src=\"https:\/\/www.youmushiguang.com\/wp-content\/uploads\/2026\/05\/\u8be6\u60c5_13-7.webp\" alt=\"\" class=\"wp-image-6864\" srcset=\"https:\/\/www.youmushiguang.com\/wp-content\/uploads\/2026\/05\/\u8be6\u60c5_13-7.webp 790w, https:\/\/www.youmushiguang.com\/wp-content\/uploads\/2026\/05\/\u8be6\u60c5_13-7-217x300.webp 217w, https:\/\/www.youmushiguang.com\/wp-content\/uploads\/2026\/05\/\u8be6\u60c5_13-7-768x1064.webp 768w, https:\/\/www.youmushiguang.com\/wp-content\/uploads\/2026\/05\/\u8be6\u60c5_13-7-9x12.webp 9w, https:\/\/www.youmushiguang.com\/wp-content\/uploads\/2026\/05\/\u8be6\u60c5_13-7-600x831.webp 600w\" sizes=\"(max-width: 790px) 100vw, 790px\" \/><\/figure>\n\n\n\n<figure class=\"wp-block-image size-full\"><img decoding=\"async\" width=\"790\" height=\"1097\" src=\"https:\/\/www.youmushiguang.com\/wp-content\/uploads\/2026\/05\/\u8be6\u60c5_14-6.webp\" alt=\"\" class=\"wp-image-6865\" srcset=\"https:\/\/www.youmushiguang.com\/wp-content\/uploads\/2026\/05\/\u8be6\u60c5_14-6.webp 790w, https:\/\/www.youmushiguang.com\/wp-content\/uploads\/2026\/05\/\u8be6\u60c5_14-6-216x300.webp 216w, https:\/\/www.youmushiguang.com\/wp-content\/uploads\/2026\/05\/\u8be6\u60c5_14-6-768x1066.webp 768w, https:\/\/www.youmushiguang.com\/wp-content\/uploads\/2026\/05\/\u8be6\u60c5_14-6-9x12.webp 9w, https:\/\/www.youmushiguang.com\/wp-content\/uploads\/2026\/05\/\u8be6\u60c5_14-6-600x833.webp 600w\" sizes=\"(max-width: 790px) 100vw, 790px\" \/><\/figure>\n\n\n\n<figure class=\"wp-block-image size-full\"><img decoding=\"async\" width=\"790\" height=\"1180\" src=\"https:\/\/www.youmushiguang.com\/wp-content\/uploads\/2026\/05\/\u8be6\u60c5_15_PicCopilot_bce93.webp\" alt=\"\" class=\"wp-image-6866\" srcset=\"https:\/\/www.youmushiguang.com\/wp-content\/uploads\/2026\/05\/\u8be6\u60c5_15_PicCopilot_bce93.webp 790w, https:\/\/www.youmushiguang.com\/wp-content\/uploads\/2026\/05\/\u8be6\u60c5_15_PicCopilot_bce93-201x300.webp 201w, https:\/\/www.youmushiguang.com\/wp-content\/uploads\/2026\/05\/\u8be6\u60c5_15_PicCopilot_bce93-768x1147.webp 768w, https:\/\/www.youmushiguang.com\/wp-content\/uploads\/2026\/05\/\u8be6\u60c5_15_PicCopilot_bce93-8x12.webp 8w, https:\/\/www.youmushiguang.com\/wp-content\/uploads\/2026\/05\/\u8be6\u60c5_15_PicCopilot_bce93-600x896.webp 600w\" sizes=\"(max-width: 790px) 100vw, 790px\" \/><\/figure>\n\n\n\n<figure class=\"wp-block-image size-full\"><img decoding=\"async\" width=\"790\" height=\"483\" src=\"https:\/\/www.youmushiguang.com\/wp-content\/uploads\/2026\/05\/\u8be6\u60c5_16_PicCopilot_7977a.webp\" alt=\"\" class=\"wp-image-6867\" srcset=\"https:\/\/www.youmushiguang.com\/wp-content\/uploads\/2026\/05\/\u8be6\u60c5_16_PicCopilot_7977a.webp 790w, https:\/\/www.youmushiguang.com\/wp-content\/uploads\/2026\/05\/\u8be6\u60c5_16_PicCopilot_7977a-300x183.webp 300w, https:\/\/www.youmushiguang.com\/wp-content\/uploads\/2026\/05\/\u8be6\u60c5_16_PicCopilot_7977a-768x470.webp 768w, https:\/\/www.youmushiguang.com\/wp-content\/uploads\/2026\/05\/\u8be6\u60c5_16_PicCopilot_7977a-18x12.webp 18w, https:\/\/www.youmushiguang.com\/wp-content\/uploads\/2026\/05\/\u8be6\u60c5_16_PicCopilot_7977a-600x367.webp 600w\" sizes=\"(max-width: 790px) 100vw, 790px\" \/><\/figure>\n\n\n\n<figure class=\"wp-block-image size-full\"><img decoding=\"async\" width=\"790\" height=\"1019\" src=\"https:\/\/www.youmushiguang.com\/wp-content\/uploads\/2026\/05\/\u8be6\u60c5_17-7.webp\" alt=\"\" class=\"wp-image-6868\" srcset=\"https:\/\/www.youmushiguang.com\/wp-content\/uploads\/2026\/05\/\u8be6\u60c5_17-7.webp 790w, https:\/\/www.youmushiguang.com\/wp-content\/uploads\/2026\/05\/\u8be6\u60c5_17-7-233x300.webp 233w, https:\/\/www.youmushiguang.com\/wp-content\/uploads\/2026\/05\/\u8be6\u60c5_17-7-768x991.webp 768w, https:\/\/www.youmushiguang.com\/wp-content\/uploads\/2026\/05\/\u8be6\u60c5_17-7-9x12.webp 9w, https:\/\/www.youmushiguang.com\/wp-content\/uploads\/2026\/05\/\u8be6\u60c5_17-7-600x774.webp 600w\" sizes=\"(max-width: 790px) 100vw, 790px\" \/><\/figure>\n\n\n\n<figure class=\"wp-block-image size-full\"><img decoding=\"async\" width=\"790\" height=\"1036\" src=\"https:\/\/www.youmushiguang.com\/wp-content\/uploads\/2026\/05\/\u8be6\u60c5_18_PicCopilot_90ede.webp\" alt=\"\" class=\"wp-image-6869\" srcset=\"https:\/\/www.youmushiguang.com\/wp-content\/uploads\/2026\/05\/\u8be6\u60c5_18_PicCopilot_90ede.webp 790w, https:\/\/www.youmushiguang.com\/wp-content\/uploads\/2026\/05\/\u8be6\u60c5_18_PicCopilot_90ede-229x300.webp 229w, https:\/\/www.youmushiguang.com\/wp-content\/uploads\/2026\/05\/\u8be6\u60c5_18_PicCopilot_90ede-768x1007.webp 768w, https:\/\/www.youmushiguang.com\/wp-content\/uploads\/2026\/05\/\u8be6\u60c5_18_PicCopilot_90ede-9x12.webp 9w, https:\/\/www.youmushiguang.com\/wp-content\/uploads\/2026\/05\/\u8be6\u60c5_18_PicCopilot_90ede-600x787.webp 600w\" sizes=\"(max-width: 790px) 100vw, 790px\" \/><\/figure>\n\n\n\n<figure class=\"wp-block-image size-full\"><img decoding=\"async\" width=\"790\" height=\"1221\" src=\"https:\/\/www.youmushiguang.com\/wp-content\/uploads\/2026\/05\/\u8be6\u60c5_19_PicCopilot_cb041-1.webp\" alt=\"\" class=\"wp-image-6871\" srcset=\"https:\/\/www.youmushiguang.com\/wp-content\/uploads\/2026\/05\/\u8be6\u60c5_19_PicCopilot_cb041-1.webp 790w, https:\/\/www.youmushiguang.com\/wp-content\/uploads\/2026\/05\/\u8be6\u60c5_19_PicCopilot_cb041-1-194x300.webp 194w, https:\/\/www.youmushiguang.com\/wp-content\/uploads\/2026\/05\/\u8be6\u60c5_19_PicCopilot_cb041-1-768x1187.webp 768w, https:\/\/www.youmushiguang.com\/wp-content\/uploads\/2026\/05\/\u8be6\u60c5_19_PicCopilot_cb041-1-8x12.webp 8w, https:\/\/www.youmushiguang.com\/wp-content\/uploads\/2026\/05\/\u8be6\u60c5_19_PicCopilot_cb041-1-600x927.webp 600w\" sizes=\"(max-width: 790px) 100vw, 790px\" \/><\/figure>\n\n\n\n<figure class=\"wp-block-image size-full\"><img decoding=\"async\" width=\"790\" height=\"1021\" src=\"https:\/\/www.youmushiguang.com\/wp-content\/uploads\/2026\/05\/\u8be6\u60c5_21-8.webp\" alt=\"\" class=\"wp-image-6872\" srcset=\"https:\/\/www.youmushiguang.com\/wp-content\/uploads\/2026\/05\/\u8be6\u60c5_21-8.webp 790w, https:\/\/www.youmushiguang.com\/wp-content\/uploads\/2026\/05\/\u8be6\u60c5_21-8-232x300.webp 232w, https:\/\/www.youmushiguang.com\/wp-content\/uploads\/2026\/05\/\u8be6\u60c5_21-8-768x993.webp 768w, https:\/\/www.youmushiguang.com\/wp-content\/uploads\/2026\/05\/\u8be6\u60c5_21-8-9x12.webp 9w, https:\/\/www.youmushiguang.com\/wp-content\/uploads\/2026\/05\/\u8be6\u60c5_21-8-600x775.webp 600w\" sizes=\"(max-width: 790px) 100vw, 790px\" \/><\/figure>\n\n\n\n<figure class=\"wp-block-image size-full\"><img decoding=\"async\" width=\"790\" height=\"1147\" src=\"https:\/\/www.youmushiguang.com\/wp-content\/uploads\/2026\/05\/\u8be6\u60c5_22_PicCopilot_ec414.webp\" alt=\"\" class=\"wp-image-6873\" srcset=\"https:\/\/www.youmushiguang.com\/wp-content\/uploads\/2026\/05\/\u8be6\u60c5_22_PicCopilot_ec414.webp 790w, https:\/\/www.youmushiguang.com\/wp-content\/uploads\/2026\/05\/\u8be6\u60c5_22_PicCopilot_ec414-207x300.webp 207w, https:\/\/www.youmushiguang.com\/wp-content\/uploads\/2026\/05\/\u8be6\u60c5_22_PicCopilot_ec414-768x1115.webp 768w, https:\/\/www.youmushiguang.com\/wp-content\/uploads\/2026\/05\/\u8be6\u60c5_22_PicCopilot_ec414-8x12.webp 8w, https:\/\/www.youmushiguang.com\/wp-content\/uploads\/2026\/05\/\u8be6\u60c5_22_PicCopilot_ec414-600x871.webp 600w\" sizes=\"(max-width: 790px) 100vw, 790px\" \/><\/figure>\n\n\n\n<figure class=\"wp-block-image size-full\"><img decoding=\"async\" width=\"790\" height=\"992\" src=\"https:\/\/www.youmushiguang.com\/wp-content\/uploads\/2026\/05\/\u8be6\u60c5_32_PicCopilot_1430d.webp\" alt=\"\" class=\"wp-image-6874\" srcset=\"https:\/\/www.youmushiguang.com\/wp-content\/uploads\/2026\/05\/\u8be6\u60c5_32_PicCopilot_1430d.webp 790w, https:\/\/www.youmushiguang.com\/wp-content\/uploads\/2026\/05\/\u8be6\u60c5_32_PicCopilot_1430d-239x300.webp 239w, https:\/\/www.youmushiguang.com\/wp-content\/uploads\/2026\/05\/\u8be6\u60c5_32_PicCopilot_1430d-768x964.webp 768w, https:\/\/www.youmushiguang.com\/wp-content\/uploads\/2026\/05\/\u8be6\u60c5_32_PicCopilot_1430d-10x12.webp 10w, https:\/\/www.youmushiguang.com\/wp-content\/uploads\/2026\/05\/\u8be6\u60c5_32_PicCopilot_1430d-600x753.webp 600w\" sizes=\"(max-width: 790px) 100vw, 790px\" \/><\/figure>\n\n\n\n<figure class=\"wp-block-image size-full\"><img decoding=\"async\" width=\"790\" height=\"513\" src=\"https:\/\/www.youmushiguang.com\/wp-content\/uploads\/2026\/05\/\u8be6\u60c5_33_PicCopilot_27ce0.webp\" alt=\"\" class=\"wp-image-6875\" srcset=\"https:\/\/www.youmushiguang.com\/wp-content\/uploads\/2026\/05\/\u8be6\u60c5_33_PicCopilot_27ce0.webp 790w, https:\/\/www.youmushiguang.com\/wp-content\/uploads\/2026\/05\/\u8be6\u60c5_33_PicCopilot_27ce0-300x195.webp 300w, https:\/\/www.youmushiguang.com\/wp-content\/uploads\/2026\/05\/\u8be6\u60c5_33_PicCopilot_27ce0-768x499.webp 768w, https:\/\/www.youmushiguang.com\/wp-content\/uploads\/2026\/05\/\u8be6\u60c5_33_PicCopilot_27ce0-18x12.webp 18w, https:\/\/www.youmushiguang.com\/wp-content\/uploads\/2026\/05\/\u8be6\u60c5_33_PicCopilot_27ce0-600x390.webp 600w\" sizes=\"(max-width: 790px) 100vw, 790px\" \/><\/figure>\n<\/div>\n\n\n\n<div class=\"wp-block-column is-layout-flow wp-block-column-is-layout-flow\" style=\"flex-basis:25%\"><\/div>\n<\/div>\n\n\n\n<p><\/p>","protected":false},"excerpt":{"rendered":"<div id=\"tw-container\" class=\"nev7se\" data-cp=\"1\" data-nnttsvi=\"1\" data-sletp=\"false\" data-sm=\"1\" data-ssbp=\"false\" data-sugg-time=\"500\" data-sugg-url=\"https:\/\/clients1.google.com\/complete\/search\" data-uilc=\"zh-CN\" data-vil=\",af,af-ZA,am,am-ET,ar-EG,ar-AE,ar-KW,ar-QA,ar,ar-IL,ar-JO,ar-LB,ar-PS,az,az-AZ,bg,bg-BG,bn,bn-BD,bn-IN,ca,ca-es,cs,cs-CZ,de,de-DE,de-CH,de-AT,de-LI,en,en-US,en-CA,en-AU,en-NZ,en-GB,en-IN,en-KE,en-TZ,en-NG,en-GH,en-PH,en-ZA,es,es-ES,es-AR,es-UY,es-419,es-BO,es-CL,es-CR,es-CO,es-DO,es-EC,es-GT,es-HN,es-NI,es-PA,es-PE,es-PR,es-PY,es-SV,es-VE,es-MX,es-US,eu,eu-ES,fi,fi-FI,fr,fr-FR,fr-CH,fr-BE,gl,gl-ES,gu,gu-IN,he,he-IL,iw,iw-IL,hu,hu-HU,hy,hy-AM,id,id-ID,is,is-IS,it,it-IT,it-CH,ja,ja-JP,jv,jv-ID,ka,ka-GE,km,km-KH,kn,kn-IN,ko,ko-KR,la,lo,lo-LA,lv,lv-LV,ml,ml-IN,mr,mr-IN,ms,ms-MY,nl,nl-NL,nb,nb-NO,ne,ne-NP,pl,pl-PL,pt,pt-BR,pt-PT,ro,ro-RO,ru,ru-RU,si-LK,sk,sk-SK,sr,sr-RS,su,su-ID,sv,sv-SE,sw,sw-TZ,sw-KE,ta,ta-IN,ta-SG,ta-LK,ta-MY,te,te-IN,tr,tr-TR,ur,ur-PK,ur-IN,yue,yue-HK,yue-Hant-HK,zh-HK,zh,zh-CN,zh-cmn,zh-cmn-CN,zh-Hans,zh-Hans-CN,zh-cmn-Hans,zh-cmn-Hans-CN,cmn-CN,cmn-Hans,cmn-Hans-CN,zh-TW,zh-Hant-TW,cmn-TW,cmn-Hant-TW,zh-cmn-TW,zh-cmn-Hant-TW,zu,zu-ZA,hi,hi-IN,tl,tl-PH,pa,pa-IN\">\n<div id=\"tw-ob\" class=\"tw-src-ltr\">\n<div class=\"oSioSc\">\n<div id=\"tw-target\">\n<div id=\"kAz1tf\" class=\"g9WsWb PZPZlf\" data-attrid=\"tw-targetArea\" data-entityname=\"Google Translate\">\n<div id=\"tw-target-text-container\" class=\"tw-ta-container tw-nfl\" role=\"text\">\n<p>Wholesale restaurant furniture. This furniture is particularly suited for restaurants aiming for a contemporary vintage or natural look. Its clean lines, neutral upholstery, and natural wood finishes blend perfectly with cozy, rustic, or minimalist interiors. Whether for intimate caf\u00e9 corners, boutique inn dining rooms, or casual eateries, this set creates a welcoming and stylish atmosphere for guests.<\/p>\n<\/div>\n<\/div>\n<\/div>\n<\/div>\n<\/div>\n<\/div>\n<h2>High-End Casual Dining Furniture Specifications<\/h2>\n<table width=\"668\">\n<tbody>\n<tr>\n<td width=\"143\">Modelo<\/td>\n<td width=\"525\">1775<\/td>\n<\/tr>\n<tr>\n<td width=\"143\">Categoria<\/td>\n<td width=\"525\">Mobili\u00e1rio de restaurante<\/td>\n<\/tr>\n<tr>\n<td width=\"143\">Nome do produto<\/td>\n<td width=\"525\">Mesas e cadeiras para restaurantes<\/td>\n<\/tr>\n<tr>\n<td width=\"143\">Op\u00e7\u00f5es de personaliza\u00e7\u00e3o<\/td>\n<td width=\"525\">Estilo\/Cor\/Tamanho\/Material<\/td>\n<\/tr>\n<tr>\n<td width=\"143\">\n<p>Tabela<\/p>\n<\/td>\n<td width=\"525\">\n<p id=\"tw-target-text\" class=\"tw-data-text tw-text-large tw-ta\" dir=\"ltr\" role=\"text\" data-placeholder=\"\u7ffb\u8bd1\" data-ved=\"2ahUKEwigrKS076-RAxXyFjQIHaQVC4oQ3ewLegQIDBAW\" aria-label=\"\u8bd1\u6587\uff1aTampo da mesa em contraplacado com v\u00e1rias camadas + pernas da mesa em contraplacado com v\u00e1rias camadas\">Solid Wood-Wrapped Sintered Stone Tabletop + Solid Wood Legs<\/p>\n<\/td>\n<\/tr>\n<tr>\n<td width=\"143\">Cadeira<\/td>\n<td width=\"525\">\n<p id=\"tw-target-text\" class=\"tw-data-text tw-text-large tw-ta\" dir=\"ltr\" role=\"text\" data-placeholder=\"\u7ffb\u8bd1\" data-ved=\"2ahUKEwigrKS076-RAxXyFjQIHaQVC4oQ3ewLegQIDBAW\" aria-label=\"\u8bd1\u6587\uff1aMoldura de madeira maci\u00e7a + estofos em tecido de alta qualidade + enchimento de espuma de alta densidade\"><span class=\"Y2IQFc\" lang=\"en\">Estrutura em madeira maci\u00e7a + estofos em tecido de alta qualidade + enchimento de espuma de alta densidade<\/span><\/p>\n<\/td>\n<\/tr>\n<tr>\n<td width=\"143\">Cabina<\/td>\n<td width=\"525\">\n<p id=\"tw-target-text\" class=\"tw-data-text tw-text-large tw-ta\" dir=\"ltr\" role=\"text\" data-placeholder=\"\u7ffb\u8bd1\" data-ved=\"2ahUKEwigrKS076-RAxXyFjQIHaQVC4oQ3ewLegQIDBAW\" aria-label=\"\u8bd1\u6587\uff1aMoldura de contraplacado de v\u00e1rias camadas + estofos em tecido de alta qualidade\"><span class=\"Y2IQFc\" lang=\"en\">Estrutura em contraplacado de v\u00e1rias camadas + estofos em tecido de alta qualidade<\/span><\/p>\n<\/td>\n<\/tr>\n<tr>\n<td width=\"143\">Cena de aplica\u00e7\u00e3o<\/td>\n<td width=\"525\">Restaurante\/Restaurante tem\u00e1tico\u00a0<\/td>\n<\/tr>\n<tr>\n<td width=\"143\">Cor<\/td>\n<td width=\"525\">Nogueira\/Branco sujo (personaliz\u00e1vel)<\/td>\n<\/tr>\n<tr>\n<td width=\"143\">Material<\/td>\n<td width=\"525\">Madeira maci\u00e7a\/contraplacado\/metal\/couro\/esponja<\/td>\n<\/tr>\n<tr>\n<td width=\"143\">\n<p>Estilo<\/p>\n<\/td>\n<td width=\"525\">\n<p id=\"tw-target-text\" class=\"tw-data-text tw-text-large tw-ta\" dir=\"ltr\" role=\"text\" data-placeholder=\"\u7ffb\u8bd1\" data-ved=\"2ahUKEwigrKS076-RAxXyFjQIHaQVC4oQ3ewLegQIDBAW\" aria-label=\"\u8bd1\u6587\uff1amoderno\"><span class=\"Y2IQFc\" lang=\"en\">moderno<\/span><\/p>\n<\/td>\n<\/tr>\n<\/tbody>\n<\/table>\n<p>&nbsp;<\/p>","protected":false},"featured_media":6859,"comment_status":"closed","ping_status":"closed","template":"","meta":{"_acf_changed":true},"product_brand":[],"product_cat":[24,36,43,38,20],"product_tag":[],"class_list":{"0":"post-6850","1":"product","2":"type-product","3":"status-publish","4":"has-post-thumbnail","6":"product_cat-wholesale-restaurant-furniture","7":"product_cat-wholesale-coffee-shop-restaurant-furniture","8":"product_cat-wholesale-hotel-restaurant-furniture","9":"product_cat-wholesale-japanese-style-restaurant-furniture","10":"product_cat-wholesale-cafe-furniture","12":"first","13":"instock","14":"shipping-taxable","15":"purchasable","16":"product-type-simple"},"acf":[],"_links":{"self":[{"href":"https:\/\/www.youmushiguang.com\/pt\/wp-json\/wp\/v2\/product\/6850","targetHints":{"allow":["GET"]}}],"collection":[{"href":"https:\/\/www.youmushiguang.com\/pt\/wp-json\/wp\/v2\/product"}],"about":[{"href":"https:\/\/www.youmushiguang.com\/pt\/wp-json\/wp\/v2\/types\/product"}],"replies":[{"embeddable":true,"href":"https:\/\/www.youmushiguang.com\/pt\/wp-json\/wp\/v2\/comments?post=6850"}],"wp:featuredmedia":[{"embeddable":true,"href":"https:\/\/www.youmushiguang.com\/pt\/wp-json\/wp\/v2\/media\/6859"}],"wp:attachment":[{"href":"https:\/\/www.youmushiguang.com\/pt\/wp-json\/wp\/v2\/media?parent=6850"}],"wp:term":[{"taxonomy":"product_brand","embeddable":true,"href":"https:\/\/www.youmushiguang.com\/pt\/wp-json\/wp\/v2\/product_brand?post=6850"},{"taxonomy":"product_cat","embeddable":true,"href":"https:\/\/www.youmushiguang.com\/pt\/wp-json\/wp\/v2\/product_cat?post=6850"},{"taxonomy":"product_tag","embeddable":true,"href":"https:\/\/www.youmushiguang.com\/pt\/wp-json\/wp\/v2\/product_tag?post=6850"}],"curies":[{"name":"wp","href":"https:\/\/api.w.org\/{rel}","templated":true}]}}