{"id":713,"date":"2025-10-14T06:46:03","date_gmt":"2025-10-14T06:46:03","guid":{"rendered":"https:\/\/www.youmushiguang.com\/?post_type=product&#038;p=713"},"modified":"2026-01-23T06:20:53","modified_gmt":"2026-01-23T06:20:53","slug":"wholesale-mordern-style-restaurant-furniture","status":"publish","type":"product","link":"https:\/\/www.youmushiguang.com\/pt\/product\/wholesale-mordern-style-restaurant-furniture\/","title":{"rendered":"Fornecimento de mobili\u00e1rio para restaurantes a granel - Cabinas, mesas e cadeiras para restaurantes Mordern, para caf\u00e9s, lojas de ch\u00e1"},"content":{"rendered":"<div class=\"wp-block-columns is-layout-flex wp-container-core-columns-is-layout-9d6595d7 wp-block-columns-is-layout-flex\">\n<div class=\"wp-block-column is-layout-flow wp-block-column-is-layout-flow\" style=\"flex-basis:25%\"><\/div>\n\n\n\n<div class=\"wp-block-column is-layout-flow wp-block-column-is-layout-flow\" style=\"flex-basis:50%\">\n<figure class=\"wp-block-image size-full\"><img decoding=\"async\" width=\"750\" height=\"1832\" src=\"https:\/\/www.youmushiguang.com\/wp-content\/uploads\/2025\/10\/restaurant-booths-and-tables-details1.webp\" alt=\"pormenores sobre cabinas e mesas de restaurante(1)\" class=\"wp-image-724\" srcset=\"https:\/\/www.youmushiguang.com\/wp-content\/uploads\/2025\/10\/restaurant-booths-and-tables-details1.webp 750w, https:\/\/www.youmushiguang.com\/wp-content\/uploads\/2025\/10\/restaurant-booths-and-tables-details1-123x300.webp 123w, https:\/\/www.youmushiguang.com\/wp-content\/uploads\/2025\/10\/restaurant-booths-and-tables-details1-600x1466.webp 600w\" sizes=\"(max-width: 750px) 100vw, 750px\" \/><\/figure>\n\n\n\n<figure class=\"wp-block-image size-full\"><img decoding=\"async\" width=\"750\" height=\"1979\" src=\"https:\/\/www.youmushiguang.com\/wp-content\/uploads\/2025\/10\/restaurant-booths-and-tables-details2.webp\" alt=\"pormenores sobre cabinas e mesas de restaurante(2)\" class=\"wp-image-725\" srcset=\"https:\/\/www.youmushiguang.com\/wp-content\/uploads\/2025\/10\/restaurant-booths-and-tables-details2.webp 750w, https:\/\/www.youmushiguang.com\/wp-content\/uploads\/2025\/10\/restaurant-booths-and-tables-details2-114x300.webp 114w, https:\/\/www.youmushiguang.com\/wp-content\/uploads\/2025\/10\/restaurant-booths-and-tables-details2-600x1583.webp 600w\" sizes=\"(max-width: 750px) 100vw, 750px\" \/><\/figure>\n\n\n\n<figure class=\"wp-block-image size-full\"><img decoding=\"async\" width=\"750\" height=\"2111\" src=\"https:\/\/www.youmushiguang.com\/wp-content\/uploads\/2025\/10\/restaurant-booths-and-tables-details3.webp\" alt=\"pormenores sobre cabinas e mesas de restaurante(3)\" class=\"wp-image-726\" srcset=\"https:\/\/www.youmushiguang.com\/wp-content\/uploads\/2025\/10\/restaurant-booths-and-tables-details3.webp 750w, https:\/\/www.youmushiguang.com\/wp-content\/uploads\/2025\/10\/restaurant-booths-and-tables-details3-107x300.webp 107w, https:\/\/www.youmushiguang.com\/wp-content\/uploads\/2025\/10\/restaurant-booths-and-tables-details3-600x1689.webp 600w\" sizes=\"(max-width: 750px) 100vw, 750px\" \/><\/figure>\n\n\n\n<figure class=\"wp-block-image size-full\"><img decoding=\"async\" width=\"750\" height=\"1839\" src=\"https:\/\/www.youmushiguang.com\/wp-content\/uploads\/2025\/10\/restaurant-booths-and-tables-details4.webp\" alt=\"pormenores sobre cabinas e mesas de restaurante(4)\" class=\"wp-image-727\" srcset=\"https:\/\/www.youmushiguang.com\/wp-content\/uploads\/2025\/10\/restaurant-booths-and-tables-details4.webp 750w, https:\/\/www.youmushiguang.com\/wp-content\/uploads\/2025\/10\/restaurant-booths-and-tables-details4-122x300.webp 122w, https:\/\/www.youmushiguang.com\/wp-content\/uploads\/2025\/10\/restaurant-booths-and-tables-details4-600x1471.webp 600w\" sizes=\"(max-width: 750px) 100vw, 750px\" \/><\/figure>\n\n\n\n<figure class=\"wp-block-image size-full\"><img decoding=\"async\" width=\"750\" height=\"1941\" src=\"https:\/\/www.youmushiguang.com\/wp-content\/uploads\/2025\/10\/restaurant-booths-and-tables-details5.webp\" alt=\"pormenores sobre cabinas e mesas de restaurante(5)\" class=\"wp-image-728\" srcset=\"https:\/\/www.youmushiguang.com\/wp-content\/uploads\/2025\/10\/restaurant-booths-and-tables-details5.webp 750w, https:\/\/www.youmushiguang.com\/wp-content\/uploads\/2025\/10\/restaurant-booths-and-tables-details5-116x300.webp 116w, https:\/\/www.youmushiguang.com\/wp-content\/uploads\/2025\/10\/restaurant-booths-and-tables-details5-600x1553.webp 600w\" sizes=\"(max-width: 750px) 100vw, 750px\" \/><\/figure>\n\n\n\n<figure class=\"wp-block-image size-full\"><img decoding=\"async\" width=\"750\" height=\"1523\" src=\"https:\/\/www.youmushiguang.com\/wp-content\/uploads\/2025\/10\/restaurant-booths-and-tables-details6.webp\" alt=\"pormenores sobre cabinas e mesas de restaurante(6)\" class=\"wp-image-729\" srcset=\"https:\/\/www.youmushiguang.com\/wp-content\/uploads\/2025\/10\/restaurant-booths-and-tables-details6.webp 750w, https:\/\/www.youmushiguang.com\/wp-content\/uploads\/2025\/10\/restaurant-booths-and-tables-details6-148x300.webp 148w, https:\/\/www.youmushiguang.com\/wp-content\/uploads\/2025\/10\/restaurant-booths-and-tables-details6-600x1218.webp 600w\" sizes=\"(max-width: 750px) 100vw, 750px\" \/><\/figure>\n<\/div>\n\n\n\n<div class=\"wp-block-column is-layout-flow wp-block-column-is-layout-flow\" style=\"flex-basis:25%\"><\/div>\n<\/div>","protected":false},"excerpt":{"rendered":"<p>Cabinas e mesas de restaurante por grosso, cadeiras. O nosso mobili\u00e1rio de restaurante combina uma est\u00e9tica minimalista com um artesanato duradouro e amigo do ambiente. Concebida para restaurantes e caf\u00e9s modernos, apresenta estruturas de madeira maci\u00e7a e metal, op\u00e7\u00f5es personaliz\u00e1veis em termos de cor, tamanho e tecido, e uma \u00eanfase no conforto a longo prazo e numa harmonia visual refinada.<\/p>\n<h2>Especifica\u00e7\u00f5es das cabinas e mesas de restaurante<\/h2>\n<table style=\"border-collapse: collapse; width: 700px; height: 358px;\" border=\"0\" width=\"751\" cellspacing=\"0\" cellpadding=\"0\">\n<tbody>\n<tr style=\"height: 14.40pt;\">\n<td class=\"et2\" style=\"height: 14.40pt; width: 96.55pt;\" width=\"160\" height=\"24\">Modelo<\/td>\n<td class=\"et3\" style=\"width: 354.40pt;\" width=\"590\">482<\/td>\n<\/tr>\n<tr style=\"height: 14.40pt;\">\n<td class=\"et2\" style=\"height: 14.40pt; width: 96.55pt;\" width=\"160\" height=\"24\">Categoria<\/td>\n<td class=\"et3\" style=\"width: 354.40pt;\" width=\"590\">Mobili\u00e1rio de restaurante<\/td>\n<\/tr>\n<tr style=\"height: 14.40pt;\">\n<td class=\"et2\" style=\"height: 14.40pt; width: 96.55pt;\" width=\"160\" height=\"24\">Nome do produto<\/td>\n<td class=\"et3\" style=\"width: 354.40pt;\" width=\"590\">Mesas e cabinas de restaurante de estilo coreano<\/td>\n<\/tr>\n<tr style=\"height: 28.80pt;\">\n<td class=\"et2\" style=\"height: 28.80pt; width: 96.55pt;\" width=\"160\" height=\"48\">Op\u00e7\u00f5es de personaliza\u00e7\u00e3o<\/td>\n<td class=\"et3\" style=\"width: 354.40pt;\" width=\"590\">Estilo\/Cor\/Tamanho\/Material<\/td>\n<\/tr>\n<tr style=\"height: 14.40pt;\">\n<td class=\"et2\" style=\"height: 14.40pt; width: 96.55pt;\" width=\"160\" height=\"24\">Tabela<\/td>\n<td class=\"et3\" style=\"width: 354.40pt;\" width=\"590\">Tampo da mesa em madeira maci\u00e7a + pernas em liga de alum\u00ednio de alta qualidade<\/td>\n<\/tr>\n<tr style=\"height: 14.40pt;\">\n<td class=\"et2\" style=\"height: 14.40pt; width: 96.55pt;\" width=\"160\" height=\"24\">Cadeira<\/td>\n<td>Estrutura de ferro com ferragens est\u00e1veis + placa de flex\u00e3o + revestimento de couro Nappa amigo do ambiente + esponja de ressalto de alta densidade<\/td>\n<\/tr>\n<tr style=\"height: 28.80pt;\">\n<td class=\"et2\" style=\"height: 28.80pt; width: 96.55pt;\" width=\"160\" height=\"48\">Sof\u00e1<\/td>\n<td class=\"et3\" style=\"width: 354.40pt;\" width=\"590\">Revestimento em pele Nappa amiga do ambiente + esponja de alta densidade + placa multicamada de madeira maci\u00e7a com moldura folheada<\/td>\n<\/tr>\n<tr style=\"height: 28.80pt;\">\n<td class=\"et2\" style=\"height: 28.80pt; width: 96.55pt;\" width=\"160\" height=\"48\">Cena de aplica\u00e7\u00e3o<\/td>\n<td class=\"et3\" style=\"width: 354.40pt;\" width=\"590\">Restaurante\/loja de culin\u00e1ria\/snack shop\/caf\u00e9\/loja de ch\u00e1<\/td>\n<\/tr>\n<tr style=\"height: 14.40pt;\">\n<td class=\"et2\" style=\"height: 14.40pt; width: 96.55pt;\" width=\"160\" height=\"24\">Cor<\/td>\n<td class=\"et3\" style=\"width: 354.40pt;\" width=\"590\">Madeira de nogueira\/material em pele esbranqui\u00e7ada (personaliz\u00e1vel)<\/td>\n<\/tr>\n<tr style=\"height: 14.40pt;\">\n<td class=\"et2\" style=\"height: 14.40pt; width: 96.55pt;\" width=\"160\" height=\"24\">Material<\/td>\n<td class=\"et3\" style=\"width: 354.40pt;\" width=\"590\">Contraplacado\/metal\/couro\/esponja<\/td>\n<\/tr>\n<tr style=\"height: 14.40pt;\">\n<td class=\"et2\" style=\"height: 14.40pt; width: 96.55pt;\" width=\"160\" height=\"24\">Estilo<\/td>\n<td class=\"et3\" style=\"width: 354.40pt;\" width=\"590\">Estilo coreano<\/td>\n<\/tr>\n<\/tbody>\n<\/table>\n<p>&nbsp;<\/p>\n<p>\n<script src=\"chrome-extension:\/\/fpelahbljekknahkcaegamhcndkfpfnc\/iFrame.js\" type=\"text\/javascript\"><\/script><\/p>","protected":false},"featured_media":722,"comment_status":"closed","ping_status":"closed","template":"","meta":{"_acf_changed":true},"product_brand":[],"product_cat":[24,36,42,46,20],"product_tag":[],"class_list":{"0":"post-713","1":"product","2":"type-product","3":"status-publish","4":"has-post-thumbnail","6":"product_cat-wholesale-restaurant-furniture","7":"product_cat-wholesale-coffee-shop-restaurant-furniture","8":"product_cat-wholesale-dessert-shop-furniture","9":"product_cat-modern-restaurant-furniture","10":"product_cat-wholesale-cafe-furniture","12":"first","13":"instock","14":"shipping-taxable","15":"product-type-simple"},"acf":[],"_links":{"self":[{"href":"https:\/\/www.youmushiguang.com\/pt\/wp-json\/wp\/v2\/product\/713","targetHints":{"allow":["GET"]}}],"collection":[{"href":"https:\/\/www.youmushiguang.com\/pt\/wp-json\/wp\/v2\/product"}],"about":[{"href":"https:\/\/www.youmushiguang.com\/pt\/wp-json\/wp\/v2\/types\/product"}],"replies":[{"embeddable":true,"href":"https:\/\/www.youmushiguang.com\/pt\/wp-json\/wp\/v2\/comments?post=713"}],"wp:featuredmedia":[{"embeddable":true,"href":"https:\/\/www.youmushiguang.com\/pt\/wp-json\/wp\/v2\/media\/722"}],"wp:attachment":[{"href":"https:\/\/www.youmushiguang.com\/pt\/wp-json\/wp\/v2\/media?parent=713"}],"wp:term":[{"taxonomy":"product_brand","embeddable":true,"href":"https:\/\/www.youmushiguang.com\/pt\/wp-json\/wp\/v2\/product_brand?post=713"},{"taxonomy":"product_cat","embeddable":true,"href":"https:\/\/www.youmushiguang.com\/pt\/wp-json\/wp\/v2\/product_cat?post=713"},{"taxonomy":"product_tag","embeddable":true,"href":"https:\/\/www.youmushiguang.com\/pt\/wp-json\/wp\/v2\/product_tag?post=713"}],"curies":[{"name":"wp","href":"https:\/\/api.w.org\/{rel}","templated":true}]}}