{"id":731,"date":"2025-10-14T07:32:14","date_gmt":"2025-10-14T07:32:14","guid":{"rendered":"https:\/\/www.youmushiguang.com\/?post_type=product&#038;p=731"},"modified":"2026-01-23T06:20:30","modified_gmt":"2026-01-23T06:20:30","slug":"wholesale-southeast-asian-style-restaurant-furniture","status":"publish","type":"product","link":"https:\/\/www.youmushiguang.com\/pt\/product\/wholesale-southeast-asian-style-restaurant-furniture\/","title":{"rendered":"Mobili\u00e1rio de madeira de qualidade superior para restaurantes por atacado Estilo do sudeste asi\u00e1tico - cabinas, mesas e cadeiras"},"content":{"rendered":"<div class=\"wp-block-columns is-layout-flex wp-container-core-columns-is-layout-9d6595d7 wp-block-columns-is-layout-flex\">\n<div class=\"wp-block-column is-layout-flow wp-block-column-is-layout-flow\" style=\"flex-basis:25%\"><\/div>\n\n\n\n<div class=\"wp-block-column is-layout-flow wp-block-column-is-layout-flow\" style=\"flex-basis:50%\">\n<figure class=\"wp-block-image size-full\"><img decoding=\"async\" width=\"790\" height=\"379\" src=\"https:\/\/www.youmushiguang.com\/wp-content\/uploads\/2025\/10\/restaurant-tables-wholesale-details1.webp\" alt=\"mesas de restaurante detalhes por atacado(1)\" class=\"wp-image-737\" srcset=\"https:\/\/www.youmushiguang.com\/wp-content\/uploads\/2025\/10\/restaurant-tables-wholesale-details1.webp 790w, https:\/\/www.youmushiguang.com\/wp-content\/uploads\/2025\/10\/restaurant-tables-wholesale-details1-300x144.webp 300w, https:\/\/www.youmushiguang.com\/wp-content\/uploads\/2025\/10\/restaurant-tables-wholesale-details1-768x368.webp 768w, https:\/\/www.youmushiguang.com\/wp-content\/uploads\/2025\/10\/restaurant-tables-wholesale-details1-600x288.webp 600w\" sizes=\"(max-width: 790px) 100vw, 790px\" \/><\/figure>\n\n\n\n<figure class=\"wp-block-image size-full\"><img decoding=\"async\" width=\"790\" height=\"1085\" src=\"https:\/\/www.youmushiguang.com\/wp-content\/uploads\/2025\/10\/restaurant-tables-wholesale-details2.webp\" alt=\"mesas de restaurante detalhes por atacado(2)\" class=\"wp-image-738\" srcset=\"https:\/\/www.youmushiguang.com\/wp-content\/uploads\/2025\/10\/restaurant-tables-wholesale-details2.webp 790w, https:\/\/www.youmushiguang.com\/wp-content\/uploads\/2025\/10\/restaurant-tables-wholesale-details2-218x300.webp 218w, https:\/\/www.youmushiguang.com\/wp-content\/uploads\/2025\/10\/restaurant-tables-wholesale-details2-768x1055.webp 768w, https:\/\/www.youmushiguang.com\/wp-content\/uploads\/2025\/10\/restaurant-tables-wholesale-details2-600x824.webp 600w\" sizes=\"(max-width: 790px) 100vw, 790px\" \/><\/figure>\n\n\n\n<figure class=\"wp-block-image size-full\"><img decoding=\"async\" width=\"790\" height=\"1638\" src=\"https:\/\/www.youmushiguang.com\/wp-content\/uploads\/2025\/10\/restaurant-tables-wholesale-details3.webp\" alt=\"mesas de restaurante detalhes por atacado(3)\" class=\"wp-image-739\" srcset=\"https:\/\/www.youmushiguang.com\/wp-content\/uploads\/2025\/10\/restaurant-tables-wholesale-details3.webp 790w, https:\/\/www.youmushiguang.com\/wp-content\/uploads\/2025\/10\/restaurant-tables-wholesale-details3-145x300.webp 145w, https:\/\/www.youmushiguang.com\/wp-content\/uploads\/2025\/10\/restaurant-tables-wholesale-details3-768x1592.webp 768w, https:\/\/www.youmushiguang.com\/wp-content\/uploads\/2025\/10\/restaurant-tables-wholesale-details3-600x1244.webp 600w\" sizes=\"(max-width: 790px) 100vw, 790px\" \/><\/figure>\n\n\n\n<figure class=\"wp-block-image size-full\"><img decoding=\"async\" width=\"790\" height=\"1040\" src=\"https:\/\/www.youmushiguang.com\/wp-content\/uploads\/2025\/10\/restaurant-tables-wholesale-details4.webp\" alt=\"mesas de restaurante detalhes por atacado(4)\" class=\"wp-image-740\" srcset=\"https:\/\/www.youmushiguang.com\/wp-content\/uploads\/2025\/10\/restaurant-tables-wholesale-details4.webp 790w, https:\/\/www.youmushiguang.com\/wp-content\/uploads\/2025\/10\/restaurant-tables-wholesale-details4-228x300.webp 228w, https:\/\/www.youmushiguang.com\/wp-content\/uploads\/2025\/10\/restaurant-tables-wholesale-details4-768x1011.webp 768w, https:\/\/www.youmushiguang.com\/wp-content\/uploads\/2025\/10\/restaurant-tables-wholesale-details4-600x790.webp 600w\" sizes=\"(max-width: 790px) 100vw, 790px\" \/><\/figure>\n\n\n\n<figure class=\"wp-block-image size-full\"><img decoding=\"async\" width=\"790\" height=\"2703\" src=\"https:\/\/www.youmushiguang.com\/wp-content\/uploads\/2025\/10\/restaurant-tables-wholesale-details5.webp\" alt=\"mesas de restaurante detalhes por atacado(5)\" class=\"wp-image-741\" srcset=\"https:\/\/www.youmushiguang.com\/wp-content\/uploads\/2025\/10\/restaurant-tables-wholesale-details5.webp 790w, https:\/\/www.youmushiguang.com\/wp-content\/uploads\/2025\/10\/restaurant-tables-wholesale-details5-88x300.webp 88w, https:\/\/www.youmushiguang.com\/wp-content\/uploads\/2025\/10\/restaurant-tables-wholesale-details5-768x2628.webp 768w, https:\/\/www.youmushiguang.com\/wp-content\/uploads\/2025\/10\/restaurant-tables-wholesale-details5-600x2053.webp 600w\" sizes=\"(max-width: 790px) 100vw, 790px\" \/><\/figure>\n\n\n\n<figure class=\"wp-block-image size-full\"><img decoding=\"async\" width=\"790\" height=\"1099\" src=\"https:\/\/www.youmushiguang.com\/wp-content\/uploads\/2025\/10\/restaurant-tables-wholesale-details6.webp\" alt=\"mesas de restaurante detalhes por atacado(6)\" class=\"wp-image-742\" srcset=\"https:\/\/www.youmushiguang.com\/wp-content\/uploads\/2025\/10\/restaurant-tables-wholesale-details6.webp 790w, https:\/\/www.youmushiguang.com\/wp-content\/uploads\/2025\/10\/restaurant-tables-wholesale-details6-216x300.webp 216w, https:\/\/www.youmushiguang.com\/wp-content\/uploads\/2025\/10\/restaurant-tables-wholesale-details6-768x1068.webp 768w, https:\/\/www.youmushiguang.com\/wp-content\/uploads\/2025\/10\/restaurant-tables-wholesale-details6-600x835.webp 600w\" sizes=\"(max-width: 790px) 100vw, 790px\" \/><\/figure>\n\n\n\n<figure class=\"wp-block-image size-full\"><img decoding=\"async\" width=\"790\" height=\"421\" src=\"https:\/\/www.youmushiguang.com\/wp-content\/uploads\/2025\/10\/restaurant-tables-wholesale-details7.webp\" alt=\"mesas de restaurante detalhes por atacado(7)\" class=\"wp-image-743\" srcset=\"https:\/\/www.youmushiguang.com\/wp-content\/uploads\/2025\/10\/restaurant-tables-wholesale-details7.webp 790w, https:\/\/www.youmushiguang.com\/wp-content\/uploads\/2025\/10\/restaurant-tables-wholesale-details7-300x160.webp 300w, https:\/\/www.youmushiguang.com\/wp-content\/uploads\/2025\/10\/restaurant-tables-wholesale-details7-768x409.webp 768w, https:\/\/www.youmushiguang.com\/wp-content\/uploads\/2025\/10\/restaurant-tables-wholesale-details7-600x320.webp 600w\" sizes=\"(max-width: 790px) 100vw, 790px\" \/><\/figure>\n\n\n\n<figure class=\"wp-block-image size-full\"><img decoding=\"async\" width=\"790\" height=\"1046\" src=\"https:\/\/www.youmushiguang.com\/wp-content\/uploads\/2025\/10\/restaurant-tables-wholesale-details8.webp\" alt=\"mesas de restaurante detalhes por atacado(8)\" class=\"wp-image-744\" srcset=\"https:\/\/www.youmushiguang.com\/wp-content\/uploads\/2025\/10\/restaurant-tables-wholesale-details8.webp 790w, https:\/\/www.youmushiguang.com\/wp-content\/uploads\/2025\/10\/restaurant-tables-wholesale-details8-227x300.webp 227w, https:\/\/www.youmushiguang.com\/wp-content\/uploads\/2025\/10\/restaurant-tables-wholesale-details8-768x1017.webp 768w, https:\/\/www.youmushiguang.com\/wp-content\/uploads\/2025\/10\/restaurant-tables-wholesale-details8-600x794.webp 600w\" sizes=\"(max-width: 790px) 100vw, 790px\" \/><\/figure>\n\n\n\n<figure class=\"wp-block-image size-full\"><img decoding=\"async\" width=\"790\" height=\"430\" src=\"https:\/\/www.youmushiguang.com\/wp-content\/uploads\/2025\/10\/restaurant-tables-wholesale-details9.webp\" alt=\"mesas de restaurante detalhes por atacado(9)\" class=\"wp-image-745\" srcset=\"https:\/\/www.youmushiguang.com\/wp-content\/uploads\/2025\/10\/restaurant-tables-wholesale-details9.webp 790w, https:\/\/www.youmushiguang.com\/wp-content\/uploads\/2025\/10\/restaurant-tables-wholesale-details9-300x163.webp 300w, https:\/\/www.youmushiguang.com\/wp-content\/uploads\/2025\/10\/restaurant-tables-wholesale-details9-768x418.webp 768w, https:\/\/www.youmushiguang.com\/wp-content\/uploads\/2025\/10\/restaurant-tables-wholesale-details9-600x327.webp 600w\" sizes=\"(max-width: 790px) 100vw, 790px\" \/><\/figure>\n\n\n\n<figure class=\"wp-block-image size-full\"><img decoding=\"async\" width=\"790\" height=\"1052\" src=\"https:\/\/www.youmushiguang.com\/wp-content\/uploads\/2025\/10\/restaurant-tables-wholesale-details10.webp\" alt=\"mesas de restaurante detalhes por atacado(10)\" class=\"wp-image-746\" srcset=\"https:\/\/www.youmushiguang.com\/wp-content\/uploads\/2025\/10\/restaurant-tables-wholesale-details10.webp 790w, https:\/\/www.youmushiguang.com\/wp-content\/uploads\/2025\/10\/restaurant-tables-wholesale-details10-225x300.webp 225w, https:\/\/www.youmushiguang.com\/wp-content\/uploads\/2025\/10\/restaurant-tables-wholesale-details10-768x1023.webp 768w, https:\/\/www.youmushiguang.com\/wp-content\/uploads\/2025\/10\/restaurant-tables-wholesale-details10-600x799.webp 600w\" sizes=\"(max-width: 790px) 100vw, 790px\" \/><\/figure>\n<\/div>\n\n\n\n<div class=\"wp-block-column is-layout-flow wp-block-column-is-layout-flow\" style=\"flex-basis:25%\"><\/div>\n<\/div>","protected":false},"excerpt":{"rendered":"<p>A venda por grosso de mesas de restaurante est\u00e1 agora dispon\u00edvel. Fabricadas em madeira maci\u00e7a de freixo norte-americana, vime PE tecido \u00e0 m\u00e3o e pele de Napa, cada pe\u00e7a do nosso mobili\u00e1rio de restaurante combina um design intemporal com uma durabilidade excecional. Perfeito para restaurantes tem\u00e1ticos, caf\u00e9s ou salas de estar dom\u00e9sticas. Contacte-nos para um or\u00e7amento.<\/p>\n<h2>Especifica\u00e7\u00f5es do mobili\u00e1rio de restaurante de estilo do sudeste asi\u00e1tico<\/h2>\n<table style=\"height: 392px;\" width=\"700\">\n<tbody>\n<tr>\n<td width=\"160\">Modelo<\/td>\n<td width=\"590\">1200<\/td>\n<\/tr>\n<tr>\n<td width=\"160\">Categoria<\/td>\n<td width=\"590\">Mobili\u00e1rio de restaurante<\/td>\n<\/tr>\n<tr>\n<td width=\"160\">Nome do produto<\/td>\n<td width=\"590\">Mesas e mobili\u00e1rio para restaurantes do Sudeste Asi\u00e1tico<\/td>\n<\/tr>\n<tr>\n<td width=\"160\">Op\u00e7\u00f5es de personaliza\u00e7\u00e3o<\/td>\n<td width=\"590\">Estilo\/Cor\/Tamanho\/Material<\/td>\n<\/tr>\n<tr>\n<td width=\"160\">Tabela<\/td>\n<td width=\"590\">Tampo da mesa em madeira maci\u00e7a + estrutura em ferro espessado de alta qualidade<\/td>\n<\/tr>\n<tr>\n<td width=\"160\">Cadeira<\/td>\n<td width=\"590\">\u00a0Estrutura em madeira maci\u00e7a + vime PE ecol\u00f3gico + revestimento em couro Nappa ecol\u00f3gico + esponja de ressalto de alta densidade<\/td>\n<\/tr>\n<tr>\n<td width=\"160\">Sof\u00e1<\/td>\n<td width=\"590\">\u00a0Estrutura em madeira maci\u00e7a + vime PE ecol\u00f3gico + revestimento em couro Nappa ecol\u00f3gico + esponja de ressalto de alta densidade<\/td>\n<\/tr>\n<tr>\n<td width=\"160\">Cena de aplica\u00e7\u00e3o<\/td>\n<td width=\"590\">Restaurante\/Restaurante tem\u00e1tico\/Restaurante ocidental<\/td>\n<\/tr>\n<tr>\n<td width=\"160\">Cor<\/td>\n<td width=\"590\">Madeira de nogueira\/material em pele esbranqui\u00e7ada (personaliz\u00e1vel)<\/td>\n<\/tr>\n<tr>\n<td width=\"160\">Material<\/td>\n<td width=\"590\">Madeira maci\u00e7a\/laje de pedra\/metal\/couro\/esponja<\/td>\n<\/tr>\n<tr>\n<td width=\"160\">Estilo<\/td>\n<td width=\"590\">Estilo do Sudeste Asi\u00e1tico<\/td>\n<\/tr>\n<\/tbody>\n<\/table>\n<p><script src=\"chrome-extension:\/\/fpelahbljekknahkcaegamhcndkfpfnc\/iFrame.js\" type=\"text\/javascript\"><\/script><\/p>\n<p><script src=\"chrome-extension:\/\/fpelahbljekknahkcaegamhcndkfpfnc\/iFrame.js\" type=\"text\/javascript\"><\/script><\/p>\n<p>\n<script src=\"chrome-extension:\/\/fpelahbljekknahkcaegamhcndkfpfnc\/iFrame.js\" type=\"text\/javascript\"><\/script><\/p>","protected":false},"featured_media":736,"comment_status":"closed","ping_status":"closed","template":"","meta":{"_acf_changed":true},"product_brand":[],"product_cat":[24,40],"product_tag":[],"class_list":{"0":"post-731","1":"product","2":"type-product","3":"status-publish","4":"has-post-thumbnail","6":"product_cat-wholesale-restaurant-furniture","7":"product_cat-wholesale-southeast-asian-style-restaurant-furniture","9":"first","10":"instock","11":"shipping-taxable","12":"product-type-simple"},"acf":[],"_links":{"self":[{"href":"https:\/\/www.youmushiguang.com\/pt\/wp-json\/wp\/v2\/product\/731","targetHints":{"allow":["GET"]}}],"collection":[{"href":"https:\/\/www.youmushiguang.com\/pt\/wp-json\/wp\/v2\/product"}],"about":[{"href":"https:\/\/www.youmushiguang.com\/pt\/wp-json\/wp\/v2\/types\/product"}],"replies":[{"embeddable":true,"href":"https:\/\/www.youmushiguang.com\/pt\/wp-json\/wp\/v2\/comments?post=731"}],"wp:featuredmedia":[{"embeddable":true,"href":"https:\/\/www.youmushiguang.com\/pt\/wp-json\/wp\/v2\/media\/736"}],"wp:attachment":[{"href":"https:\/\/www.youmushiguang.com\/pt\/wp-json\/wp\/v2\/media?parent=731"}],"wp:term":[{"taxonomy":"product_brand","embeddable":true,"href":"https:\/\/www.youmushiguang.com\/pt\/wp-json\/wp\/v2\/product_brand?post=731"},{"taxonomy":"product_cat","embeddable":true,"href":"https:\/\/www.youmushiguang.com\/pt\/wp-json\/wp\/v2\/product_cat?post=731"},{"taxonomy":"product_tag","embeddable":true,"href":"https:\/\/www.youmushiguang.com\/pt\/wp-json\/wp\/v2\/product_tag?post=731"}],"curies":[{"name":"wp","href":"https:\/\/api.w.org\/{rel}","templated":true}]}}