{"id":754,"date":"2025-10-14T08:15:29","date_gmt":"2025-10-14T08:15:29","guid":{"rendered":"https:\/\/www.youmushiguang.com\/?post_type=product&#038;p=754"},"modified":"2025-10-17T06:18:11","modified_gmt":"2025-10-17T06:18:11","slug":"wholesale-restaurant-booth-sofa","status":"publish","type":"product","link":"https:\/\/www.youmushiguang.com\/pt\/product\/wholesale-restaurant-booth-sofa\/","title":{"rendered":"Wholesale Restaurant Furniture Within Southeast Asian Style \u2013 with Booths, Tables, and Chairs"},"content":{"rendered":"<div class=\"wp-block-columns is-layout-flex wp-container-core-columns-is-layout-9d6595d7 wp-block-columns-is-layout-flex\">\n<div class=\"wp-block-column is-layout-flow wp-block-column-is-layout-flow\" style=\"flex-basis:25%\"><\/div>\n\n\n\n<div class=\"wp-block-column is-layout-flow wp-block-column-is-layout-flow\" style=\"flex-basis:50%\">\n<figure class=\"wp-block-image size-full\"><img decoding=\"async\" width=\"790\" height=\"376\" src=\"https:\/\/www.youmushiguang.com\/wp-content\/uploads\/2025\/10\/restaurant-booth-sofa-details1.webp\" alt=\"restaurant booth sofa details(1)\" class=\"wp-image-760\" srcset=\"https:\/\/www.youmushiguang.com\/wp-content\/uploads\/2025\/10\/restaurant-booth-sofa-details1.webp 790w, https:\/\/www.youmushiguang.com\/wp-content\/uploads\/2025\/10\/restaurant-booth-sofa-details1-300x143.webp 300w, https:\/\/www.youmushiguang.com\/wp-content\/uploads\/2025\/10\/restaurant-booth-sofa-details1-768x366.webp 768w, https:\/\/www.youmushiguang.com\/wp-content\/uploads\/2025\/10\/restaurant-booth-sofa-details1-600x286.webp 600w\" sizes=\"(max-width: 790px) 100vw, 790px\" \/><\/figure>\n\n\n\n<figure class=\"wp-block-image size-full\"><img decoding=\"async\" width=\"790\" height=\"1090\" src=\"https:\/\/www.youmushiguang.com\/wp-content\/uploads\/2025\/10\/restaurant-booth-sofa-details2.webp\" alt=\"restaurant booth sofa details(2)\" class=\"wp-image-761\" srcset=\"https:\/\/www.youmushiguang.com\/wp-content\/uploads\/2025\/10\/restaurant-booth-sofa-details2.webp 790w, https:\/\/www.youmushiguang.com\/wp-content\/uploads\/2025\/10\/restaurant-booth-sofa-details2-217x300.webp 217w, https:\/\/www.youmushiguang.com\/wp-content\/uploads\/2025\/10\/restaurant-booth-sofa-details2-768x1060.webp 768w, https:\/\/www.youmushiguang.com\/wp-content\/uploads\/2025\/10\/restaurant-booth-sofa-details2-600x828.webp 600w\" sizes=\"(max-width: 790px) 100vw, 790px\" \/><\/figure>\n\n\n\n<figure class=\"wp-block-image size-full\"><img decoding=\"async\" width=\"790\" height=\"1641\" src=\"https:\/\/www.youmushiguang.com\/wp-content\/uploads\/2025\/10\/restaurant-booth-sofa-details3.webp\" alt=\"restaurant booth sofa details(3)\" class=\"wp-image-762\" srcset=\"https:\/\/www.youmushiguang.com\/wp-content\/uploads\/2025\/10\/restaurant-booth-sofa-details3.webp 790w, https:\/\/www.youmushiguang.com\/wp-content\/uploads\/2025\/10\/restaurant-booth-sofa-details3-144x300.webp 144w, https:\/\/www.youmushiguang.com\/wp-content\/uploads\/2025\/10\/restaurant-booth-sofa-details3-768x1595.webp 768w, https:\/\/www.youmushiguang.com\/wp-content\/uploads\/2025\/10\/restaurant-booth-sofa-details3-600x1246.webp 600w\" sizes=\"(max-width: 790px) 100vw, 790px\" \/><\/figure>\n\n\n\n<figure class=\"wp-block-image size-full\"><img decoding=\"async\" width=\"790\" height=\"1033\" src=\"https:\/\/www.youmushiguang.com\/wp-content\/uploads\/2025\/10\/restaurant-booth-sofa-details4.webp\" alt=\"restaurant booth sofa details(4)\" class=\"wp-image-763\" srcset=\"https:\/\/www.youmushiguang.com\/wp-content\/uploads\/2025\/10\/restaurant-booth-sofa-details4.webp 790w, https:\/\/www.youmushiguang.com\/wp-content\/uploads\/2025\/10\/restaurant-booth-sofa-details4-229x300.webp 229w, https:\/\/www.youmushiguang.com\/wp-content\/uploads\/2025\/10\/restaurant-booth-sofa-details4-768x1004.webp 768w, https:\/\/www.youmushiguang.com\/wp-content\/uploads\/2025\/10\/restaurant-booth-sofa-details4-600x785.webp 600w\" sizes=\"(max-width: 790px) 100vw, 790px\" \/><\/figure>\n\n\n\n<figure class=\"wp-block-image size-full\"><img decoding=\"async\" width=\"790\" height=\"1038\" src=\"https:\/\/www.youmushiguang.com\/wp-content\/uploads\/2025\/10\/restaurant-booth-sofa-details6-1.webp\" alt=\"restaurant booth sofa details(6)\" class=\"wp-image-766\" srcset=\"https:\/\/www.youmushiguang.com\/wp-content\/uploads\/2025\/10\/restaurant-booth-sofa-details6-1.webp 790w, https:\/\/www.youmushiguang.com\/wp-content\/uploads\/2025\/10\/restaurant-booth-sofa-details6-1-228x300.webp 228w, https:\/\/www.youmushiguang.com\/wp-content\/uploads\/2025\/10\/restaurant-booth-sofa-details6-1-768x1009.webp 768w, https:\/\/www.youmushiguang.com\/wp-content\/uploads\/2025\/10\/restaurant-booth-sofa-details6-1-600x788.webp 600w\" sizes=\"(max-width: 790px) 100vw, 790px\" \/><\/figure>\n\n\n\n<figure class=\"wp-block-image size-full\"><img decoding=\"async\" width=\"790\" height=\"443\" src=\"https:\/\/www.youmushiguang.com\/wp-content\/uploads\/2025\/10\/restaurant-booth-sofa-details7.webp\" alt=\"restaurant booth sofa details(7)\" class=\"wp-image-767\" srcset=\"https:\/\/www.youmushiguang.com\/wp-content\/uploads\/2025\/10\/restaurant-booth-sofa-details7.webp 790w, https:\/\/www.youmushiguang.com\/wp-content\/uploads\/2025\/10\/restaurant-booth-sofa-details7-300x168.webp 300w, https:\/\/www.youmushiguang.com\/wp-content\/uploads\/2025\/10\/restaurant-booth-sofa-details7-768x431.webp 768w, https:\/\/www.youmushiguang.com\/wp-content\/uploads\/2025\/10\/restaurant-booth-sofa-details7-600x336.webp 600w\" sizes=\"(max-width: 790px) 100vw, 790px\" \/><\/figure>\n\n\n\n<figure class=\"wp-block-image size-full\"><img decoding=\"async\" width=\"790\" height=\"1065\" src=\"https:\/\/www.youmushiguang.com\/wp-content\/uploads\/2025\/10\/restaurant-booth-sofa-details8.webp\" alt=\"restaurant booth sofa details(8)\" class=\"wp-image-768\" srcset=\"https:\/\/www.youmushiguang.com\/wp-content\/uploads\/2025\/10\/restaurant-booth-sofa-details8.webp 790w, https:\/\/www.youmushiguang.com\/wp-content\/uploads\/2025\/10\/restaurant-booth-sofa-details8-223x300.webp 223w, https:\/\/www.youmushiguang.com\/wp-content\/uploads\/2025\/10\/restaurant-booth-sofa-details8-768x1035.webp 768w, https:\/\/www.youmushiguang.com\/wp-content\/uploads\/2025\/10\/restaurant-booth-sofa-details8-600x809.webp 600w\" sizes=\"(max-width: 790px) 100vw, 790px\" \/><\/figure>\n\n\n\n<figure class=\"wp-block-image size-full\"><img decoding=\"async\" width=\"790\" height=\"394\" src=\"https:\/\/www.youmushiguang.com\/wp-content\/uploads\/2025\/10\/restaurant-booth-sofa-details9.webp\" alt=\"restaurant booth sofa details(9)\" class=\"wp-image-769\" srcset=\"https:\/\/www.youmushiguang.com\/wp-content\/uploads\/2025\/10\/restaurant-booth-sofa-details9.webp 790w, https:\/\/www.youmushiguang.com\/wp-content\/uploads\/2025\/10\/restaurant-booth-sofa-details9-300x150.webp 300w, https:\/\/www.youmushiguang.com\/wp-content\/uploads\/2025\/10\/restaurant-booth-sofa-details9-768x383.webp 768w, https:\/\/www.youmushiguang.com\/wp-content\/uploads\/2025\/10\/restaurant-booth-sofa-details9-600x299.webp 600w\" sizes=\"(max-width: 790px) 100vw, 790px\" \/><\/figure>\n\n\n\n<figure class=\"wp-block-image size-full\"><img decoding=\"async\" width=\"790\" height=\"1063\" src=\"https:\/\/www.youmushiguang.com\/wp-content\/uploads\/2025\/10\/restaurant-booth-sofa-details10.webp\" alt=\"restaurant booth sofa details(10)\" class=\"wp-image-770\" srcset=\"https:\/\/www.youmushiguang.com\/wp-content\/uploads\/2025\/10\/restaurant-booth-sofa-details10.webp 790w, https:\/\/www.youmushiguang.com\/wp-content\/uploads\/2025\/10\/restaurant-booth-sofa-details10-223x300.webp 223w, https:\/\/www.youmushiguang.com\/wp-content\/uploads\/2025\/10\/restaurant-booth-sofa-details10-768x1033.webp 768w, https:\/\/www.youmushiguang.com\/wp-content\/uploads\/2025\/10\/restaurant-booth-sofa-details10-600x807.webp 600w\" sizes=\"(max-width: 790px) 100vw, 790px\" \/><\/figure>\n<\/div>\n\n\n\n<div class=\"wp-block-column is-layout-flow wp-block-column-is-layout-flow\" style=\"flex-basis:25%\"><\/div>\n<\/div>","protected":false},"excerpt":{"rendered":"<p>Venda por grosso de sof\u00e1s, mesas e cadeiras de cabina de restaurante de estilo do Sudeste Asi\u00e1tico. O nosso mobili\u00e1rio de restaurante apresenta designs originais, materiais ecol\u00f3gicos e um trabalho artesanal requintado, oferecendo um conforto moderno. Cada pe\u00e7a \u00e9 trabalhada a partir de madeira de freixo s\u00f3lido de grau FAS, couro Nappa e rattan PE tecido \u00e0 m\u00e3o, misturando calor natural com estilo minimalista moderno. Os restaurantes e as cadeias de lojas podem contactar-nos para obter um or\u00e7amento.<\/p>\n<h2>Especifica\u00e7\u00f5es do mobili\u00e1rio de restaurante de estilo do sudeste asi\u00e1tico<\/h2>\n<table style=\"height: 420px;\" width=\"700\">\n<tbody>\n<tr>\n<td width=\"160\">Modelo<\/td>\n<td width=\"590\">1202<\/td>\n<\/tr>\n<tr>\n<td width=\"160\">Categoria<\/td>\n<td width=\"590\">Mobili\u00e1rio de restaurante<\/td>\n<\/tr>\n<tr>\n<td width=\"160\">Nome do produto<\/td>\n<td width=\"590\">Sof\u00e1 de cabina de restaurante do Sudeste Asi\u00e1tico<\/td>\n<\/tr>\n<tr>\n<td width=\"160\">Op\u00e7\u00f5es de personaliza\u00e7\u00e3o<\/td>\n<td width=\"590\">Estilo\/Cor\/Tamanho\/Material<\/td>\n<\/tr>\n<tr>\n<td width=\"160\">Tabela<\/td>\n<td width=\"590\">Tampo de mesa em madeira maci\u00e7a revestido a azulejos de cer\u00e2mica + estrutura em chapa de a\u00e7o espessada de alta qualidade<\/td>\n<\/tr>\n<tr>\n<td width=\"160\">Cadeira<\/td>\n<td width=\"590\">\u00a0Estrutura em madeira maci\u00e7a + vime PE ecol\u00f3gico + revestimento em couro Nappa ecol\u00f3gico + esponja de ressalto de alta densidade<\/td>\n<\/tr>\n<tr>\n<td width=\"160\">Sof\u00e1<\/td>\n<td width=\"590\">\u00a0Estrutura em madeira maci\u00e7a + vime PE ecol\u00f3gico + revestimento em couro Nappa ecol\u00f3gico + esponja de ressalto de alta densidade<\/td>\n<\/tr>\n<tr>\n<td width=\"160\">Cena de aplica\u00e7\u00e3o<\/td>\n<td width=\"590\">Restaurante\/Restaurante tem\u00e1tico\/Restaurante ocidental<\/td>\n<\/tr>\n<tr>\n<td width=\"160\">Cor<\/td>\n<td width=\"590\">Madeira de nogueira\/verde claro (personaliz\u00e1vel)<\/td>\n<\/tr>\n<tr>\n<td width=\"160\">Material<\/td>\n<td width=\"590\">Azulejos de cer\u00e2mica\/ferragens\/couro\/esponja\/rotim tecido<\/td>\n<\/tr>\n<tr>\n<td width=\"160\">Estilo<\/td>\n<td width=\"590\">Estilo do Sudeste Asi\u00e1tico<\/td>\n<\/tr>\n<\/tbody>\n<\/table>\n<p><script src=\"chrome-extension:\/\/fpelahbljekknahkcaegamhcndkfpfnc\/iFrame.js\" type=\"text\/javascript\"><\/script><\/p>\n<p>\n<script src=\"chrome-extension:\/\/fpelahbljekknahkcaegamhcndkfpfnc\/iFrame.js\" type=\"text\/javascript\"><\/script><\/p>","protected":false},"featured_media":758,"comment_status":"closed","ping_status":"closed","template":"","meta":{"_acf_changed":true},"product_brand":[],"product_cat":[24],"product_tag":[],"class_list":{"0":"post-754","1":"product","2":"type-product","3":"status-publish","4":"has-post-thumbnail","6":"product_cat-wholesale-restaurant-furniture","8":"first","9":"instock","10":"shipping-taxable","11":"product-type-simple"},"acf":[],"_links":{"self":[{"href":"https:\/\/www.youmushiguang.com\/pt\/wp-json\/wp\/v2\/product\/754","targetHints":{"allow":["GET"]}}],"collection":[{"href":"https:\/\/www.youmushiguang.com\/pt\/wp-json\/wp\/v2\/product"}],"about":[{"href":"https:\/\/www.youmushiguang.com\/pt\/wp-json\/wp\/v2\/types\/product"}],"replies":[{"embeddable":true,"href":"https:\/\/www.youmushiguang.com\/pt\/wp-json\/wp\/v2\/comments?post=754"}],"wp:featuredmedia":[{"embeddable":true,"href":"https:\/\/www.youmushiguang.com\/pt\/wp-json\/wp\/v2\/media\/758"}],"wp:attachment":[{"href":"https:\/\/www.youmushiguang.com\/pt\/wp-json\/wp\/v2\/media?parent=754"}],"wp:term":[{"taxonomy":"product_brand","embeddable":true,"href":"https:\/\/www.youmushiguang.com\/pt\/wp-json\/wp\/v2\/product_brand?post=754"},{"taxonomy":"product_cat","embeddable":true,"href":"https:\/\/www.youmushiguang.com\/pt\/wp-json\/wp\/v2\/product_cat?post=754"},{"taxonomy":"product_tag","embeddable":true,"href":"https:\/\/www.youmushiguang.com\/pt\/wp-json\/wp\/v2\/product_tag?post=754"}],"curies":[{"name":"wp","href":"https:\/\/api.w.org\/{rel}","templated":true}]}}