{"id":776,"date":"2025-10-16T10:44:47","date_gmt":"2025-10-16T10:44:47","guid":{"rendered":"https:\/\/www.youmushiguang.com\/?post_type=product&#038;p=776"},"modified":"2025-10-17T06:06:07","modified_gmt":"2025-10-17T06:06:07","slug":"wholesale-modern-simplicity-style-restaurant-furniture","status":"publish","type":"product","link":"https:\/\/www.youmushiguang.com\/pt\/product\/wholesale-modern-simplicity-style-restaurant-furniture\/","title":{"rendered":"Mobili\u00e1rio de restaurante de estilo moderno e simples por atacado - cabinas, mesas e cadeiras"},"content":{"rendered":"<div class=\"wp-block-columns is-layout-flex wp-container-core-columns-is-layout-9d6595d7 wp-block-columns-is-layout-flex\">\n<div class=\"wp-block-column is-layout-flow wp-block-column-is-layout-flow\" style=\"flex-basis:25%\"><\/div>\n\n\n\n<div class=\"wp-block-column is-layout-flow wp-block-column-is-layout-flow\" style=\"flex-basis:50%\">\n<figure class=\"wp-block-image size-full\"><img decoding=\"async\" width=\"790\" height=\"380\" src=\"https:\/\/www.youmushiguang.com\/wp-content\/uploads\/2025\/10\/restaurant-chairs-wholesale-details1.webp\" alt=\"cadeiras de restaurante detalhes por atacado(1)\" class=\"wp-image-782\" srcset=\"https:\/\/www.youmushiguang.com\/wp-content\/uploads\/2025\/10\/restaurant-chairs-wholesale-details1.webp 790w, https:\/\/www.youmushiguang.com\/wp-content\/uploads\/2025\/10\/restaurant-chairs-wholesale-details1-300x144.webp 300w, https:\/\/www.youmushiguang.com\/wp-content\/uploads\/2025\/10\/restaurant-chairs-wholesale-details1-768x369.webp 768w, https:\/\/www.youmushiguang.com\/wp-content\/uploads\/2025\/10\/restaurant-chairs-wholesale-details1-600x289.webp 600w\" sizes=\"(max-width: 790px) 100vw, 790px\" \/><\/figure>\n\n\n\n<figure class=\"wp-block-image size-full\"><img decoding=\"async\" width=\"790\" height=\"1085\" src=\"https:\/\/www.youmushiguang.com\/wp-content\/uploads\/2025\/10\/restaurant-chairs-wholesale-details2.webp\" alt=\"cadeiras de restaurante detalhes por atacado(2)\" class=\"wp-image-783\" srcset=\"https:\/\/www.youmushiguang.com\/wp-content\/uploads\/2025\/10\/restaurant-chairs-wholesale-details2.webp 790w, https:\/\/www.youmushiguang.com\/wp-content\/uploads\/2025\/10\/restaurant-chairs-wholesale-details2-218x300.webp 218w, https:\/\/www.youmushiguang.com\/wp-content\/uploads\/2025\/10\/restaurant-chairs-wholesale-details2-768x1055.webp 768w, https:\/\/www.youmushiguang.com\/wp-content\/uploads\/2025\/10\/restaurant-chairs-wholesale-details2-600x824.webp 600w\" sizes=\"(max-width: 790px) 100vw, 790px\" \/><\/figure>\n\n\n\n<figure class=\"wp-block-image size-full\"><img decoding=\"async\" width=\"790\" height=\"1653\" src=\"https:\/\/www.youmushiguang.com\/wp-content\/uploads\/2025\/10\/restaurant-chairs-wholesale-details3.webp\" alt=\"cadeiras de restaurante detalhes por atacado(3)\" class=\"wp-image-784\" srcset=\"https:\/\/www.youmushiguang.com\/wp-content\/uploads\/2025\/10\/restaurant-chairs-wholesale-details3.webp 790w, https:\/\/www.youmushiguang.com\/wp-content\/uploads\/2025\/10\/restaurant-chairs-wholesale-details3-143x300.webp 143w, https:\/\/www.youmushiguang.com\/wp-content\/uploads\/2025\/10\/restaurant-chairs-wholesale-details3-768x1607.webp 768w, https:\/\/www.youmushiguang.com\/wp-content\/uploads\/2025\/10\/restaurant-chairs-wholesale-details3-600x1255.webp 600w\" sizes=\"(max-width: 790px) 100vw, 790px\" \/><\/figure>\n\n\n\n<figure class=\"wp-block-image size-full\"><img decoding=\"async\" width=\"790\" height=\"1018\" src=\"https:\/\/www.youmushiguang.com\/wp-content\/uploads\/2025\/10\/restaurant-chairs-wholesale-details4.webp\" alt=\"cadeiras de restaurante detalhes por atacado(4)\" class=\"wp-image-785\" srcset=\"https:\/\/www.youmushiguang.com\/wp-content\/uploads\/2025\/10\/restaurant-chairs-wholesale-details4.webp 790w, https:\/\/www.youmushiguang.com\/wp-content\/uploads\/2025\/10\/restaurant-chairs-wholesale-details4-233x300.webp 233w, https:\/\/www.youmushiguang.com\/wp-content\/uploads\/2025\/10\/restaurant-chairs-wholesale-details4-768x990.webp 768w, https:\/\/www.youmushiguang.com\/wp-content\/uploads\/2025\/10\/restaurant-chairs-wholesale-details4-600x773.webp 600w\" sizes=\"(max-width: 790px) 100vw, 790px\" \/><\/figure>\n\n\n\n<figure class=\"wp-block-image size-full\"><img decoding=\"async\" width=\"790\" height=\"2699\" src=\"https:\/\/www.youmushiguang.com\/wp-content\/uploads\/2025\/10\/restaurant-chairs-wholesale-details5.webp\" alt=\"cadeiras de restaurante detalhes por atacado(5)\" class=\"wp-image-786\" srcset=\"https:\/\/www.youmushiguang.com\/wp-content\/uploads\/2025\/10\/restaurant-chairs-wholesale-details5.webp 790w, https:\/\/www.youmushiguang.com\/wp-content\/uploads\/2025\/10\/restaurant-chairs-wholesale-details5-88x300.webp 88w, https:\/\/www.youmushiguang.com\/wp-content\/uploads\/2025\/10\/restaurant-chairs-wholesale-details5-768x2624.webp 768w, https:\/\/www.youmushiguang.com\/wp-content\/uploads\/2025\/10\/restaurant-chairs-wholesale-details5-600x2050.webp 600w\" sizes=\"(max-width: 790px) 100vw, 790px\" \/><\/figure>\n\n\n\n<figure class=\"wp-block-image size-full\"><img decoding=\"async\" width=\"790\" height=\"1015\" src=\"https:\/\/www.youmushiguang.com\/wp-content\/uploads\/2025\/10\/restaurant-chairs-wholesale-details6.webp\" alt=\"cadeiras de restaurante detalhes por atacado(6)\" class=\"wp-image-787\" srcset=\"https:\/\/www.youmushiguang.com\/wp-content\/uploads\/2025\/10\/restaurant-chairs-wholesale-details6.webp 790w, https:\/\/www.youmushiguang.com\/wp-content\/uploads\/2025\/10\/restaurant-chairs-wholesale-details6-233x300.webp 233w, https:\/\/www.youmushiguang.com\/wp-content\/uploads\/2025\/10\/restaurant-chairs-wholesale-details6-768x987.webp 768w, https:\/\/www.youmushiguang.com\/wp-content\/uploads\/2025\/10\/restaurant-chairs-wholesale-details6-600x771.webp 600w\" sizes=\"(max-width: 790px) 100vw, 790px\" \/><\/figure>\n\n\n\n<figure class=\"wp-block-image size-full\"><img decoding=\"async\" width=\"790\" height=\"483\" src=\"https:\/\/www.youmushiguang.com\/wp-content\/uploads\/2025\/10\/restaurant-chairs-wholesale-details7.webp\" alt=\"cadeiras de restaurante por atacado detalhes(7)\" class=\"wp-image-788\" srcset=\"https:\/\/www.youmushiguang.com\/wp-content\/uploads\/2025\/10\/restaurant-chairs-wholesale-details7.webp 790w, https:\/\/www.youmushiguang.com\/wp-content\/uploads\/2025\/10\/restaurant-chairs-wholesale-details7-300x183.webp 300w, https:\/\/www.youmushiguang.com\/wp-content\/uploads\/2025\/10\/restaurant-chairs-wholesale-details7-768x470.webp 768w, https:\/\/www.youmushiguang.com\/wp-content\/uploads\/2025\/10\/restaurant-chairs-wholesale-details7-600x367.webp 600w\" sizes=\"(max-width: 790px) 100vw, 790px\" \/><\/figure>\n\n\n\n<figure class=\"wp-block-image size-full\"><img decoding=\"async\" width=\"790\" height=\"1013\" src=\"https:\/\/www.youmushiguang.com\/wp-content\/uploads\/2025\/10\/restaurant-chairs-wholesale-details8.webp\" alt=\"cadeiras de restaurante detalhes por atacado(8)\" class=\"wp-image-789\" srcset=\"https:\/\/www.youmushiguang.com\/wp-content\/uploads\/2025\/10\/restaurant-chairs-wholesale-details8.webp 790w, https:\/\/www.youmushiguang.com\/wp-content\/uploads\/2025\/10\/restaurant-chairs-wholesale-details8-234x300.webp 234w, https:\/\/www.youmushiguang.com\/wp-content\/uploads\/2025\/10\/restaurant-chairs-wholesale-details8-768x985.webp 768w, https:\/\/www.youmushiguang.com\/wp-content\/uploads\/2025\/10\/restaurant-chairs-wholesale-details8-600x769.webp 600w\" sizes=\"(max-width: 790px) 100vw, 790px\" \/><\/figure>\n\n\n\n<figure class=\"wp-block-image size-full\"><img decoding=\"async\" width=\"790\" height=\"390\" src=\"https:\/\/www.youmushiguang.com\/wp-content\/uploads\/2025\/10\/restaurant-chairs-wholesale-details9.webp\" alt=\"cadeiras de restaurante detalhes por atacado(9)\" class=\"wp-image-790\" srcset=\"https:\/\/www.youmushiguang.com\/wp-content\/uploads\/2025\/10\/restaurant-chairs-wholesale-details9.webp 790w, https:\/\/www.youmushiguang.com\/wp-content\/uploads\/2025\/10\/restaurant-chairs-wholesale-details9-300x148.webp 300w, https:\/\/www.youmushiguang.com\/wp-content\/uploads\/2025\/10\/restaurant-chairs-wholesale-details9-768x379.webp 768w, https:\/\/www.youmushiguang.com\/wp-content\/uploads\/2025\/10\/restaurant-chairs-wholesale-details9-600x296.webp 600w\" sizes=\"(max-width: 790px) 100vw, 790px\" \/><\/figure>\n\n\n\n<figure class=\"wp-block-image size-full\"><img decoding=\"async\" width=\"790\" height=\"1041\" src=\"https:\/\/www.youmushiguang.com\/wp-content\/uploads\/2025\/10\/restaurant-chairs-wholesale-details10.webp\" alt=\"cadeiras de restaurante detalhes por atacado(10)\" class=\"wp-image-791\" srcset=\"https:\/\/www.youmushiguang.com\/wp-content\/uploads\/2025\/10\/restaurant-chairs-wholesale-details10.webp 790w, https:\/\/www.youmushiguang.com\/wp-content\/uploads\/2025\/10\/restaurant-chairs-wholesale-details10-228x300.webp 228w, https:\/\/www.youmushiguang.com\/wp-content\/uploads\/2025\/10\/restaurant-chairs-wholesale-details10-768x1012.webp 768w, https:\/\/www.youmushiguang.com\/wp-content\/uploads\/2025\/10\/restaurant-chairs-wholesale-details10-600x791.webp 600w\" sizes=\"(max-width: 790px) 100vw, 790px\" \/><\/figure>\n<\/div>\n\n\n\n<div class=\"wp-block-column is-layout-flow wp-block-column-is-layout-flow\" style=\"flex-basis:25%\"><\/div>\n<\/div>","protected":false},"excerpt":{"rendered":"<p>Cadeiras de restaurante por grosso, mobili\u00e1rio comercial. Combinando madeira de freixo maci\u00e7o de qualidade FAS, pele de Napa, estruturas de a\u00e7o inoxid\u00e1vel e tampos de mesa em m\u00e1rmore ou pedra sinterizada, estas cadeiras de restaurante proporcionam uma mistura harmoniosa de durabilidade, conforto e artesanato requintado. S\u00e3o bem adaptadas para restaurantes modernos, caf\u00e9s e espa\u00e7os de lazer em casa. Contacte-nos para um or\u00e7amento.<\/p>\n<h2>Especifica\u00e7\u00f5es do mobili\u00e1rio de restaurante\u00a0<\/h2>\n<table style=\"height: 430px;\" width=\"701\">\n<tbody>\n<tr>\n<td width=\"160\">Modelo<\/td>\n<td width=\"590\">1204<\/td>\n<\/tr>\n<tr>\n<td width=\"160\">Categoria<\/td>\n<td width=\"590\">Mobili\u00e1rio de restaurante<\/td>\n<\/tr>\n<tr>\n<td width=\"160\">Nome do produto<\/td>\n<td width=\"590\">Cadeiras de restaurante de ciber-celebridades<\/td>\n<\/tr>\n<tr>\n<td width=\"160\">Op\u00e7\u00f5es de personaliza\u00e7\u00e3o<\/td>\n<td width=\"590\">Estilo\/Cor\/Tamanho\/Material<\/td>\n<\/tr>\n<tr>\n<td width=\"160\">Tabela<\/td>\n<td width=\"590\">Tampo de pedra de quartzo + estrutura de hardware espessado de alta qualidade<\/td>\n<\/tr>\n<tr>\n<td width=\"160\">Cadeira<\/td>\n<td width=\"590\">Estrutura em madeira maci\u00e7a + revestimento em pele Nappa de boa qualidade + esponja de ressalto de alta densidade<\/td>\n<\/tr>\n<tr>\n<td width=\"160\">Cabina<\/td>\n<td width=\"590\">Estrutura em madeira maci\u00e7a multicamadas + revestimento em pele Nappa n\u00e3o agressiva para a pele + esponja de ressalto de alta densidade + estrutura em a\u00e7o inoxid\u00e1vel + divis\u00f3ria em acr\u00edlico<\/td>\n<\/tr>\n<tr>\n<td width=\"160\">Cena de aplica\u00e7\u00e3o<\/td>\n<td width=\"590\">Restaurante\/Restaurante tem\u00e1tico\/Restaurante ocidental<\/td>\n<\/tr>\n<tr>\n<td width=\"160\">Cor<\/td>\n<td width=\"590\">Madeira de nogueira\/verde claro (personaliz\u00e1vel)<\/td>\n<\/tr>\n<tr>\n<td width=\"160\">Material<\/td>\n<td width=\"590\">Pedra de quartzo\/ferragens\/couro\/esponja<\/td>\n<\/tr>\n<tr>\n<td width=\"160\">Estilo<\/td>\n<td width=\"590\">\u00a0Estilo de simplicidade moderna<\/td>\n<\/tr>\n<\/tbody>\n<\/table>\n<p><script src=\"chrome-extension:\/\/fpelahbljekknahkcaegamhcndkfpfnc\/iFrame.js\" type=\"text\/javascript\"><\/script><\/p>\n<p>\n<script src=\"chrome-extension:\/\/fpelahbljekknahkcaegamhcndkfpfnc\/iFrame.js\" type=\"text\/javascript\"><\/script><\/p>","protected":false},"featured_media":779,"comment_status":"closed","ping_status":"closed","template":"","meta":{"_acf_changed":false},"product_brand":[],"product_cat":[24],"product_tag":[],"class_list":{"0":"post-776","1":"product","2":"type-product","3":"status-publish","4":"has-post-thumbnail","6":"product_cat-wholesale-restaurant-furniture","8":"first","9":"instock","10":"shipping-taxable","11":"product-type-simple"},"acf":[],"_links":{"self":[{"href":"https:\/\/www.youmushiguang.com\/pt\/wp-json\/wp\/v2\/product\/776","targetHints":{"allow":["GET"]}}],"collection":[{"href":"https:\/\/www.youmushiguang.com\/pt\/wp-json\/wp\/v2\/product"}],"about":[{"href":"https:\/\/www.youmushiguang.com\/pt\/wp-json\/wp\/v2\/types\/product"}],"replies":[{"embeddable":true,"href":"https:\/\/www.youmushiguang.com\/pt\/wp-json\/wp\/v2\/comments?post=776"}],"wp:featuredmedia":[{"embeddable":true,"href":"https:\/\/www.youmushiguang.com\/pt\/wp-json\/wp\/v2\/media\/779"}],"wp:attachment":[{"href":"https:\/\/www.youmushiguang.com\/pt\/wp-json\/wp\/v2\/media?parent=776"}],"wp:term":[{"taxonomy":"product_brand","embeddable":true,"href":"https:\/\/www.youmushiguang.com\/pt\/wp-json\/wp\/v2\/product_brand?post=776"},{"taxonomy":"product_cat","embeddable":true,"href":"https:\/\/www.youmushiguang.com\/pt\/wp-json\/wp\/v2\/product_cat?post=776"},{"taxonomy":"product_tag","embeddable":true,"href":"https:\/\/www.youmushiguang.com\/pt\/wp-json\/wp\/v2\/product_tag?post=776"}],"curies":[{"name":"wp","href":"https:\/\/api.w.org\/{rel}","templated":true}]}}