{"id":842,"date":"2025-10-14T23:20:53","date_gmt":"2025-10-14T23:20:53","guid":{"rendered":"https:\/\/www.youmushiguang.com\/?post_type=product&#038;p=842"},"modified":"2025-10-17T06:08:49","modified_gmt":"2025-10-17T06:08:49","slug":"wholesale-banquet-hall-furniture","status":"publish","type":"product","link":"https:\/\/www.youmushiguang.com\/pt\/product\/wholesale-banquet-hall-furniture\/","title":{"rendered":"Mobili\u00e1rio de sala de banquetes por atacado, Mesa redonda girat\u00f3ria para hotel"},"content":{"rendered":"<div class=\"wp-block-columns is-layout-flex wp-container-core-columns-is-layout-9d6595d7 wp-block-columns-is-layout-flex\">\n<div class=\"wp-block-column is-layout-flow wp-block-column-is-layout-flow\" style=\"flex-basis:25%\"><\/div>\n\n\n\n<div class=\"wp-block-column is-layout-flow wp-block-column-is-layout-flow\" style=\"flex-basis:50%\">\n<figure class=\"wp-block-image size-full\"><img decoding=\"async\" width=\"750\" height=\"2549\" src=\"https:\/\/www.youmushiguang.com\/wp-content\/uploads\/2025\/10\/banquet-hall-furniture-details-1.webp\" alt=\"pormenores do mobili\u00e1rio para salas de banquetes (1)\" class=\"wp-image-848\" srcset=\"https:\/\/www.youmushiguang.com\/wp-content\/uploads\/2025\/10\/banquet-hall-furniture-details-1.webp 750w, https:\/\/www.youmushiguang.com\/wp-content\/uploads\/2025\/10\/banquet-hall-furniture-details-1-88x300.webp 88w, https:\/\/www.youmushiguang.com\/wp-content\/uploads\/2025\/10\/banquet-hall-furniture-details-1-600x2039.webp 600w\" sizes=\"(max-width: 750px) 100vw, 750px\" \/><\/figure>\n\n\n\n<figure class=\"wp-block-image size-full\"><img decoding=\"async\" width=\"750\" height=\"2908\" src=\"https:\/\/www.youmushiguang.com\/wp-content\/uploads\/2025\/10\/banquet-hall-furniture-details-2.webp\" alt=\"pormenores do mobili\u00e1rio para salas de banquetes (2)\" class=\"wp-image-849\" srcset=\"https:\/\/www.youmushiguang.com\/wp-content\/uploads\/2025\/10\/banquet-hall-furniture-details-2.webp 750w, https:\/\/www.youmushiguang.com\/wp-content\/uploads\/2025\/10\/banquet-hall-furniture-details-2-77x300.webp 77w, https:\/\/www.youmushiguang.com\/wp-content\/uploads\/2025\/10\/banquet-hall-furniture-details-2-600x2326.webp 600w\" sizes=\"(max-width: 750px) 100vw, 750px\" \/><\/figure>\n\n\n\n<figure class=\"wp-block-image size-full\"><img decoding=\"async\" width=\"750\" height=\"2644\" src=\"https:\/\/www.youmushiguang.com\/wp-content\/uploads\/2025\/10\/banquet-hall-furniture-details-3.webp\" alt=\"pormenores do mobili\u00e1rio para salas de banquetes (3)\" class=\"wp-image-850\" srcset=\"https:\/\/www.youmushiguang.com\/wp-content\/uploads\/2025\/10\/banquet-hall-furniture-details-3.webp 750w, https:\/\/www.youmushiguang.com\/wp-content\/uploads\/2025\/10\/banquet-hall-furniture-details-3-85x300.webp 85w, https:\/\/www.youmushiguang.com\/wp-content\/uploads\/2025\/10\/banquet-hall-furniture-details-3-600x2115.webp 600w\" sizes=\"(max-width: 750px) 100vw, 750px\" \/><\/figure>\n\n\n\n<figure class=\"wp-block-image size-full\"><img decoding=\"async\" width=\"750\" height=\"1554\" src=\"https:\/\/www.youmushiguang.com\/wp-content\/uploads\/2025\/10\/banquet-hall-furniture-details-4.webp\" alt=\"pormenores do mobili\u00e1rio para salas de banquetes (4)\" class=\"wp-image-851\" srcset=\"https:\/\/www.youmushiguang.com\/wp-content\/uploads\/2025\/10\/banquet-hall-furniture-details-4.webp 750w, https:\/\/www.youmushiguang.com\/wp-content\/uploads\/2025\/10\/banquet-hall-furniture-details-4-145x300.webp 145w, https:\/\/www.youmushiguang.com\/wp-content\/uploads\/2025\/10\/banquet-hall-furniture-details-4-600x1243.webp 600w\" sizes=\"(max-width: 750px) 100vw, 750px\" \/><\/figure>\n<\/div>\n\n\n\n<div class=\"wp-block-column is-layout-flow wp-block-column-is-layout-flow\" style=\"flex-basis:25%\"><\/div>\n<\/div>","protected":false},"excerpt":{"rendered":"<p>Este elegante conjunto de mesa redonda el\u00e9ctrica e cadeira foi concebido para salas de banquetes ou restaurantes de luxo. A mesa possui um tampo em ard\u00f3sia de elevada dureza, dur\u00e1vel, resistente a riscos e \u00e0 humidade, suportado por uma estrutura de madeira s\u00f3lida e robusta. Tamb\u00e9m possui uma fun\u00e7\u00e3o girat\u00f3ria para refei\u00e7\u00f5es c\u00f3modas para grupos grandes. Dispon\u00edvel numa variedade de di\u00e2metros (de 180 cm a 300 cm), este conjunto \u00e9 adequado para quartos de hotel de diferentes tamanhos.<\/p>\n<h2>Especifica\u00e7\u00f5es do Conjunto de mesa redonda girat\u00f3ria para hotel<\/h2>\n<table style=\"border-collapse: collapse; width: 501.02pt;\" border=\"0\" width=\"668\" cellspacing=\"0\" cellpadding=\"0\">\n<tbody>\n<tr style=\"height: 13.50pt;\">\n<td class=\"et2\" style=\"height: 13.50pt; width: 107.25pt;\" width=\"143\" height=\"18\">Modelo<\/td>\n<td class=\"et3\" style=\"width: 393.75pt;\" width=\"525\">1365<\/td>\n<\/tr>\n<tr style=\"height: 13.50pt;\">\n<td class=\"et2\" style=\"height: 13.50pt; width: 107.25pt;\" width=\"143\" height=\"18\">Categoria<\/td>\n<td class=\"et3\" style=\"width: 393.75pt;\" width=\"525\">Mesa redonda el\u00e9ctrica para hotel<\/td>\n<\/tr>\n<tr style=\"height: 13.50pt;\">\n<td class=\"et2\" style=\"height: 13.50pt; width: 107.25pt;\" width=\"143\" height=\"18\">Nome do produto<\/td>\n<td class=\"et3\" style=\"width: 393.75pt;\" width=\"525\">Mesa redonda grande de madeira maci\u00e7a com lajes de pedra<\/td>\n<\/tr>\n<tr style=\"height: 27.00pt;\">\n<td class=\"et2\" style=\"height: 27.00pt; width: 107.25pt;\" width=\"143\" height=\"36\">Op\u00e7\u00f5es de personaliza\u00e7\u00e3o<\/td>\n<td class=\"et3\" style=\"width: 393.75pt;\" width=\"525\">Estilo\/Cor\/Tamanho\/Material<\/td>\n<\/tr>\n<tr style=\"height: 27.00pt;\">\n<td class=\"et2\" style=\"height: 27.00pt; width: 107.25pt;\" width=\"143\" height=\"36\">Cadeira<\/td>\n<td class=\"et3\" style=\"width: 393.75pt;\" width=\"525\">Corpo da cadeira em madeira maci\u00e7a pura + cobertura em cobre met\u00e1lico + revestimento em pele Nappa ecol\u00f3gica + esponja de ressalto de alta densidade<\/td>\n<\/tr>\n<tr style=\"height: 27.00pt;\">\n<td class=\"et2\" style=\"height: 27.00pt; width: 107.25pt;\" width=\"143\" height=\"36\">Tabela<\/td>\n<td class=\"et3\" style=\"width: 393.75pt;\" width=\"525\">Tampo em ard\u00f3sia + rebordo em madeira maci\u00e7a + estrutura em madeira maci\u00e7a + prato girat\u00f3rio el\u00e9trico incorporado<\/td>\n<\/tr>\n<tr style=\"height: 27.00pt;\">\n<td class=\"et2\" style=\"height: 27.00pt; width: 107.25pt;\" width=\"143\" height=\"36\">Cena de aplica\u00e7\u00e3o<\/td>\n<td class=\"et3\" style=\"width: 393.75pt;\" width=\"525\">Hot\u00e9is\/clubes\/moradias de luxo<\/td>\n<\/tr>\n<tr style=\"height: 13.50pt;\">\n<td class=\"et2\" style=\"height: 13.50pt; width: 107.25pt;\" width=\"143\" height=\"18\">Cor<\/td>\n<td class=\"et3\" style=\"width: 393.75pt;\" width=\"525\">Castanho escuro\/branco (personaliz\u00e1vel)<\/td>\n<\/tr>\n<tr style=\"height: 13.50pt;\">\n<td class=\"et2\" style=\"height: 13.50pt; width: 107.25pt;\" width=\"143\" height=\"18\">Material<\/td>\n<td class=\"et3\" style=\"width: 393.75pt;\" width=\"525\">Madeira maci\u00e7a\/t\u00e1bua de pedra\/metal\/couro\/esponja<\/td>\n<\/tr>\n<tr style=\"height: 13.50pt;\">\n<td class=\"et2\" style=\"height: 13.50pt; width: 107.25pt;\" width=\"143\" height=\"18\">Estilo<\/td>\n<td class=\"et3\" style=\"width: 393.75pt;\" width=\"525\">Novo estilo chin\u00eas<\/td>\n<\/tr>\n<\/tbody>\n<\/table>\n<p><script src=\"chrome-extension:\/\/fpelahbljekknahkcaegamhcndkfpfnc\/iFrame.js\" type=\"text\/javascript\"><\/script><\/p>\n<p>\n<script src=\"chrome-extension:\/\/fpelahbljekknahkcaegamhcndkfpfnc\/iFrame.js\" type=\"text\/javascript\"><\/script><\/p>","protected":false},"featured_media":843,"comment_status":"closed","ping_status":"closed","template":"","meta":{"_acf_changed":false},"product_brand":[],"product_cat":[22],"product_tag":[],"class_list":{"0":"post-842","1":"product","2":"type-product","3":"status-publish","4":"has-post-thumbnail","6":"product_cat-hotel-round-table-set","8":"first","9":"instock","10":"shipping-taxable","11":"product-type-simple"},"acf":[],"_links":{"self":[{"href":"https:\/\/www.youmushiguang.com\/pt\/wp-json\/wp\/v2\/product\/842","targetHints":{"allow":["GET"]}}],"collection":[{"href":"https:\/\/www.youmushiguang.com\/pt\/wp-json\/wp\/v2\/product"}],"about":[{"href":"https:\/\/www.youmushiguang.com\/pt\/wp-json\/wp\/v2\/types\/product"}],"replies":[{"embeddable":true,"href":"https:\/\/www.youmushiguang.com\/pt\/wp-json\/wp\/v2\/comments?post=842"}],"wp:featuredmedia":[{"embeddable":true,"href":"https:\/\/www.youmushiguang.com\/pt\/wp-json\/wp\/v2\/media\/843"}],"wp:attachment":[{"href":"https:\/\/www.youmushiguang.com\/pt\/wp-json\/wp\/v2\/media?parent=842"}],"wp:term":[{"taxonomy":"product_brand","embeddable":true,"href":"https:\/\/www.youmushiguang.com\/pt\/wp-json\/wp\/v2\/product_brand?post=842"},{"taxonomy":"product_cat","embeddable":true,"href":"https:\/\/www.youmushiguang.com\/pt\/wp-json\/wp\/v2\/product_cat?post=842"},{"taxonomy":"product_tag","embeddable":true,"href":"https:\/\/www.youmushiguang.com\/pt\/wp-json\/wp\/v2\/product_tag?post=842"}],"curies":[{"name":"wp","href":"https:\/\/api.w.org\/{rel}","templated":true}]}}